{"id":1525,"date":"2021-02-07T13:27:40","date_gmt":"2021-02-07T12:27:40","guid":{"rendered":"https:\/\/www.quittenbaum.de\/?page_id=1525"},"modified":"2024-12-09T13:14:05","modified_gmt":"2024-12-09T12:14:05","slug":"imprint","status":"publish","type":"page","link":"https:\/\/www.quittenbaum.de\/en\/imprint\/","title":{"rendered":"Imprint"},"content":{"rendered":"\n<h4 class=\"wp-block-heading\">Quittenbaum Kunstauktionen GmbH<\/h4>\n\n\n\n<p>Theresienstrasse 60<br>D-80333 M\u00fcnchen<br>Phone: +49 89 273702125<br>Fax: +49 89 273702122<br>Email: info@quittenbaum.de<br>Internet: www.quittenbaum.de<\/p>\n\n\n\n<p>Pers\u00f6nlich haftender Gesellschafter:<br>Askan Quittenbaum<\/p>\n\n\n\n<p>Vertretungsberechtigter Gesch\u00e4ftsf\u00fchrer:<br>Askan Quittenbaum<\/p>\n\n\n\n<p>Registergericht: Amtsgericht M\u00fcnchen<br>Registernummer: HRB 172005<\/p>\n\n\n\n<p>Umsatzsteuer-Identifikationsnummer gem\u00e4\u00df \u00a7 27 a<br>Umsatzsteuergesetz: DE 221032093<\/p>\n\n\n\n<p>Donner &amp; Reuschel AG, Munich, Germany<br>IBAN: DE 57 2003 0300 0226 8802 00, Swift Code: CHDBDEHHXXX<\/p>\n\n\n\n<p>Hypo Vereinsbank, Munich, Germany<br>IBAN: DE 83 7002 0270 0002 5991 20, Swift Code: HYVEDEMMXXX<\/p>\n\n\n\n<p>Inhaltlich Verantwortlicher gem\u00e4\u00df \u00a7 6 MDStV: Askan Quittenbaum<br>Staff photos: Daniel Kraus Photoworks, <a href=\"danielkrausphotoworks.com\">danielkrausphotoworks.com<\/a><\/p>\n\n\n\n<p><strong>Disclaimer<\/strong><\/p>\n\n\n\n<p>Contents of the Web site<br>Quittenbaum Auctions makes every effort to ensure that the material contained in its web site is current, complete and correct. Despite this errors and mistakes cannot be completely ruled out.<\/p>\n\n\n\n<p>Quittenbaum Auctions does not accept liability for the relevance, accuracy or completeness of the information and material offered in its web site unless the mistake occurred intentionally or through gross negligence. This refers to any loss, additional costs or damage of any kind suffered as a result of any use of any material in this web site.<\/p>\n\n\n\n<p>Copyright<br>The Layout of the Homepage, graphics and pictures used and the collection of individual contributions are protected by copyright.<\/p>\n\n\n\n<p>Quittenbaum Auctions reserves all rights including the rights of photomechanical reproduction, the duplication and distribution via special processes (e.g. data processing, data carriers, data networks).<\/p>\n","protected":false},"excerpt":{"rendered":"<p>Quittenbaum Kunstauktionen GmbH Theresienstrasse 60D-80333 M\u00fcnchenPhone: +49 89 273702125Fax: +49 89 273702122Email: info@quittenbaum.deInternet: www.quittenbaum.de Pers\u00f6nlich haftender Gesellschafter:Askan Quittenbaum Vertretungsberechtigter Gesch\u00e4ftsf\u00fchrer:Askan Quittenbaum Registergericht: Amtsgericht M\u00fcnchenRegisternummer: HRB 172005 Umsatzsteuer-Identifikationsnummer gem\u00e4\u00df \u00a7 27 aUmsatzsteuergesetz: DE 221032093 Donner &amp; Reuschel AG, Munich, GermanyIBAN: DE 57 2003 0300 0226 8802 00, Swift Code: CHDBDEHHXXX Hypo Vereinsbank, Munich, GermanyIBAN: DE 83 [&#8230;]<\/p>\n<p><a class=\"btn btn-ppc understrap-read-more-link\" href=\"https:\/\/www.quittenbaum.de\/en\/imprint\/\">Read More&#8230;<\/a><\/p>\n","protected":false},"author":1,"featured_media":0,"parent":0,"menu_order":0,"comment_status":"closed","ping_status":"closed","template":"page-templates\/fullwidthpage.php","meta":{"footnotes":""},"class_list":["post-1525","page","type-page","status-publish","hentry"],"_links":{"self":[{"href":"https:\/\/www.quittenbaum.de\/en\/wp-json\/wp\/v2\/pages\/1525","targetHints":{"allow":["GET"]}}],"collection":[{"href":"https:\/\/www.quittenbaum.de\/en\/wp-json\/wp\/v2\/pages"}],"about":[{"href":"https:\/\/www.quittenbaum.de\/en\/wp-json\/wp\/v2\/types\/page"}],"author":[{"embeddable":true,"href":"https:\/\/www.quittenbaum.de\/en\/wp-json\/wp\/v2\/users\/1"}],"replies":[{"embeddable":true,"href":"https:\/\/www.quittenbaum.de\/en\/wp-json\/wp\/v2\/comments?post=1525"}],"version-history":[{"count":2,"href":"https:\/\/www.quittenbaum.de\/en\/wp-json\/wp\/v2\/pages\/1525\/revisions"}],"predecessor-version":[{"id":2547,"href":"https:\/\/www.quittenbaum.de\/en\/wp-json\/wp\/v2\/pages\/1525\/revisions\/2547"}],"wp:attachment":[{"href":"https:\/\/www.quittenbaum.de\/en\/wp-json\/wp\/v2\/media?parent=1525"}],"curies":[{"name":"wp","href":"https:\/\/api.w.org\/{rel}","templated":true}]}}