{"id":7076,"date":"2024-02-09T12:11:12","date_gmt":"2024-02-09T11:11:12","guid":{"rendered":"https:\/\/www.quittenbaum.de\/?page_id=7076"},"modified":"2025-06-10T10:52:03","modified_gmt":"2025-06-10T08:52:03","slug":"repraesentanz-duesseldorf-rheinland","status":"publish","type":"page","link":"https:\/\/www.quittenbaum.de\/de\/verkaufen\/repraesentanz-duesseldorf-rheinland\/","title":{"rendered":"Repr\u00e4sentanz D\u00fcsseldorf"},"content":{"rendered":"\n<div style=\"height:30px\" aria-hidden=\"true\" class=\"wp-block-spacer\"><\/div>\n\n\n\n<div class=\"wp-block-cover is-light has-black-color has-text-color has-link-color wp-elements-d29deb1e55bb67358ec116effa671dac\"><img loading=\"lazy\" decoding=\"async\" width=\"1200\" height=\"800\" class=\"wp-block-cover__image-background wp-image-7070\" alt=\"\" src=\"https:\/\/www.quittenbaum.de\/wp-content\/uploads\/2024\/02\/J.Rolfes.Quittenbaum240119.0032.jpg\" data-object-fit=\"cover\" srcset=\"https:\/\/www.quittenbaum.de\/wp-content\/uploads\/2024\/02\/J.Rolfes.Quittenbaum240119.0032.jpg 1200w, https:\/\/www.quittenbaum.de\/wp-content\/uploads\/2024\/02\/J.Rolfes.Quittenbaum240119.0032-300x200.jpg 300w, https:\/\/www.quittenbaum.de\/wp-content\/uploads\/2024\/02\/J.Rolfes.Quittenbaum240119.0032-1024x683.jpg 1024w, https:\/\/www.quittenbaum.de\/wp-content\/uploads\/2024\/02\/J.Rolfes.Quittenbaum240119.0032-768x512.jpg 768w, https:\/\/www.quittenbaum.de\/wp-content\/uploads\/2024\/02\/J.Rolfes.Quittenbaum240119.0032-868x580.jpg 868w\" sizes=\"auto, (max-width: 1200px) 100vw, 1200px\" \/><span aria-hidden=\"true\" class=\"wp-block-cover__background has-white-background-color has-background-dim-40 has-background-dim\"><\/span><div class=\"wp-block-cover__inner-container is-layout-constrained wp-block-cover-is-layout-constrained\">\n<p class=\"has-text-align-center has-black-color has-text-color has-link-color has-large-font-size wp-elements-5516fcbad0e31689b6bcb567e3047078\">Repr\u00e4sentanz D\u00fcsseldorf<\/p>\n<\/div><\/div>\n\n\n\n<div style=\"height:50px\" aria-hidden=\"true\" class=\"wp-block-spacer\"><\/div>\n\n\n<div class=\"wp-bootstrap-blocks-row row\">\n\t\n\n<div class=\"col-12 col-md-6\">\n\t\t\t\n\n<h4 class=\"wp-block-heading\">Besuchen Sie unsere Repr\u00e4sentanz in D\u00fcsseldorf<\/h4>\n\n\n\n<p>Dr. Marcus Oertel wird Sie in Zukunft als Ansprechpartner in unserem neuen Showroom im Herzen der Stadt begr\u00fc\u00dfen und Ihre Anfragen zu Sch\u00e4tzungen und Verkaufsm\u00f6glichkeiten von Kunstwerken und Designobjekten vor Ort beantworten.&nbsp;<\/p>\n\n\n\n<p>Nach Anstellungen in renommierten internationalen Auktionsh\u00e4usern stellt Dr. Marcus Oertel uns nun seine Expertise und langj\u00e4hrige Erfahrung in den Sparten Kunstgewerbe und Kunst zur Verf\u00fcgung. Mit einer Dissertation \u00fcber den Keramiker und Maler Emil Pottner schloss Oertel 2006 sein Studium an der Rheinischen Friedrich-Wilhelms-Universit\u00e4t Bonn ab. Berufliche Stationen in London, Venedig und Amsterdam folgten. Vielen Sammlern und Liebhabern von kunstgewerblichen Objekten und Asiatika wird Dr. Marcus Oertel durch seine langj\u00e4hrige Pr\u00e4senz als Experte in der vom NDR-Sendung \u201aLieb&amp;Teuer\u2018 vertraut sein.&nbsp;<\/p>\n\n\n\n<p><strong>Schwanenmarkt 13<br>40213 D\u00fcsseldorf<\/strong><\/p>\n\n\n\n<p>\u00d6ffnungszeiten:<br>Donnerstag und Freitag 11 bis 18 Uhr<\/p>\n\n\n\n<p><\/p>\n\n\n\n<p><strong>Kontakt:<\/strong><br><a href=\"mailto:m.oertel@quittenbaum.de\">m.oertel@quittenbaum.de<\/a><br>+49 (0)211 &#8211; 82 83 88 00<br>WhatsApp +49 176 63459258<\/p>\n\n\t<\/div>\n\n\n\n<div class=\"col-12 col-md-6\">\n\t\t\t\n\n<figure class=\"wp-block-image size-full\"><img loading=\"lazy\" decoding=\"async\" width=\"7974\" height=\"5317\" src=\"https:\/\/www.quittenbaum.de\/wp-content\/uploads\/2024\/02\/J.Rolfes.Quittenbaum240119.0148.ret3_.jpg\" alt=\"\" class=\"wp-image-7078\" srcset=\"https:\/\/www.quittenbaum.de\/wp-content\/uploads\/2024\/02\/J.Rolfes.Quittenbaum240119.0148.ret3_.jpg 7974w, https:\/\/www.quittenbaum.de\/wp-content\/uploads\/2024\/02\/J.Rolfes.Quittenbaum240119.0148.ret3_-300x200.jpg 300w, https:\/\/www.quittenbaum.de\/wp-content\/uploads\/2024\/02\/J.Rolfes.Quittenbaum240119.0148.ret3_-1024x683.jpg 1024w, https:\/\/www.quittenbaum.de\/wp-content\/uploads\/2024\/02\/J.Rolfes.Quittenbaum240119.0148.ret3_-768x512.jpg 768w, https:\/\/www.quittenbaum.de\/wp-content\/uploads\/2024\/02\/J.Rolfes.Quittenbaum240119.0148.ret3_-1536x1024.jpg 1536w, https:\/\/www.quittenbaum.de\/wp-content\/uploads\/2024\/02\/J.Rolfes.Quittenbaum240119.0148.ret3_-868x580.jpg 868w\" sizes=\"auto, (max-width: 7974px) 100vw, 7974px\" \/><\/figure>\n\n\t<\/div>\n\n<\/div>\n\n\n\n<div style=\"height:50px\" aria-hidden=\"true\" class=\"wp-block-spacer\"><\/div>\n\n\n<div class=\"wp-bootstrap-blocks-row row\">\n\t\n\n<div class=\"col-12 col-md-6\">\n\t\t\t\n\n<figure class=\"wp-block-image size-large\"><img loading=\"lazy\" decoding=\"async\" width=\"1024\" height=\"683\" src=\"https:\/\/www.quittenbaum.de\/wp-content\/uploads\/2024\/02\/J.Rolfes.Quittenbaum240119.0007-1024x683.jpg\" alt=\"\" class=\"wp-image-7081\" srcset=\"https:\/\/www.quittenbaum.de\/wp-content\/uploads\/2024\/02\/J.Rolfes.Quittenbaum240119.0007-1024x683.jpg 1024w, https:\/\/www.quittenbaum.de\/wp-content\/uploads\/2024\/02\/J.Rolfes.Quittenbaum240119.0007-300x200.jpg 300w, https:\/\/www.quittenbaum.de\/wp-content\/uploads\/2024\/02\/J.Rolfes.Quittenbaum240119.0007-768x512.jpg 768w, https:\/\/www.quittenbaum.de\/wp-content\/uploads\/2024\/02\/J.Rolfes.Quittenbaum240119.0007-868x580.jpg 868w, https:\/\/www.quittenbaum.de\/wp-content\/uploads\/2024\/02\/J.Rolfes.Quittenbaum240119.0007.jpg 1200w\" sizes=\"auto, (max-width: 1024px) 100vw, 1024px\" \/><\/figure>\n\n\t<\/div>\n\n\n\n<div class=\"col-12 col-md-6\">\n\t\t\t\n\n<h2 class=\"wp-block-heading\">Sch\u00e4tzungstage<\/h2>\n\n\n\n<p>Wir laden regelm\u00e4\u00dfig zu unseren Sch\u00e4tzungstagen ein. <br>Treffen Sie unsere Experten pers\u00f6nlich und lassen Sie Ihre Kunstwerke kostenfrei und unverbindlich begutachten. <\/p>\n\n\n\n<p>Unsere Sch\u00e4tzungstage finden in unseren R\u00e4umlichkeiten in D\u00fcsseldorf und M\u00fcnchen statt.<\/p>\n\n\n\n<div class=\"wp-block-buttons is-layout-flex wp-block-buttons-is-layout-flex\">\n<div class=\"wp-block-button\"><a class=\"wp-block-button__link has-black-color has-text-color has-link-color wp-element-button\" href=\"https:\/\/www.quittenbaum.de\/de\/termine\/schaetzungstage\/\">Zu den Terminen<svg xmlns=\"http:\/\/www.w3.org\/2000\/svg\" height=\"903.5155\" width=\"784.68573\" version=\"1.1\" viewBox=\"0 0 784.68573 903.5155\" id=\"svg2\"><g transform=\"rotate(-29.836465,228.90704,841.06274)\" id=\"g827\"><g id=\"g818\"><path class=\"triangle-svg\" d=\"M 2.4743595,780.10472 H 901.47436\" id=\"path2997\" \/><path class=\"triangle-svg\" d=\"m 452.46439,2.0247035 449.5,778.5609765\" id=\"path2997-4\" \/><path class=\"triangle-svg\" d=\"M 451.51435,2.0247035 2.0143504,780.58568\" id=\"path2997-4-5\" \/><\/g><path class=\"triangle-svg\" d=\"m 8.6677225,775.98837 c 0,-2.20985 442.0724275,-766.6153281 443.3504475,-766.6153281 1.26583,0 443.38324,764.4588581 443.38324,766.6475881 0,0.54998 -199.51508,0.99996 -443.36685,0.99996 -243.85176,0 -443.3668375,-0.46449 -443.3668375,-1.03222 z\" id=\"path820\" \/><\/g><\/svg><\/a> <\/div>\n<\/div>\n\n\t<\/div>\n\n<\/div>\n","protected":false},"excerpt":{"rendered":"<p> [&#8230;]<\/p>\n<p><a class=\"btn btn-ppc understrap-read-more-link\" href=\"https:\/\/www.quittenbaum.de\/de\/verkaufen\/repraesentanz-duesseldorf-rheinland\/\">Weiterlesen&#8230;<\/a><\/p>\n","protected":false},"author":3,"featured_media":0,"parent":66,"menu_order":0,"comment_status":"closed","ping_status":"closed","template":"page-templates\/fullwidthpage.php","meta":{"footnotes":""},"class_list":["post-7076","page","type-page","status-publish","hentry"],"_links":{"self":[{"href":"https:\/\/www.quittenbaum.de\/de\/wp-json\/wp\/v2\/pages\/7076","targetHints":{"allow":["GET"]}}],"collection":[{"href":"https:\/\/www.quittenbaum.de\/de\/wp-json\/wp\/v2\/pages"}],"about":[{"href":"https:\/\/www.quittenbaum.de\/de\/wp-json\/wp\/v2\/types\/page"}],"author":[{"embeddable":true,"href":"https:\/\/www.quittenbaum.de\/de\/wp-json\/wp\/v2\/users\/3"}],"replies":[{"embeddable":true,"href":"https:\/\/www.quittenbaum.de\/de\/wp-json\/wp\/v2\/comments?post=7076"}],"version-history":[{"count":29,"href":"https:\/\/www.quittenbaum.de\/de\/wp-json\/wp\/v2\/pages\/7076\/revisions"}],"predecessor-version":[{"id":8508,"href":"https:\/\/www.quittenbaum.de\/de\/wp-json\/wp\/v2\/pages\/7076\/revisions\/8508"}],"up":[{"embeddable":true,"href":"https:\/\/www.quittenbaum.de\/de\/wp-json\/wp\/v2\/pages\/66"}],"wp:attachment":[{"href":"https:\/\/www.quittenbaum.de\/de\/wp-json\/wp\/v2\/media?parent=7076"}],"curies":[{"name":"wp","href":"https:\/\/api.w.org\/{rel}","templated":true}]}}