{"id":7058,"date":"2024-02-09T12:10:00","date_gmt":"2024-02-09T11:10:00","guid":{"rendered":"https:\/\/www.quittenbaum.de\/?page_id=7058"},"modified":"2026-05-13T12:52:51","modified_gmt":"2026-05-13T10:52:51","slug":"schaetzungstage","status":"publish","type":"page","link":"https:\/\/www.quittenbaum.de\/de\/termine\/schaetzungstage\/","title":{"rendered":"Sch\u00e4tzungstage"},"content":{"rendered":"<div class=\"wp-bootstrap-blocks-row row\">\n\t\n\n<div class=\"col-12 col-md-6\">\n\t\t\t\n\n<figure class=\"wp-block-image size-full\"><img loading=\"lazy\" decoding=\"async\" width=\"533\" height=\"800\" src=\"https:\/\/www.quittenbaum.de\/wp-content\/uploads\/2022\/02\/13_441-A-C-SSKopie-1.jpg\" alt=\"\" class=\"wp-image-4619\" srcset=\"https:\/\/www.quittenbaum.de\/wp-content\/uploads\/2022\/02\/13_441-A-C-SSKopie-1.jpg 533w, https:\/\/www.quittenbaum.de\/wp-content\/uploads\/2022\/02\/13_441-A-C-SSKopie-1-200x300.jpg 200w, https:\/\/www.quittenbaum.de\/wp-content\/uploads\/2022\/02\/13_441-A-C-SSKopie-1-512x768.jpg 512w\" sizes=\"auto, (max-width: 533px) 100vw, 533px\" \/><\/figure>\n\n\t<\/div>\n\n\n\n<div class=\"col-12 col-md-6\">\n\t\t\t\n\n<h2 class=\"wp-block-heading\">Treffen Sie unsere Experten in M\u00fcnchen<\/h2>\n\n\n\n<p>Wir veranstalten regelm\u00e4\u00dfig Sch\u00e4tzungstage in unseren R\u00e4umlichkeiten in D\u00fcsseldorf und M\u00fcnchen. Unsere Experten begutachten Ihre Kunstwerke kostenlos und unverbindlich.<\/p>\n\n\n\n<p>Gerne stehen wir auch f\u00fcr individuelle Beratung nach Terminabsprache zur Verf\u00fcgung. <\/p>\n\n\n\n<p>Kontaktieren Sie uns unter + 49 (0)89 \u2013 27 37 02 10 oder schreiben eine E-Mail an:&nbsp;<a href=\"mailto:info@quittenbaum.de\">info@quittenbaum.de<\/a><\/p>\n\n\t<\/div>\n\n<\/div>\n\n\n\n<div style=\"height:30px\" aria-hidden=\"true\" class=\"wp-block-spacer\"><\/div>\n\n\n<div class=\"wp-bootstrap-blocks-row row\">\n\t\n\n<div class=\"col-12 col-md-6\">\n\t\t\t\n\n<h2 class=\"wp-block-heading\">Sch\u00e4tzungstage &#8211; M\u00fcnchen<\/h2>\n\n\n\n<h4 class=\"wp-block-heading\">Freitag, den 12. Juni 2026<br>10 &#8211; 18 Uhr<\/h4>\n\n\n\n<h4 class=\"wp-block-heading\">Theresienstr. 60<br>80333 M\u00fcnchen<\/h4>\n\n\n\n<p>Kontakt:<br><a href=\"mailto:info@quittenbaum.de\">info@quittenbaum.de<\/a><br>Tel.: +49 (0)89 \u2013 27 37 02 10<\/p>\n\n\t<\/div>\n\n\n\n<div class=\"col-12 col-md-6\">\n\t\t\t\n\n<figure class=\"wp-block-image size-full\"><img loading=\"lazy\" decoding=\"async\" width=\"1200\" height=\"800\" src=\"https:\/\/www.quittenbaum.de\/wp-content\/uploads\/2024\/02\/Muenchen-Innen.jpg\" alt=\"\" class=\"wp-image-7073\" srcset=\"https:\/\/www.quittenbaum.de\/wp-content\/uploads\/2024\/02\/Muenchen-Innen.jpg 1200w, https:\/\/www.quittenbaum.de\/wp-content\/uploads\/2024\/02\/Muenchen-Innen-300x200.jpg 300w, https:\/\/www.quittenbaum.de\/wp-content\/uploads\/2024\/02\/Muenchen-Innen-1024x683.jpg 1024w, https:\/\/www.quittenbaum.de\/wp-content\/uploads\/2024\/02\/Muenchen-Innen-768x512.jpg 768w, https:\/\/www.quittenbaum.de\/wp-content\/uploads\/2024\/02\/Muenchen-Innen-868x580.jpg 868w\" sizes=\"auto, (max-width: 1200px) 100vw, 1200px\" \/><\/figure>\n\n\t<\/div>\n\n<\/div>\n\n\n\n<div style=\"height:30px\" aria-hidden=\"true\" class=\"wp-block-spacer\"><\/div>\n\n\n<div class=\"wp-bootstrap-blocks-row row\">\n\t\n\n<div class=\"col-12 col-md-6\">\n\t\t\t\n\n<h2 class=\"wp-block-heading\">Sch\u00e4tzungstage &#8211; D\u00fcsseldorf<br><br>Dienstag, den 14. April 2026<br>12 &#8211; 18 Uhr<\/h2>\n\n\n\n<h4 class=\"wp-block-heading\">Schwanenmarkt 13<br>40213 D\u00fcsseldorf<\/h4>\n\n\n\n<p>Kontakt:<br><a href=\"mailto:info@quittenbaum.de\">info@quittenbaum.de<\/a><br>Tel.: +49 (0)89 \u2013 27 37 02 10<\/p>\n\n\t<\/div>\n\n\n\n<div class=\"col-12 col-md-6\">\n\t\t\t\n\n<figure class=\"wp-block-image size-full\"><img loading=\"lazy\" decoding=\"async\" width=\"1200\" height=\"800\" src=\"https:\/\/www.quittenbaum.de\/wp-content\/uploads\/2024\/02\/J.Rolfes.Quittenbaum240119.0032.jpg\" alt=\"\" class=\"wp-image-7070\" srcset=\"https:\/\/www.quittenbaum.de\/wp-content\/uploads\/2024\/02\/J.Rolfes.Quittenbaum240119.0032.jpg 1200w, https:\/\/www.quittenbaum.de\/wp-content\/uploads\/2024\/02\/J.Rolfes.Quittenbaum240119.0032-300x200.jpg 300w, https:\/\/www.quittenbaum.de\/wp-content\/uploads\/2024\/02\/J.Rolfes.Quittenbaum240119.0032-1024x683.jpg 1024w, https:\/\/www.quittenbaum.de\/wp-content\/uploads\/2024\/02\/J.Rolfes.Quittenbaum240119.0032-768x512.jpg 768w, https:\/\/www.quittenbaum.de\/wp-content\/uploads\/2024\/02\/J.Rolfes.Quittenbaum240119.0032-868x580.jpg 868w\" sizes=\"auto, (max-width: 1200px) 100vw, 1200px\" \/><\/figure>\n\n\t<\/div>\n\n<\/div>\n","protected":false},"excerpt":{"rendered":"<p> [&#8230;]<\/p>\n<p><a class=\"btn btn-ppc understrap-read-more-link\" href=\"https:\/\/www.quittenbaum.de\/de\/termine\/schaetzungstage\/\">Weiterlesen&#8230;<\/a><\/p>\n","protected":false},"author":3,"featured_media":0,"parent":101,"menu_order":0,"comment_status":"closed","ping_status":"closed","template":"page-templates\/fullwidthpage.php","meta":{"footnotes":""},"class_list":["post-7058","page","type-page","status-publish","hentry"],"_links":{"self":[{"href":"https:\/\/www.quittenbaum.de\/de\/wp-json\/wp\/v2\/pages\/7058","targetHints":{"allow":["GET"]}}],"collection":[{"href":"https:\/\/www.quittenbaum.de\/de\/wp-json\/wp\/v2\/pages"}],"about":[{"href":"https:\/\/www.quittenbaum.de\/de\/wp-json\/wp\/v2\/types\/page"}],"author":[{"embeddable":true,"href":"https:\/\/www.quittenbaum.de\/de\/wp-json\/wp\/v2\/users\/3"}],"replies":[{"embeddable":true,"href":"https:\/\/www.quittenbaum.de\/de\/wp-json\/wp\/v2\/comments?post=7058"}],"version-history":[{"count":35,"href":"https:\/\/www.quittenbaum.de\/de\/wp-json\/wp\/v2\/pages\/7058\/revisions"}],"predecessor-version":[{"id":9246,"href":"https:\/\/www.quittenbaum.de\/de\/wp-json\/wp\/v2\/pages\/7058\/revisions\/9246"}],"up":[{"embeddable":true,"href":"https:\/\/www.quittenbaum.de\/de\/wp-json\/wp\/v2\/pages\/101"}],"wp:attachment":[{"href":"https:\/\/www.quittenbaum.de\/de\/wp-json\/wp\/v2\/media?parent=7058"}],"curies":[{"name":"wp","href":"https:\/\/api.w.org\/{rel}","templated":true}]}}