{"id":68,"date":"2020-07-09T10:49:11","date_gmt":"2020-07-09T08:49:11","guid":{"rendered":"https:\/\/www.quittenbaum.de\/?page_id=68"},"modified":"2024-06-03T12:38:55","modified_gmt":"2024-06-03T10:38:55","slug":"infos-fuer-einlieferer","status":"publish","type":"page","link":"https:\/\/www.quittenbaum.de\/de\/verkaufen\/infos-fuer-einlieferer\/","title":{"rendered":"Infos f\u00fcr Einlieferer"},"content":{"rendered":"\n<h2 class=\"wp-block-heading\" id=\"design-und-kunst-verkaufen-bei-quittenbaum\">Design und Kunst verkaufen bei Quittenbaum<\/h2>\n\n\n\n<p>Unser Team von Expertinnen und Experten betreut Sie mit Sachkenntnis und Engagement, wenn es darum geht, Ihre Kunst zu verkaufen. Nehmen Sie Kontakt mit uns auf, zum Beispiel per E-mail an <a href=\"mailto:info@quittenbaum.de\">info@quittenbaum.de<\/a> oder per WhatsApp unter +49 176 82119989 oder wenden Sie sich direkt an die entsprechenden <a href=\"https:\/\/www.quittenbaum.de\/de\/verkaufen\/experten\/\">Experten<\/a>. Wir erkl\u00e4ren Ihnen die n\u00f6tigen Schritte bis zum Tag der Auktion und der Ausbezahlung des Erl\u00f6ses.<\/p>\n\n\n\n<p>Anhand von aussagekr\u00e4ftigen Fotos k\u00f6nnen wir schnell und unkompliziert einsch\u00e4tzen, f\u00fcr welche Auktion Ihre Kunstwerke, M\u00f6bel oder Schmuckst\u00fccke in Frage kommen. Eine erste Bewertung der Objekte ist kostenlos und unverbindlich.  <\/p>\n\n\n\n<div style=\"height:30px\" aria-hidden=\"true\" class=\"wp-block-spacer\"><\/div>\n\n\n<div class=\"wp-bootstrap-blocks-row row\">\n\t\n\n<div class=\"col-12 col-lg-4\">\n\t\t\t<div class=\"h-100 bg-quittenbaum-fourth p-5\">\n\t\t\t\n\n<figure class=\"wp-block-image size-full is-style-default\"><img loading=\"lazy\" decoding=\"async\" width=\"700\" height=\"1000\" src=\"https:\/\/www.quittenbaum.de\/wp-content\/uploads\/2022\/02\/Kommunikation.jpg\" alt=\"\" class=\"wp-image-4630\" srcset=\"https:\/\/www.quittenbaum.de\/wp-content\/uploads\/2022\/02\/Kommunikation.jpg 700w, https:\/\/www.quittenbaum.de\/wp-content\/uploads\/2022\/02\/Kommunikation-210x300.jpg 210w, https:\/\/www.quittenbaum.de\/wp-content\/uploads\/2022\/02\/Kommunikation-538x768.jpg 538w\" sizes=\"auto, (max-width: 700px) 100vw, 700px\" \/><\/figure>\n\n\n\n<h4 class=\"wp-block-heading has-text-align-center\" id=\"kommunikation\">Kommunikation<\/h4>\n\n\n\n<p class=\"has-text-align-center\">Ein professionelles Team steht Ihnen von der Einlieferung Ihrer Kunstgegenst\u00e4nde bis hin zur Auktion und der Auszahlung Ihres Erl\u00f6ses zur Seite. <a href=\"mailto:info@quittenbaum.de\">&gt;&gt;Kundenservice<\/a><\/p>\n\n\t\t<\/div>\n\t<\/div>\n\n\n\n<div class=\"col-12 col-lg-4\">\n\t\t\t<div class=\"h-100 bg-quittenbaum-fourth p-5\">\n\t\t\t\n\n<figure class=\"wp-block-image size-full is-style-default\"><img loading=\"lazy\" decoding=\"async\" width=\"700\" height=\"1000\" src=\"https:\/\/www.quittenbaum.de\/wp-content\/uploads\/2021\/12\/Marketing.jpg\" alt=\"\" class=\"wp-image-3832\" srcset=\"https:\/\/www.quittenbaum.de\/wp-content\/uploads\/2021\/12\/Marketing.jpg 700w, https:\/\/www.quittenbaum.de\/wp-content\/uploads\/2021\/12\/Marketing-210x300.jpg 210w, https:\/\/www.quittenbaum.de\/wp-content\/uploads\/2021\/12\/Marketing-538x768.jpg 538w\" sizes=\"auto, (max-width: 700px) 100vw, 700px\" \/><\/figure>\n\n\n\n<h4 class=\"wp-block-heading has-text-align-center\" id=\"marketing\">Marketing<\/h4>\n\n\n\n<p class=\"has-text-align-center\">Wir sorgen daf\u00fcr, dass Ihre Werke weltweit gesehen werden \u00fcber unsere Website, Social Media und hochwertige, gedruckte Kataloge, die wir einem gro\u00dfen Kundenstamm zuschicken.<\/p>\n\n\t\t<\/div>\n\t<\/div>\n\n\n\n<div class=\"col-12 col-lg-4\">\n\t\t\t<div class=\"h-100 bg-quittenbaum-fourth p-5\">\n\t\t\t\n\n<figure class=\"wp-block-image size-full is-style-default\"><img loading=\"lazy\" decoding=\"async\" width=\"700\" height=\"1000\" src=\"https:\/\/www.quittenbaum.de\/wp-content\/uploads\/2021\/12\/Telefon.jpg\" alt=\"\" class=\"wp-image-3836\" srcset=\"https:\/\/www.quittenbaum.de\/wp-content\/uploads\/2021\/12\/Telefon.jpg 700w, https:\/\/www.quittenbaum.de\/wp-content\/uploads\/2021\/12\/Telefon-210x300.jpg 210w, https:\/\/www.quittenbaum.de\/wp-content\/uploads\/2021\/12\/Telefon-538x768.jpg 538w\" sizes=\"auto, (max-width: 700px) 100vw, 700px\" \/><\/figure>\n\n\n\n<h4 class=\"wp-block-heading has-text-align-center\" id=\"verkauf\">Verkauf<\/h4>\n\n\n\n<p class=\"has-text-align-center\">Gr\u00f6\u00dftm\u00f6gliche Freiheit bieten wir unseren Kunden beim Online-Bieten \u00fcber unsere eigene Website oder \u00fcber diverse Online- Plattformen wie liveauctioneers.com.<\/p>\n\n\t\t<\/div>\n\t<\/div>\n\n<\/div>\n\n\n\n<div style=\"height:50px\" aria-hidden=\"true\" class=\"wp-block-spacer\"><\/div>\n\n\n\n<div style=\"height:50px\" aria-hidden=\"true\" class=\"wp-block-spacer\"><\/div>\n\n\n\n<div class=\"wp-block-pb-accordion-item c-accordion__item js-accordion-item no-js\" data-initially-open=\"false\" data-click-to-close=\"true\" data-auto-close=\"true\" data-scroll=\"true\" data-scroll-offset=\"80\"><h4 id=\"at-680\" class=\"c-accordion__title js-accordion-controller\" role=\"button\">Einlieferung und Vertrag<\/h4><div id=\"ac-680\" class=\"c-accordion__content\">\n<p>Wir nehmen Ihre Objekte bis acht Wochen vor dem geplanten Auktionstermin an. Wenn Sie nicht pers\u00f6nlich einliefern k\u00f6nnen, ist eine Postzusendung nach vorheriger Absprache m\u00f6glich. Bei umfangreichen Sammlungen organisieren wir auf Wunsch den Transport nach M\u00fcnchen. <\/p>\n\n\n\n<p>In dem Versteigerungsvertrag, den Sie mit Quittenbaum schlie\u00dfen, vereinbaren Sie einen verbindlichen Mindestpreis, das Limit, unter dem die jeweiligen Kunstobjekte nicht verkauft werden. Das Limit kann dem unteren Sch\u00e4tzpreis entsprechen oder darunter liegen, es wird nicht ver\u00f6ffentlicht. Au\u00dferdem stimmen Sie den Geb\u00fchren zu, die bei Einlieferung anfallen und die bei Verkauf erhoben werden.<\/p>\n<\/div><\/div>\n\n\n\n<div class=\"wp-block-pb-accordion-item c-accordion__item js-accordion-item no-js\" data-initially-open=\"false\" data-click-to-close=\"true\" data-auto-close=\"true\" data-scroll=\"true\" data-scroll-offset=\"80\"><h4 id=\"at-681\" class=\"c-accordion__title js-accordion-controller\" role=\"button\">Kosten f\u00fcr den Einlieferer<\/h4><div id=\"ac-681\" class=\"c-accordion__content\">\n<p>Die Versicherung f\u00fcr jedes eingelieferte Objekt bel\u00e4uft sich auf 1,5% des Bruttolimits (plus 19% MwSt.). Pro Objekt berechnen wir eine Pauschale f\u00fcr Fotografie, Internetpr\u00e4sentation und Bearbeitung von \u20ac 50 (plus 19% MwSt.) <\/p>\n\n\n\n<p>Die Provision ist abh\u00e4ngig vom Zuschlagspreis des Gegenstandes:<\/p>\n\n\n\n<ul class=\"wp-block-list\">\n<li>Zuschlag bis&nbsp; \u20ac 2000 &#8211; Provision 25%<\/li>\n\n\n\n<li>Zuschlag von \u20ac 2001 &#8211; \u20ac 5000 &#8211; Provision 20%<\/li>\n\n\n\n<li>Zuschlag ab&nbsp;&nbsp; \u20ac 5001 &#8211; Provision 15%<\/li>\n<\/ul>\n<\/div><\/div>\n\n\n\n<div class=\"wp-block-pb-accordion-item c-accordion__item js-accordion-item no-js\" data-initially-open=\"false\" data-click-to-close=\"true\" data-auto-close=\"true\" data-scroll=\"true\" data-scroll-offset=\"80\"><h4 id=\"at-682\" class=\"c-accordion__title js-accordion-controller\" role=\"button\">Auktion und Auszahlung<\/h4><div id=\"ac-682\" class=\"c-accordion__content\">\n<p>Sie k\u00f6nnen den Verlauf der Auktion bei uns im Haus oder online \u00fcber die Internetportale liveauctioneers, invaluable oder auf unserer eigenen Bieterplattform &#8218;Quittenbaum Live&#8216; verfolgen. Die Ergebnislisten ver\u00f6ffentlichen wir am Tag nach der Auktion auf unserer Homepage.<\/p>\n\n\n\n<p>Sechs Wochen nach der Auktion zahlen wir den Erl\u00f6s Ihrer Objekte abz\u00fcglich der Provision gem\u00e4\u00df der Abrechnung per \u00dcberweisung, Scheck oder in Bar an Sie aus.<\/p>\n<\/div><\/div>\n\n\n\n<div class=\"wp-block-pb-accordion-item c-accordion__item js-accordion-item no-js\" data-initially-open=\"false\" data-click-to-close=\"true\" data-auto-close=\"true\" data-scroll=\"true\" data-scroll-offset=\"80\"><h4 id=\"at-683\" class=\"c-accordion__title js-accordion-controller\" role=\"button\">Nachverkauf<\/h4><div id=\"ac-683\" class=\"c-accordion__content\">\n<p>Objekte, die am Auktionstag nicht verkauft wurden, bieten wir vier Wochen lang im so genannten Nachverkauf zum Limitpreis zuz\u00fcglich des Aufgeldes plus MwSt. an. <\/p>\n<\/div><\/div>\n\n\n\n<div class=\"wp-block-pb-accordion-item c-accordion__item js-accordion-item no-js\" data-initially-open=\"false\" data-click-to-close=\"true\" data-auto-close=\"true\" data-scroll=\"true\" data-scroll-offset=\"80\"><h4 id=\"at-684\" class=\"c-accordion__title js-accordion-controller\" role=\"button\">Unverkaufte Objekte<\/h4><div id=\"ac-684\" class=\"c-accordion__content\">\n<p>Unverkaufte Objekte, so genannte Restanten, m\u00fcssen vom Einlieferer nach Beendigung des Nachverkaufs wieder abgeholt werden. Bei der Organisation der R\u00fccklieferung sind wir Ihnen gerne behilflich. Bitte setzen Sie sich zeitnah nach der Auktion mit uns in Verbindung.<\/p>\n\n\n\n<p>Die Abholung der unverkauften Objekte muss 10 Werktage nach Ablauf des Nachverkaufes erfolgen. Erfolgt keine Abholung, k\u00f6nnen die Gegenst\u00e4nde auf Kosten des Einlieferers bei einer Spedition eingelagert werden. F\u00fcr Objekte, die im Lager des Auktionshauses untergebracht werden, wird eine Geb\u00fchr von 10,- Euro pro Woche pro Objekt erhoben. <\/p>\n\n\n\n<p>Manchmal ist es sinnvoll, ein unverkauftes Kunstwerk in eine der n\u00e4chsten Auktionen zu \u00fcbernehmen und noch einmal anzubieten. Dies geschieht nach Absprache mit den Expertinnen und Experten.<\/p>\n<\/div><\/div>\n\n\n\n<div class=\"wp-block-pb-accordion-item c-accordion__item js-accordion-item no-js\" data-initially-open=\"false\" data-click-to-close=\"true\" data-auto-close=\"true\" data-scroll=\"true\" data-scroll-offset=\"80\"><h4 id=\"at-685\" class=\"c-accordion__title js-accordion-controller\" role=\"button\">Kontakt<\/h4><div id=\"ac-685\" class=\"c-accordion__content\">\n<p>Wenden Sie sich an unsere Experten. Sie finden eine Liste der Kontaktpersonen <a href=\"https:\/\/www.quittenbaum.de\/de\/verkaufen\/experten\/\">hier<\/a>.<\/p>\n\n\n\n<p>Oder kontaktieren Sie unseren Kundenservice:<br><span class=\"address-prefix\">E-Mail: <\/span><a href=\"#\" class=\"cryptedmail\" data-name=\"info\" data-domain=\"quittenbaum\" data-tld=\"de\" onclick=\"window.location.href = 'mailto:' + this.dataset.name + '@' + this.dataset.domain + '.' + this.dataset.tld; return false;\"><\/a><br><span class=\"address-prefix\">Phone: <\/span><a class=\"customer-phone\" href=\"tel:+4989273702125\">+49 (0)89 273702125<\/a><\/p>\n\n\n\n<p>Der Showroom in der Theresienstr. 60 ist ge\u00f6ffnet: Die &#8211; Fr von 10 bis 13 und 15 bis 18 Uhr.<\/p>\n<\/div><\/div>\n\n\n\n<div style=\"height:100px\" aria-hidden=\"true\" class=\"wp-block-spacer\"><\/div>\n\n\n\n<div class=\"wp-block-cover has-fullwidth is-light has-fullwidth\"><span aria-hidden=\"true\" class=\"wp-block-cover__background has-background-dim-100 has-background-dim\" style=\"background-color:#f1f1f1\"><\/span><div class=\"wp-block-cover__inner-container is-layout-flow wp-block-cover-is-layout-flow\"><div class=\"wp-bootstrap-blocks-container container mb-2\">\n\t\n<div class=\"wp-bootstrap-blocks-row row\">\n\t\n\n<div class=\"col-12 col-md-6\">\n\t\t\t\n\n<h4 class=\"wp-block-heading\" id=\"personliche-beratung-und-schatzung\">Pers\u00f6nliche Beratung und Sch\u00e4tzung<\/h4>\n\n\n\n<p>Treten Sie mit uns in Kontakt. Unsere Experten teilen Ihnen mit, f\u00fcr welche Auktion ihre Kunstobjekte in Frage kommen und welchen Erl\u00f6s Sie erwarten k\u00f6nnen. Unsere Sch\u00e4tzungen sind immer kostenlos.<\/p>\n\n\n\n<p>Schicken Sie uns aussagekr\u00e4ftige Farbfotos per E-mail oder Post. Hilfreich sind zus\u00e4tzliche Informationen zu Gr\u00f6\u00dfe, Material oder zur Provenienz. Die Bearbeitung Ihrer Anfrage kann manchmal einige Tage in Anspruch nehmen.<\/p>\n\n\n\n<p>Machen Sie einen&nbsp;Termin&nbsp;aus, wenn Sie eine Begutachtung im Auktionshaus in M\u00fcnchen w\u00fcnschen, damit gehen Sie sicher, dass Sie den richtigen Experten oder die richtige Expertin f\u00fcr Ihre Fragen treffen.<\/p>\n\n\n\n<p>Wir besuchen Sie gerne pers\u00f6nlich. Mehrmals im Jahr reisen unsere Experten durch Deutschland, nach \u00d6sterreich und Italien. <\/p>\n\n\n\n<div class=\"wp-block-buttons is-layout-flex wp-block-buttons-is-layout-flex\">\n<div class=\"wp-block-button\"><a class=\"wp-block-button__link has-black-color has-text-color wp-element-button\" href=\"https:\/\/www.quittenbaum.de\/de\/termine\/expertenreisen\/\">Aktuelle Reisetermine<svg xmlns=\"http:\/\/www.w3.org\/2000\/svg\" height=\"903.5155\" width=\"784.68573\" version=\"1.1\" viewBox=\"0 0 784.68573 903.5155\" id=\"svg2\"><g transform=\"rotate(-29.836465,228.90704,841.06274)\" id=\"g827\"><g id=\"g818\"><path class=\"triangle-svg\" d=\"M 2.4743595,780.10472 H 901.47436\" id=\"path2997\" \/><path class=\"triangle-svg\" d=\"m 452.46439,2.0247035 449.5,778.5609765\" id=\"path2997-4\" \/><path class=\"triangle-svg\" d=\"M 451.51435,2.0247035 2.0143504,780.58568\" id=\"path2997-4-5\" \/><\/g><path class=\"triangle-svg\" d=\"m 8.6677225,775.98837 c 0,-2.20985 442.0724275,-766.6153281 443.3504475,-766.6153281 1.26583,0 443.38324,764.4588581 443.38324,766.6475881 0,0.54998 -199.51508,0.99996 -443.36685,0.99996 -243.85176,0 -443.3668375,-0.46449 -443.3668375,-1.03222 z\" id=\"path820\" \/><\/g><\/svg><\/a> <\/div>\n<\/div>\n\n\n\n<p><\/p>\n\n\t<\/div>\n\n\n\n<div class=\"col-12 col-md-6\">\n\t\t\t\n\n<figure class=\"wp-block-image size-large\"><img loading=\"lazy\" decoding=\"async\" width=\"827\" height=\"551\" src=\"https:\/\/www.quittenbaum.de\/wp-content\/uploads\/2021\/01\/AN_1703_A-Kopie.jpg\" alt=\"\" class=\"wp-image-423\" srcset=\"https:\/\/www.quittenbaum.de\/wp-content\/uploads\/2021\/01\/AN_1703_A-Kopie.jpg 827w, https:\/\/www.quittenbaum.de\/wp-content\/uploads\/2021\/01\/AN_1703_A-Kopie-300x200.jpg 300w, https:\/\/www.quittenbaum.de\/wp-content\/uploads\/2021\/01\/AN_1703_A-Kopie-768x512.jpg 768w\" sizes=\"auto, (max-width: 827px) 100vw, 827px\" \/><figcaption class=\"wp-element-caption\">Askan Quittenbaum, Arthur Floss<\/figcaption><\/figure>\n\n\t<\/div>\n\n<\/div>\n\n<\/div>\n\n\n\n<p><\/p>\n<\/div><\/div>\n","protected":false},"excerpt":{"rendered":"<p>Design und Kunst verkaufen bei Quittenbaum Unser Team von Expertinnen und Experten betreut Sie mit Sachkenntnis und Engagement, wenn es darum geht, Ihre Kunst zu verkaufen. Nehmen Sie Kontakt mit uns auf, zum Beispiel per E-mail an info@quittenbaum.de oder per WhatsApp unter +49 176 82119989 oder wenden Sie sich direkt an die entsprechenden Experten. Wir [&#8230;]<\/p>\n<p><a class=\"btn btn-ppc understrap-read-more-link\" href=\"https:\/\/www.quittenbaum.de\/de\/verkaufen\/infos-fuer-einlieferer\/\">Weiterlesen&#8230;<\/a><\/p>\n","protected":false},"author":1,"featured_media":1007,"parent":66,"menu_order":0,"comment_status":"closed","ping_status":"closed","template":"page-templates\/fullwidthpage.php","meta":{"footnotes":""},"class_list":["post-68","page","type-page","status-publish","has-post-thumbnail","hentry"],"_links":{"self":[{"href":"https:\/\/www.quittenbaum.de\/de\/wp-json\/wp\/v2\/pages\/68","targetHints":{"allow":["GET"]}}],"collection":[{"href":"https:\/\/www.quittenbaum.de\/de\/wp-json\/wp\/v2\/pages"}],"about":[{"href":"https:\/\/www.quittenbaum.de\/de\/wp-json\/wp\/v2\/types\/page"}],"author":[{"embeddable":true,"href":"https:\/\/www.quittenbaum.de\/de\/wp-json\/wp\/v2\/users\/1"}],"replies":[{"embeddable":true,"href":"https:\/\/www.quittenbaum.de\/de\/wp-json\/wp\/v2\/comments?post=68"}],"version-history":[{"count":127,"href":"https:\/\/www.quittenbaum.de\/de\/wp-json\/wp\/v2\/pages\/68\/revisions"}],"predecessor-version":[{"id":7566,"href":"https:\/\/www.quittenbaum.de\/de\/wp-json\/wp\/v2\/pages\/68\/revisions\/7566"}],"up":[{"embeddable":true,"href":"https:\/\/www.quittenbaum.de\/de\/wp-json\/wp\/v2\/pages\/66"}],"wp:featuredmedia":[{"embeddable":true,"href":"https:\/\/www.quittenbaum.de\/de\/wp-json\/wp\/v2\/media\/1007"}],"wp:attachment":[{"href":"https:\/\/www.quittenbaum.de\/de\/wp-json\/wp\/v2\/media?parent=68"}],"curies":[{"name":"wp","href":"https:\/\/api.w.org\/{rel}","templated":true}]}}