{"id":557,"date":"2021-01-18T22:55:09","date_gmt":"2021-01-18T21:55:09","guid":{"rendered":"https:\/\/www.quittenbaum.de\/?page_id=557"},"modified":"2024-04-23T10:59:16","modified_gmt":"2024-04-23T08:59:16","slug":"versteigerungsvertrag","status":"publish","type":"page","link":"https:\/\/www.quittenbaum.de\/de\/verkaufen\/versteigerungsvertrag\/","title":{"rendered":"Versteigerungsvertrag"},"content":{"rendered":"\n<p>Der unterzeichnete Auftraggeber<\/p>\n\n\n\n<p>erteilt hiermit <\/p>\n\n\n\n<p><strong>Quittenbaum Kunstauktionen GmbH<br>Theresienstrasse 60, 80333 M\u00fcnchen<br>Amtsgericht M\u00fcnchen HRB 172005<\/strong><\/p>\n\n\n\n<p>den Auftrag, die Gegenst\u00e4nde gem\u00e4\u00df der anliegenden Einlieferungsliste, die Bestandteil dieses Vertrages ist, nach Ma\u00dfgabe der nachstehenden Bestimmungen als Kommission\u00e4r im eigenen Namen und fremde Rechnung zu versteigern und, soweit die Gegenst\u00e4nde auf der Versteigerung nicht zugeschlagen werden, f\u00fcr einen Zeitraum von 4 Wochen ab dem Tage der Auktion freih\u00e4ndig zu verkaufen. Das Nachverkaufsrecht unterliegt hinsichtlich aller Rechte und Pflichten der Parteien unmittelbar oder analog den nachstehenden Bestimmungen dieses Versteigerungsauftrages und der Versteigerungsbedingungen. Quittenbaum Kunstauktionen GmbH ist berechtigt, die Objekte bei Gesch\u00e4ftspartnern, die unsere Auktionen im Internet vermarkten, einzustellen. Der Auftraggeber ist an den Versteigerungsvertrag gebunden, eine K\u00fcndigung ist ausgeschlossen. Der Auftraggeber versichert, Eigent\u00fcmer bzw. voll Verf\u00fcgungsberechtigter der eingelieferten Gegenst\u00e4nde zu sein. Er haftet f\u00fcr alle Rechtsm\u00e4ngel analog \u00a7 435 BGB und daf\u00fcr, dass die Gegenst\u00e4nde nicht mit Rechten Dritter &#8211; insbesondere: Pfandrechte, Urheberrechte &#8211; belastet sind.<\/p>\n\n\n\n<p>1. Der Auftraggeber versichert, dem Auktionator alle Angaben bez\u00fcglich Urheberschaft, Material, Signatur, Restaurierung und Provenienz der eingelieferten Gegenst\u00e4nde vollst\u00e4ndig und zutreffend gemacht zu haben; seine Angaben, die sich u.a. aus der Einlieferungsliste ergeben, sind Basis f\u00fcr den Auktionskatalog. Dem Auftraggeber ist bekannt, da\u00df der Versteigerer mit dem K\u00e4ufer die im Katalog angegebenen Merkmale Urheberschaft, Material, Signatur, Restaurierung und Provenienz als vertragliche Beschaffenheit vereinbart und, soweit diese Katalogangaben unrichtig sind, dem K\u00e4ufer nach \u00a7 437 BGB haftet. Von diesen Anspr\u00fcchen stellt der Auftraggeber den Versteigerer vorbehaltlos frei mit der Ma\u00dfgabe, da\u00df er innerhalb von 2 Wochen nach Zugang einer schriftlichen Zahlungsaufforderung den Versteigerungserl\u00f6s zu erstatten oder sonstige vom Versteigerer dem K\u00e4ufer geschuldete Betr\u00e4ge zu bezahlen hat, soweit ein Sachm\u00e4ngel in vorstehendem Sinne vorliegt. Danach ger\u00e4t er in Zahlungsverzug.<br>Alle Anspr\u00fcche des Versteigerers, die wegen Rechtsm\u00e4ngeln und \/ oder Sachm\u00e4ngeln gegen den Auftraggeber in vorstehendem Zusammenhang bestehen, verj\u00e4hren in 2 Jahren ab dem Tage der Versteigerung.<\/p>\n\n\n\n<p>2. Der Auftraggeber wird dem Versteigerer den Besitz an den in der Einlieferungsliste genannten Gegenst\u00e4nden umgehend verschaffen; soweit der Auftraggeber dies w\u00fcnscht, \u00fcbernimmt der Versteigerer den Transport zu seinen Gesch\u00e4ftsr\u00e4umen auf Kosten des Auftraggebers, wobei er eine sachgerechte Transportart bzw. die Versandmittel bestimmt. Ab dem Tage ihres Eintreffens in den Versteigerungsr\u00e4umen sind die Gegenst\u00e4nde gegen die Risiken Brand, Einbruch, Diebstahl, Bruch und Leitungswasser zum Limitpreis, abz\u00fcglich der Provision bis zum Verkauf bzw. bei Nichtverkauf bis 5 Wochen nach der Auktion versichert (Ziff. 5.2 \/ Ziff. 13) mit den dortigen Ma\u00dfgaben f\u00fcr die Kosten. Bei Verlust, Besch\u00e4digung oder Zerst\u00f6rung der eingelieferten Gegenst\u00e4nde beschr\u00e4nkt sich die Verpflichtung des Versteigerers auf die Leistung des Versicherers; f\u00fcr den nicht von der Versicherung abgedeckten Teil des Schadens haftet er nur bei Vorsatz oder grober Fahrl\u00e4ssigkeit. Entsprechendes gilt f\u00fcr eine Haftung f\u00fcr mitgelieferte Rahmen, Passepartouts und Bildglas.<\/p>\n\n\n\n<p>3. Der Auftraggeber zahlt an das Auktionshaus eine Provision vom Zuschlagspreis in H\u00f6he von:<br>a) 25% pro Objekt mit einem Zuschlag bis EURO 2000,&#8211;<br>b) 20% pro Objekt mit einem Zuschlag von 2001 bis EURO 5000,&#8211;<br>c) 15% pro Objekt mit einem Zuschlag ab EURO 5001,&#8211;<\/p>\n\n\n\n<p>Gegenst\u00e4nde, die der Auftraggeber selbst oder durch Dritte f\u00fcr sich ersteigern l\u00e4\u00dft, gelten als an Dritte ver\u00e4u\u00dfert. Des Weiteren hat der Auftraggeber zur Abgeltung des gesetzlichen Folgerechtes (\u00a7 26 UrhG) an den Versteigerer eine Abgabe von 1,5% des Zuschlags zu entrichten, die der Auktionator an die VG Bild-Kunst zu bezahlen hat, wenn es sich um ein Originalwerk der Bildenden Kunst handelt, welches von einem K\u00fcnstler stammt, dessen Folgerecht von der VG Bild-Kunst wahrgenommen wird.<\/p>\n\n\n\n<p>4. Der Auftraggeber erstattet dem Versteigerer die f\u00fcr ihn verauslagten Kosten f\u00fcr Transporte, Fotos und die aufgrund von Sondervereinbarungen vorgenommenen Reparaturen und eingeholten Gutachten.<br>Der Auftraggeber erm\u00e4chtigt das Versteigerungshaus Quittenbaum Kunstauktionen GmbH, in seinem Namen Fotos und Klischees von den eingelieferten Gegenst\u00e4nden nach Wahl anfertigen zu lassen.<\/p>\n\n\n\n<p>5.1. Die Kosten f\u00fcr die Bearbeitung (Katalogisierung, Lagerung, Fotos, Vermarktung in Social Media) eines Gegenstandes (bzw. einer Gruppe z.B.: Service oder Gl\u00e4sersatz) belaufen sich auf EUR 50,00 (+ MwSt.). Diese Kosten werden auch bei Freihandverkauf berechnet. Die Gr\u00f6\u00dfe der Abbildung im Katalog oder online bestimmt der Versteigerer.<\/p>\n\n\n\n<p>5.2. Die Kosten f\u00fcr die Versicherung (bis 5 Wochen nach der Auktion) eines Gegenstandes (bzw. einer Gruppe z.B.: Service oder Gl\u00e4sersatz) belaufen sich auf 1,5 % des Bruttolimits (+ MwSt.).<\/p>\n\n\n\n<p>6. Verpackungsmaterial aus Einlieferungen der Auftraggeber wird grunds\u00e4tzlich nicht aufbewahrt.<\/p>\n\n\n\n<p>7. Der Auftraggeber verzichtet auf Sch\u00e4tzungen oder Begutachtungen durch andere \u00f6ffentlich bestellte und vereidigte Sachverst\u00e4ndige oder durch von der Industrie- und Handelskammer benannte Gutachter, auch soweit es sich um Gold- oder Silbersachen handelt.<\/p>\n\n\n\n<p>8. Soweit der Auftraggeber einen Mindestpreis (Limit) nicht festgesetzt hat, erteilt der Versteigerer den Zuschlag nach pflichtgem\u00e4\u00dfem Ermessen. Wird ein Mindestpreis vereinbart, so darf der Versteigerer diesen nicht unterschreiten.<\/p>\n\n\n\n<p>9. Der Zuschlag erfolgt nach Ma\u00dfgabe der AGB Auktion und AGB Nachverkauf, die Bestandteil dieses Vertrages sind.<\/p>\n\n\n\n<p>10. Gold- und Silbersachen werden vom Versteigerer nicht unter ihrem Materialwert zugeschlagen.<\/p>\n\n\n\n<p>11. Bei Zuschlag unter Vorbehalt bleibt der Bieter 4 Wochen an sein Gebot gebunden. Der Auftraggeber wird dem Versteigerer seine Entscheidung schriftlich so rechtzeitig mitteilen, dass bei gew\u00f6hnlichem Gesch\u00e4ftsgange der Bieter fristgerecht verst\u00e4ndigt werden kann, ob der Auftraggeber das Untergebot annimmt.<\/p>\n\n\n\n<p>12. Der Auftraggeber ist bis zum Ablauf eines Monats nach Schluss der Versteigerung an den Auftrag gebunden.<\/p>\n\n\n\n<p>13. Der Auftraggeber ist verpflichtet, ohne dass es eines Auftrags oder einer Mitteilung seitens des Versteigerers bedarf , seine nicht verkauften Gegenst\u00e4nde nach Ablauf des vierw\u00f6chigen Nachverkaufs binnen einer Woche abzuholen. Kommt er dieser Verpflichtung nicht nach, so ist der Versteigerer berechtigt, wahlweise die Gegenst\u00e4nde auf Kosten und Gefahr des Auftraggebers einem Spediteur zur Aufbewahrung oder R\u00fccksendung zu \u00fcbergeben oder auf Kosten und Gefahr des Auftraggebers in den R\u00e4umen des Versteigerers einzulagern oder in weiteren Versteigerungen anzubieten. <br>F\u00fcr Gegenst\u00e4nde, die im Lager des Auktionshauses untergebracht werden, erhebt der Versteigerer nach der genannten Frist eine Geb\u00fchr von 10 Euro pro Woche pro Gegenstand.<br>Sofern die eingelieferten bzw. nicht verkauften Gegenst\u00e4nde 12 Monate nach Beendigung des Nachverkaufs nicht abgeholt wurden und der Einlieferer nicht erreichbar ist, ist der Versteigerer an eventuell erteilte Limits nicht mehr gebunden. Vielmehr bietet er die Gegenst\u00e4nde unter Ber\u00fccksichtigung, dass diese weder bei der Versteigerung noch im 4 w\u00f6chigen Nachverkauf zu dem gesetzten Limit verkauft werden konnten, nach seiner Wahl in einer erneuten Versteigerung oder im Freiverkauf zu einem Preis an, der seinem pflichtgem\u00e4\u00dfen Ermessen entspricht und auch erheblich unter dem Limit liegen kann.<\/p>\n\n\n\n<p>14. Der Versteigerer \u00fcbermittelt dem Auftraggeber 4 Wochen nach Schluss der Versteigerung die Abrechnung bzw. Ausf\u00fchrungsanzeige und zahlt den Versteigerungserl\u00f6s abz\u00fcglich der Provision und verauslagter Kosten nach 6 Wochen aus, soweit der Erl\u00f6s bei ihm eingegangen ist. Erh\u00e4lt der Versteigerer den Versteigerungserl\u00f6s nicht, wird die Abrechnung korrigiert.<\/p>\n\n\n\n<p>15. Einwendungen gegen die Abrechnung m\u00fcssen schriftlich innerhalb einer Woche nach Abrechnungsdatum erhoben werden.<\/p>\n\n\n\n<p>16. Der Versteigerer haftet nicht f\u00fcr die Einbringlichkeit des Zuschlagpreises.<\/p>\n\n\n\n<p>17. Au\u00dferhalb dieses Vertrages bestehen keine weiteren Abreden zwischen dem Auftraggeber und dem Versteigerer. M\u00fcndliche Nebenabreden sind ausgeschlossen. \u00c4nderungen dieses Vertrages bed\u00fcrfen der Schriftform. Telefonische Ausk\u00fcnfte sind unverbindlich.<\/p>\n\n\n\n<p>18. Sollte eine oder mehrere Bestimmungen dieses Versteigerungsauftrages unwirksam sein oder werden, bleibt die G\u00fcltigkeit der \u00fcbrigen Bestimmungen unber\u00fchrt. Im \u00dcbrigen gilt \u00a7 306 Abs. 3 BGB.<\/p>\n\n\n\n<p>19. Erf\u00fcllungsort und Gerichtsstand sind, soweit sie vereinbart werden k\u00f6nnen, M\u00fcnchen.<\/p>\n\n\n\n<p>20. Es gilt deutsches materielles Recht. Das einheitliche UN &#8211; Kaufrecht (CISG, BGBI II 89, S. 588) ist ausgeschlossen.<\/p>\n","protected":false},"excerpt":{"rendered":"<p>Der unterzeichnete Auftraggeber erteilt hiermit Quittenbaum Kunstauktionen GmbHTheresienstrasse 60, 80333 M\u00fcnchenAmtsgericht M\u00fcnchen HRB 172005 den Auftrag, die Gegenst\u00e4nde gem\u00e4\u00df der anliegenden Einlieferungsliste, die Bestandteil dieses Vertrages ist, nach Ma\u00dfgabe der nachstehenden Bestimmungen als Kommission\u00e4r im eigenen Namen und fremde Rechnung zu versteigern und, soweit die Gegenst\u00e4nde auf der Versteigerung nicht zugeschlagen werden, f\u00fcr einen Zeitraum [&#8230;]<\/p>\n<p><a class=\"btn btn-ppc understrap-read-more-link\" href=\"https:\/\/www.quittenbaum.de\/de\/verkaufen\/versteigerungsvertrag\/\">Weiterlesen&#8230;<\/a><\/p>\n","protected":false},"author":1,"featured_media":2065,"parent":66,"menu_order":0,"comment_status":"closed","ping_status":"closed","template":"","meta":{"footnotes":""},"class_list":["post-557","page","type-page","status-publish","has-post-thumbnail","hentry"],"_links":{"self":[{"href":"https:\/\/www.quittenbaum.de\/de\/wp-json\/wp\/v2\/pages\/557","targetHints":{"allow":["GET"]}}],"collection":[{"href":"https:\/\/www.quittenbaum.de\/de\/wp-json\/wp\/v2\/pages"}],"about":[{"href":"https:\/\/www.quittenbaum.de\/de\/wp-json\/wp\/v2\/types\/page"}],"author":[{"embeddable":true,"href":"https:\/\/www.quittenbaum.de\/de\/wp-json\/wp\/v2\/users\/1"}],"replies":[{"embeddable":true,"href":"https:\/\/www.quittenbaum.de\/de\/wp-json\/wp\/v2\/comments?post=557"}],"version-history":[{"count":8,"href":"https:\/\/www.quittenbaum.de\/de\/wp-json\/wp\/v2\/pages\/557\/revisions"}],"predecessor-version":[{"id":7368,"href":"https:\/\/www.quittenbaum.de\/de\/wp-json\/wp\/v2\/pages\/557\/revisions\/7368"}],"up":[{"embeddable":true,"href":"https:\/\/www.quittenbaum.de\/de\/wp-json\/wp\/v2\/pages\/66"}],"wp:featuredmedia":[{"embeddable":true,"href":"https:\/\/www.quittenbaum.de\/de\/wp-json\/wp\/v2\/media\/2065"}],"wp:attachment":[{"href":"https:\/\/www.quittenbaum.de\/de\/wp-json\/wp\/v2\/media?parent=557"}],"curies":[{"name":"wp","href":"https:\/\/api.w.org\/{rel}","templated":true}]}}