{"id":5274,"date":"2022-09-30T11:12:23","date_gmt":"2022-09-30T09:12:23","guid":{"rendered":"https:\/\/www.quittenbaum.de\/?page_id=5274"},"modified":"2022-09-30T11:16:19","modified_gmt":"2022-09-30T09:16:19","slug":"online-only","status":"publish","type":"page","link":"https:\/\/www.quittenbaum.de\/de\/kaufen\/online-only\/","title":{"rendered":"Online Only &#8211; Auktionen"},"content":{"rendered":"\n<p>Neben den klassischen Auktionen bieten wir unseren Kunden so genannte Online Only &#8211; Auktionen an, die auch als \u201aTimed Auctions\u2018 bezeichnet werden. Bei diesen Auktionen haben Sie die M\u00f6glichkeit, \u00fcber einen festgelegten Zeitraum Gebote f\u00fcr einen nur auf unserer Website ver\u00f6ffentlichten Katalog von Objekten und Kunstwerken abzugeben.<\/p>\n\n\n\n<h4 class=\"wp-block-heading\">Erstanmeldung<\/h4>\n\n\n\n<p>Um als Bieter an einer Online Only &#8211; Auktion teilnehmen zu k\u00f6nnen, brauchen Sie ein verifiziertes Kundenkonto. Wenn Sie noch kein Kundenkonto haben, dr\u00fccken Sie den Button \u201aKonto erstellen\u2018. Geben Sie Ihren Vor-und Nachnamen ein sowie eine g\u00fcltige E-Mail-Adresse und legen Sie ein sicheres Passwort fest. An dieser Stelle haben Sie die M\u00f6glichkeit, die Richtlinien zum Datensschutz und unsere Allgemeinen Gesch\u00e4ftsbedingungen f\u00fcr Online Only &#8211; Auktionen (AGB Online Only) einzusehen und zu akzeptieren. Um die Erstanmeldung abzuschlie\u00dfen, erhalten Sie von uns eine Best\u00e4tigungsmail mit einem Aktivierungslink, den Sie anklicken m\u00fcssen. Ihr Konto ist nun aktiviert.<\/p>\n\n\n\n<h4 class=\"wp-block-heading\">Kundenkonto verifizieren<\/h4>\n\n\n\n<p>M\u00f6chten Sie Gebote \u00fcber unsere Website abgeben, m\u00fcssen Sie Ihr Kundenkonto verifizieren. Dazu ben\u00f6tigen wir weitere Angaben. Bitte hinterlegen Sie eine g\u00fcltige Kreditkarte (die Karte wird nicht belastet), eine aktuelle Anschrift und Telefonnummer sowie den Scan eines g\u00fcltigen Personalausweises, den Sie mit unserer Upload-Funktion hochladen k\u00f6nnen.<br>Mit der vollst\u00e4ndigen Eingabe dieser Daten ist Ihr Konto verifiziert.<\/p>\n\n\n\n<h4 class=\"wp-block-heading\">Bieten Online Only<\/h4>\n\n\n\n<p>Start und Ende einer Online Only &#8211; Auktion finden Sie auf der \u00dcberblicksseite der Auktion. Mit dem Start der Timed Auction k\u00f6nnen Sie Gebote platzieren. Klicken Sie auf den roten Button \u201aGebot abgeben\u2018. Damit \u00f6ffnet sich ein Fenster, in dem Sie alle wichtigen Informationen zu dem Objekt finden, das Sie erwerben m\u00f6chten: Timer mit der verbleibenden Zeit zum Bieten, Angaben zum Objekt (K\u00fcnstler, Titel, Datierung), Sch\u00e4tzpreis, zus\u00e4tzliche Kosten, das Startgebot\/das aktuelle Gebot und ein Feld, in dem Sie Ihr Gebot abgeben k\u00f6nnen.<\/p>\n\n\n\n<h4 class=\"wp-block-heading\">H\u00f6chstgebot platzieren<\/h4>\n\n\n\n<p>An dieser Stelle haben Sie auch die M\u00f6glichkeit, ein H\u00f6chstgebot zu platzieren. W\u00e4hlen Sie aus der Liste den Betrag. Dieser Betrag wird automatisch nur bis zu dem Betrag ausgesch\u00f6pft, welcher notwendig ist, um alle konkurrierenden Gebote zu \u00fcberbieten.<\/p>\n\n\n\n<h4 class=\"wp-block-heading\">Gebot verbindlich abgeben<\/h4>\n\n\n\n<p>Nachdem Sie die Richtlinien zur Datenschutzverordnung sowie unsere AGBs f\u00fcr Online Only &#8211; Auktionen akzeptiert haben, k\u00f6nnen Sie den Button \u201aGebot verbindlich abgeben\u2018 bet\u00e4tigen. Sollten Sie H\u00f6chstbietender sein, erhalten Sie dar\u00fcber eine Best\u00e4tigungsmail. Liegt bereits ein h\u00f6heres Gebot vor oder ein Gebot in gleicher H\u00f6he, das zeitlich vor dem Ihrigen abgegeben wurde, so wird dies angezeigt. Sie haben dann die M\u00f6glichkeit, das Gebot zu erh\u00f6hen. Falls Sie H\u00f6chstbietender sind und bis zum Ende der Auktion bleiben, kommt nach Ablauf der Timed Auction ein rechtsverbindlicher Kaufvertrag zustande.<\/p>\n\n\n\n<h4 class=\"wp-block-heading\">Die Drei-Minuten-Regel<\/h4>\n\n\n\n<p>Ein in den letzten 3 Minuten abgegebenes konkurrierendes Gebot verl\u00e4ngert die Gebotsfrist eines Loses automatisch um 3 Minuten. Diese Verl\u00e4ngerung wird so lange wiederholt, bis f\u00fcr einen Zeitraum von 3 Minuten kein neues Gebot eingeht oder die Gebotsfrist bereits 40 Mal verl\u00e4ngert wurde.<\/p>\n\n\n\n<h4 class=\"wp-block-heading\">Automatisierte Benachrichtigungen<\/h4>\n\n\n\n<p>W\u00e4hrend der laufenden Auktion werden Sie durch automatisierte E-Mails dar\u00fcber informiert, ob Sie H\u00f6chstbietender sind oder ob Sie \u00fcberboten wurden. Bitte \u00fcberpr\u00fcfen Sie zur Sicherheit den Status Ihrer Gebote auf der \u00dcbersichtsseite in ihrem Kundenkonto.<\/p>\n\n\n\n<h4 class=\"wp-block-heading\">Ende der Auktion &#8211; Kein Nachverkauf<\/h4>\n\n\n\n<p>Unmittelbar nach dem Ende der Auktion werden Sie per E-Mail \u00fcber Ihre Zuschl\u00e4ge informiert. Au\u00dferdem finden Sie Gebote und Zuschl\u00e4ge als Liste in Ihrem Kundenkonto. Die Rechnung geht Ihnen ein bis zwei Tage nach Ende der Auktion per E-Mail zu. Mit Rechnung finden Sie den Link zur Versandanweisung. Bitte w\u00e4hlen Sie innerhalb von 5 Tagen nach Erhalt der Rechnung eine der angegebenen Optionen.<\/p>\n\n\n\n<h4 class=\"wp-block-heading\">Abholung und Versandoptionen<\/h4>\n\n\n\n<p>Abholungen von Objekten m\u00fcssen mindestens 5 Werktage im Voraus bei uns angemeldet werden, da sich Kunstwerke und Designobjekte nicht immer im Showroom in der M\u00fcnchner Innenstadt, sondern oft in den Au\u00dfenlagern des Auktionshauses befinden.<br>Mehr Informationen zu diesem Thema finden Sie <a href=\"\/de\/kaufen\/versandinformation\/\">HIER<\/a>.<\/p>\n\n\n\n<p>Bei Fragen zum Ablauf und Prozedere wenden Sie sich bitte an uns unter: 089 27370210<\/p>\n","protected":false},"excerpt":{"rendered":"<p>Neben den klassischen Auktionen bieten wir unseren Kunden so genannte Online Only &#8211; Auktionen an, die auch als \u201aTimed Auctions\u2018 bezeichnet werden. Bei diesen Auktionen haben Sie die M\u00f6glichkeit, \u00fcber einen festgelegten Zeitraum Gebote f\u00fcr einen nur auf unserer Website ver\u00f6ffentlichten Katalog von Objekten und Kunstwerken abzugeben. Erstanmeldung Um als Bieter an einer Online Only [&#8230;]<\/p>\n<p><a class=\"btn btn-ppc understrap-read-more-link\" href=\"https:\/\/www.quittenbaum.de\/de\/kaufen\/online-only\/\">Weiterlesen&#8230;<\/a><\/p>\n","protected":false},"author":3,"featured_media":5280,"parent":99,"menu_order":3,"comment_status":"closed","ping_status":"closed","template":"","meta":{"footnotes":""},"class_list":["post-5274","page","type-page","status-publish","has-post-thumbnail","hentry"],"_links":{"self":[{"href":"https:\/\/www.quittenbaum.de\/de\/wp-json\/wp\/v2\/pages\/5274","targetHints":{"allow":["GET"]}}],"collection":[{"href":"https:\/\/www.quittenbaum.de\/de\/wp-json\/wp\/v2\/pages"}],"about":[{"href":"https:\/\/www.quittenbaum.de\/de\/wp-json\/wp\/v2\/types\/page"}],"author":[{"embeddable":true,"href":"https:\/\/www.quittenbaum.de\/de\/wp-json\/wp\/v2\/users\/3"}],"replies":[{"embeddable":true,"href":"https:\/\/www.quittenbaum.de\/de\/wp-json\/wp\/v2\/comments?post=5274"}],"version-history":[{"count":4,"href":"https:\/\/www.quittenbaum.de\/de\/wp-json\/wp\/v2\/pages\/5274\/revisions"}],"predecessor-version":[{"id":5297,"href":"https:\/\/www.quittenbaum.de\/de\/wp-json\/wp\/v2\/pages\/5274\/revisions\/5297"}],"up":[{"embeddable":true,"href":"https:\/\/www.quittenbaum.de\/de\/wp-json\/wp\/v2\/pages\/99"}],"wp:featuredmedia":[{"embeddable":true,"href":"https:\/\/www.quittenbaum.de\/de\/wp-json\/wp\/v2\/media\/5280"}],"wp:attachment":[{"href":"https:\/\/www.quittenbaum.de\/de\/wp-json\/wp\/v2\/media?parent=5274"}],"curies":[{"name":"wp","href":"https:\/\/api.w.org\/{rel}","templated":true}]}}