{"id":5111,"date":"2022-06-27T12:17:09","date_gmt":"2022-06-27T10:17:09","guid":{"rendered":"https:\/\/www.quittenbaum.de\/?page_id=5111"},"modified":"2023-10-03T20:47:17","modified_gmt":"2023-10-03T18:47:17","slug":"quittenbaum-gallery","status":"publish","type":"page","link":"https:\/\/www.quittenbaum.de\/de\/termine\/quittenbaum-gallery\/","title":{"rendered":"Quittenbaum Gallery"},"content":{"rendered":"\n<p class=\"has-text-align-center\">Seit 2017 zeigen wir regelm\u00e4\u00dfig Ausstellungen mit zeitgen\u00f6ssischer Kunst, mit zeitgen\u00f6ssischem Design sowie Autorenschmuck in unserem Galerieraum in der Theresienstra\u00dfe 58 in unmittelbarer Nachbarschaft zum Auktionshaus Quittenbaum . Ein Fokus liegt auf K\u00fcnstlern, die mit Papier arbeiten. Anl\u00e4sslich der &#8218;Munich Jewellery Week&#8216; widmen wir uns ein Mal im Jahr Protagonisten der Autorenschmuck-Szene wie Hermann J\u00fcnger, Manfred Bischoff oder Helga Zahn. Mehr Informationen zu den einzelnen Ausstellungen erfahren Sie mit einem Klick auf die unten aufgef\u00fchrten Einladungskarten. <\/p>\n\n\n<div class=\"wp-bootstrap-blocks-button text-center\">\n\t<a\n\t\thref=\"https:\/\/quittenbaumgallery.com\/\"\n\t\t\t\t\t\tclass=\"btn btn-primary\"\n\t>\n\t\tQuittenbaum Gallery\t<\/a>\n<\/div>\n\n\n\n<div style=\"height:100px\" aria-hidden=\"true\" class=\"wp-block-spacer\"><\/div>\n\n\n<div class=\"wp-bootstrap-blocks-row row\">\n\t\n\n<div class=\"col-12 col-md-6\">\n\t\t\t\n\n<figure class=\"wp-block-image size-large\"><a href=\"https:\/\/quittenbaumgallery.com\/exhibitions\/echoes\/\"><img loading=\"lazy\" decoding=\"async\" width=\"1024\" height=\"722\" src=\"https:\/\/www.quittenbaum.de\/wp-content\/uploads\/2023\/10\/Antonio-Sarcinella-E-mail-Signatur-Einladung-1024x722.jpg\" alt=\"\" class=\"wp-image-6550\" srcset=\"https:\/\/www.quittenbaum.de\/wp-content\/uploads\/2023\/10\/Antonio-Sarcinella-E-mail-Signatur-Einladung-1024x722.jpg 1024w, https:\/\/www.quittenbaum.de\/wp-content\/uploads\/2023\/10\/Antonio-Sarcinella-E-mail-Signatur-Einladung-300x211.jpg 300w, https:\/\/www.quittenbaum.de\/wp-content\/uploads\/2023\/10\/Antonio-Sarcinella-E-mail-Signatur-Einladung-768x541.jpg 768w, https:\/\/www.quittenbaum.de\/wp-content\/uploads\/2023\/10\/Antonio-Sarcinella-E-mail-Signatur-Einladung.jpg 1240w\" sizes=\"auto, (max-width: 1024px) 100vw, 1024px\" \/><\/a><\/figure>\n\n\t<\/div>\n\n\n\n<div class=\"col-12 col-md-6\">\n\t\t\t\t<\/div>\n\n<\/div>\n\n\n<div class=\"wp-bootstrap-blocks-row row\">\n\t\n\n<div class=\"col-12 col-md-6\">\n\t\t\t\n\n<figure class=\"wp-block-image size-large\"><img loading=\"lazy\" decoding=\"async\" width=\"1024\" height=\"722\" src=\"https:\/\/www.quittenbaum.de\/wp-content\/uploads\/2023\/03\/HermanHermsen_2-1024x722.jpg\" alt=\"\" class=\"wp-image-5911\" srcset=\"https:\/\/www.quittenbaum.de\/wp-content\/uploads\/2023\/03\/HermanHermsen_2-1024x722.jpg 1024w, https:\/\/www.quittenbaum.de\/wp-content\/uploads\/2023\/03\/HermanHermsen_2-300x211.jpg 300w, https:\/\/www.quittenbaum.de\/wp-content\/uploads\/2023\/03\/HermanHermsen_2-768x541.jpg 768w, https:\/\/www.quittenbaum.de\/wp-content\/uploads\/2023\/03\/HermanHermsen_2.jpg 1240w\" sizes=\"auto, (max-width: 1024px) 100vw, 1024px\" \/><\/figure>\n\n\t<\/div>\n\n\n\n<div class=\"col-12 col-md-6\">\n\t\t\t\n\n<figure class=\"wp-block-image size-large\"><a href=\"https:\/\/quittenbaumgallery.com\/exhibitions\/there-is-no-straight-line-in-a-curved-world\/\"><img loading=\"lazy\" decoding=\"async\" width=\"1024\" height=\"722\" src=\"https:\/\/www.quittenbaum.de\/wp-content\/uploads\/2023\/10\/Sebastian-Gumpinger-E-mail-Signatur-Einladung-1024x722.jpg\" alt=\"\" class=\"wp-image-6548\" srcset=\"https:\/\/www.quittenbaum.de\/wp-content\/uploads\/2023\/10\/Sebastian-Gumpinger-E-mail-Signatur-Einladung-1024x722.jpg 1024w, https:\/\/www.quittenbaum.de\/wp-content\/uploads\/2023\/10\/Sebastian-Gumpinger-E-mail-Signatur-Einladung-300x211.jpg 300w, https:\/\/www.quittenbaum.de\/wp-content\/uploads\/2023\/10\/Sebastian-Gumpinger-E-mail-Signatur-Einladung-768x541.jpg 768w, https:\/\/www.quittenbaum.de\/wp-content\/uploads\/2023\/10\/Sebastian-Gumpinger-E-mail-Signatur-Einladung.jpg 1240w\" sizes=\"auto, (max-width: 1024px) 100vw, 1024px\" \/><\/a><\/figure>\n\n\t<\/div>\n\n<\/div>\n\n\n<div class=\"wp-bootstrap-blocks-row row\">\n\t\n\n<div class=\"col-12 col-md-6\">\n\t\t\t\n\n<figure class=\"wp-block-image size-large\"><a href=\"https:\/\/quittenbaumgallery.com\/exhibitions\/45606\/plastikfragmente-unter-dem-weidenbaum\/works\/\" target=\"_blank\" rel=\"noreferrer noopener\"><img loading=\"lazy\" decoding=\"async\" width=\"1024\" height=\"722\" src=\"https:\/\/www.quittenbaum.de\/wp-content\/uploads\/2022\/09\/Email_JONGHOON-1024x722.jpg\" alt=\"\" class=\"wp-image-5238\" srcset=\"https:\/\/www.quittenbaum.de\/wp-content\/uploads\/2022\/09\/Email_JONGHOON-1024x722.jpg 1024w, https:\/\/www.quittenbaum.de\/wp-content\/uploads\/2022\/09\/Email_JONGHOON-300x211.jpg 300w, https:\/\/www.quittenbaum.de\/wp-content\/uploads\/2022\/09\/Email_JONGHOON-768x541.jpg 768w, https:\/\/www.quittenbaum.de\/wp-content\/uploads\/2022\/09\/Email_JONGHOON.jpg 1240w\" sizes=\"auto, (max-width: 1024px) 100vw, 1024px\" \/><\/a><\/figure>\n\n\t<\/div>\n\n\n\n<div class=\"col-12 col-md-6\">\n\t\t\t\n\n<figure class=\"wp-block-image size-large\"><a href=\"https:\/\/quittenbaumgallery.com\/exhibitions\/47876\/structures\/works\/\"><img loading=\"lazy\" decoding=\"async\" width=\"1024\" height=\"722\" src=\"https:\/\/www.quittenbaum.de\/wp-content\/uploads\/2023\/02\/EN_Postkarte_JI-EUN-LEE-1024x722.jpg\" alt=\"\" class=\"wp-image-5795\" srcset=\"https:\/\/www.quittenbaum.de\/wp-content\/uploads\/2023\/02\/EN_Postkarte_JI-EUN-LEE-1024x722.jpg 1024w, https:\/\/www.quittenbaum.de\/wp-content\/uploads\/2023\/02\/EN_Postkarte_JI-EUN-LEE-300x211.jpg 300w, https:\/\/www.quittenbaum.de\/wp-content\/uploads\/2023\/02\/EN_Postkarte_JI-EUN-LEE-768x541.jpg 768w, https:\/\/www.quittenbaum.de\/wp-content\/uploads\/2023\/02\/EN_Postkarte_JI-EUN-LEE.jpg 1240w\" sizes=\"auto, (max-width: 1024px) 100vw, 1024px\" \/><\/a><\/figure>\n\n\t<\/div>\n\n<\/div>\n\n\n<div class=\"wp-bootstrap-blocks-row row\">\n\t\n\n<div class=\"col-12 col-md-6\">\n\t\t\t<div class=\"p-2\">\n\t\t\t\n\n<figure class=\"wp-block-image size-large\"><a href=\"https:\/\/quittenbaumgallery.com\/exhibitions\/44755\/swinging-memories\/works\/\"><img loading=\"lazy\" decoding=\"async\" width=\"1024\" height=\"722\" src=\"https:\/\/www.quittenbaum.de\/wp-content\/uploads\/2022\/06\/Postkarte_HelgaZahn-1024x722.jpg\" alt=\"\" class=\"wp-image-5113\" srcset=\"https:\/\/www.quittenbaum.de\/wp-content\/uploads\/2022\/06\/Postkarte_HelgaZahn-1024x722.jpg 1024w, https:\/\/www.quittenbaum.de\/wp-content\/uploads\/2022\/06\/Postkarte_HelgaZahn-300x211.jpg 300w, https:\/\/www.quittenbaum.de\/wp-content\/uploads\/2022\/06\/Postkarte_HelgaZahn-768x541.jpg 768w, https:\/\/www.quittenbaum.de\/wp-content\/uploads\/2022\/06\/Postkarte_HelgaZahn.jpg 1240w\" sizes=\"auto, (max-width: 1024px) 100vw, 1024px\" \/><\/a><\/figure>\n\n\t\t<\/div>\n\t<\/div>\n\n\n\n<div class=\"col-12 col-md-6\">\n\t\t\t<div class=\"p-2\">\n\t\t\t\n\n<figure class=\"wp-block-image size-large\"><a href=\"https:\/\/quittenbaumgallery.com\/exhibitions\/43339\/essenzen\/works\/\"><img loading=\"lazy\" decoding=\"async\" width=\"1024\" height=\"722\" src=\"https:\/\/www.quittenbaum.de\/wp-content\/uploads\/2022\/06\/Hoegerl_Essenzen-1024x722.jpg\" alt=\"\" class=\"wp-image-5115\" srcset=\"https:\/\/www.quittenbaum.de\/wp-content\/uploads\/2022\/06\/Hoegerl_Essenzen-1024x722.jpg 1024w, https:\/\/www.quittenbaum.de\/wp-content\/uploads\/2022\/06\/Hoegerl_Essenzen-300x211.jpg 300w, https:\/\/www.quittenbaum.de\/wp-content\/uploads\/2022\/06\/Hoegerl_Essenzen-768x541.jpg 768w, https:\/\/www.quittenbaum.de\/wp-content\/uploads\/2022\/06\/Hoegerl_Essenzen.jpg 1240w\" sizes=\"auto, (max-width: 1024px) 100vw, 1024px\" \/><\/a><\/figure>\n\n\t\t<\/div>\n\t<\/div>\n\n<\/div>\n\n\n<div class=\"wp-bootstrap-blocks-row row\">\n\t\n\n<div class=\"col-12 col-md-6\">\n\t\t\t<div class=\"p-2\">\n\t\t\t\n\n<figure class=\"wp-block-image size-large\"><a href=\"https:\/\/quittenbaumgallery.com\/exhibitions\/41655\/leopoldo-cuspinera-madrigal-nebel\/works\/\"><img loading=\"lazy\" decoding=\"async\" width=\"1024\" height=\"722\" src=\"https:\/\/www.quittenbaum.de\/wp-content\/uploads\/2022\/06\/Postkarte_Shuttles_LEOPOLDO_email-1024x722.jpg\" alt=\"\" class=\"wp-image-5126\" srcset=\"https:\/\/www.quittenbaum.de\/wp-content\/uploads\/2022\/06\/Postkarte_Shuttles_LEOPOLDO_email-1024x722.jpg 1024w, https:\/\/www.quittenbaum.de\/wp-content\/uploads\/2022\/06\/Postkarte_Shuttles_LEOPOLDO_email-300x211.jpg 300w, https:\/\/www.quittenbaum.de\/wp-content\/uploads\/2022\/06\/Postkarte_Shuttles_LEOPOLDO_email-768x541.jpg 768w, https:\/\/www.quittenbaum.de\/wp-content\/uploads\/2022\/06\/Postkarte_Shuttles_LEOPOLDO_email.jpg 1240w\" sizes=\"auto, (max-width: 1024px) 100vw, 1024px\" \/><\/a><\/figure>\n\n\t\t<\/div>\n\t<\/div>\n\n\n\n<div class=\"col-12 col-md-6\">\n\t\t\t<div class=\"p-2\">\n\t\t\t\n\n<figure class=\"wp-block-image size-large\"><a href=\"https:\/\/quittenbaumgallery.com\/exhibitions\/40005\/atem\/works\/\"><img loading=\"lazy\" decoding=\"async\" width=\"1024\" height=\"722\" src=\"https:\/\/www.quittenbaum.de\/wp-content\/uploads\/2022\/06\/Postkarte_Hendrikoff_ATEM-1024x722.jpg\" alt=\"\" class=\"wp-image-5131\" srcset=\"https:\/\/www.quittenbaum.de\/wp-content\/uploads\/2022\/06\/Postkarte_Hendrikoff_ATEM-1024x722.jpg 1024w, https:\/\/www.quittenbaum.de\/wp-content\/uploads\/2022\/06\/Postkarte_Hendrikoff_ATEM-300x211.jpg 300w, https:\/\/www.quittenbaum.de\/wp-content\/uploads\/2022\/06\/Postkarte_Hendrikoff_ATEM-768x541.jpg 768w, https:\/\/www.quittenbaum.de\/wp-content\/uploads\/2022\/06\/Postkarte_Hendrikoff_ATEM-1536x1083.jpg 1536w, https:\/\/www.quittenbaum.de\/wp-content\/uploads\/2022\/06\/Postkarte_Hendrikoff_ATEM-2048x1444.jpg 2048w, https:\/\/www.quittenbaum.de\/wp-content\/uploads\/2022\/06\/Postkarte_Hendrikoff_ATEM-1920x1354.jpg 1920w\" sizes=\"auto, (max-width: 1024px) 100vw, 1024px\" \/><\/a><\/figure>\n\n\t\t<\/div>\n\t<\/div>\n\n<\/div>\n\n\n<div class=\"wp-bootstrap-blocks-row row\">\n\t\n\n<div class=\"col-12 col-md-6\">\n\t\t\t<div class=\"p-2\">\n\t\t\t\n\n<figure class=\"wp-block-image size-large\"><a href=\"https:\/\/quittenbaumgallery.com\/exhibitions\/39215\/shuttles-buoys\/works\/\"><img loading=\"lazy\" decoding=\"async\" width=\"1024\" height=\"722\" src=\"https:\/\/www.quittenbaum.de\/wp-content\/uploads\/2022\/06\/Email_Shuttles_DanielKraus-1-1024x722.jpg\" alt=\"\" class=\"wp-image-5135\" srcset=\"https:\/\/www.quittenbaum.de\/wp-content\/uploads\/2022\/06\/Email_Shuttles_DanielKraus-1-1024x722.jpg 1024w, https:\/\/www.quittenbaum.de\/wp-content\/uploads\/2022\/06\/Email_Shuttles_DanielKraus-1-300x211.jpg 300w, https:\/\/www.quittenbaum.de\/wp-content\/uploads\/2022\/06\/Email_Shuttles_DanielKraus-1-768x541.jpg 768w, https:\/\/www.quittenbaum.de\/wp-content\/uploads\/2022\/06\/Email_Shuttles_DanielKraus-1.jpg 1240w\" sizes=\"auto, (max-width: 1024px) 100vw, 1024px\" \/><\/a><\/figure>\n\n\t\t<\/div>\n\t<\/div>\n\n\n\n<div class=\"col-12 col-md-6\">\n\t\t\t<div class=\"p-2\">\n\t\t\t\n\n<figure class=\"wp-block-image size-full\"><a href=\"https:\/\/quittenbaumgallery.com\/exhibitions\/35327\/the-lost-of-don-quichotte\/works\/\"><img loading=\"lazy\" decoding=\"async\" width=\"909\" height=\"650\" src=\"https:\/\/www.quittenbaum.de\/wp-content\/uploads\/2022\/06\/Manfred-Bischoff-Email_gross.jpg\" alt=\"\" class=\"wp-image-5137\" srcset=\"https:\/\/www.quittenbaum.de\/wp-content\/uploads\/2022\/06\/Manfred-Bischoff-Email_gross.jpg 909w, https:\/\/www.quittenbaum.de\/wp-content\/uploads\/2022\/06\/Manfred-Bischoff-Email_gross-300x215.jpg 300w, https:\/\/www.quittenbaum.de\/wp-content\/uploads\/2022\/06\/Manfred-Bischoff-Email_gross-768x549.jpg 768w\" sizes=\"auto, (max-width: 909px) 100vw, 909px\" \/><\/a><\/figure>\n\n\t\t<\/div>\n\t<\/div>\n\n<\/div>\n\n\n<div class=\"wp-bootstrap-blocks-row row\">\n\t\n\n<div class=\"col-12 col-md-6\">\n\t\t\t<div class=\"p-2\">\n\t\t\t\n\n<figure class=\"wp-block-image size-large\"><a href=\"https:\/\/quittenbaumgallery.com\/exhibitions\/28442\/hermann-juenger-50-jahre-v-schmuck\/installation-views\/\"><img loading=\"lazy\" decoding=\"async\" width=\"1024\" height=\"722\" src=\"https:\/\/www.quittenbaum.de\/wp-content\/uploads\/2022\/06\/Einladung_HermannJu\u0308nger-1024x722.jpg\" alt=\"\" class=\"wp-image-5140\" srcset=\"https:\/\/www.quittenbaum.de\/wp-content\/uploads\/2022\/06\/Einladung_HermannJu\u0308nger-1024x722.jpg 1024w, https:\/\/www.quittenbaum.de\/wp-content\/uploads\/2022\/06\/Einladung_HermannJu\u0308nger-300x211.jpg 300w, https:\/\/www.quittenbaum.de\/wp-content\/uploads\/2022\/06\/Einladung_HermannJu\u0308nger-768x541.jpg 768w, https:\/\/www.quittenbaum.de\/wp-content\/uploads\/2022\/06\/Einladung_HermannJu\u0308nger.jpg 1240w\" sizes=\"auto, (max-width: 1024px) 100vw, 1024px\" \/><\/a><\/figure>\n\n\t\t<\/div>\n\t<\/div>\n\n\n\n<div class=\"col-12 col-md-6\">\n\t\t\t<div class=\"p-2\">\n\t\t\t\n\n<figure class=\"wp-block-image size-large\"><a href=\"https:\/\/quittenbaumgallery.com\/exhibitions\/36311\/form-freiheit\/works\/\"><img loading=\"lazy\" decoding=\"async\" width=\"1024\" height=\"722\" src=\"https:\/\/www.quittenbaum.de\/wp-content\/uploads\/2022\/06\/Einladung-Daniel-Kraus_Email-1024x722.jpg\" alt=\"\" class=\"wp-image-5142\" srcset=\"https:\/\/www.quittenbaum.de\/wp-content\/uploads\/2022\/06\/Einladung-Daniel-Kraus_Email-1024x722.jpg 1024w, https:\/\/www.quittenbaum.de\/wp-content\/uploads\/2022\/06\/Einladung-Daniel-Kraus_Email-300x211.jpg 300w, https:\/\/www.quittenbaum.de\/wp-content\/uploads\/2022\/06\/Einladung-Daniel-Kraus_Email-768x541.jpg 768w, https:\/\/www.quittenbaum.de\/wp-content\/uploads\/2022\/06\/Einladung-Daniel-Kraus_Email.jpg 1240w\" sizes=\"auto, (max-width: 1024px) 100vw, 1024px\" \/><\/a><\/figure>\n\n\t\t<\/div>\n\t<\/div>\n\n<\/div>\n","protected":false},"excerpt":{"rendered":"<p>Seit 2017 zeigen wir regelm\u00e4\u00dfig Ausstellungen mit zeitgen\u00f6ssischer Kunst, mit zeitgen\u00f6ssischem Design sowie Autorenschmuck in unserem Galerieraum in der Theresienstra\u00dfe 58 in unmittelbarer Nachbarschaft zum Auktionshaus Quittenbaum . Ein Fokus liegt auf K\u00fcnstlern, die mit Papier arbeiten. Anl\u00e4sslich der &#8218;Munich Jewellery Week&#8216; widmen wir uns ein Mal im Jahr Protagonisten der Autorenschmuck-Szene wie Hermann J\u00fcnger, [&#8230;]<\/p>\n<p><a class=\"btn btn-ppc understrap-read-more-link\" href=\"https:\/\/www.quittenbaum.de\/de\/termine\/quittenbaum-gallery\/\">Weiterlesen&#8230;<\/a><\/p>\n","protected":false},"author":2,"featured_media":0,"parent":101,"menu_order":0,"comment_status":"closed","ping_status":"closed","template":"","meta":{"footnotes":""},"class_list":["post-5111","page","type-page","status-publish","hentry"],"_links":{"self":[{"href":"https:\/\/www.quittenbaum.de\/de\/wp-json\/wp\/v2\/pages\/5111","targetHints":{"allow":["GET"]}}],"collection":[{"href":"https:\/\/www.quittenbaum.de\/de\/wp-json\/wp\/v2\/pages"}],"about":[{"href":"https:\/\/www.quittenbaum.de\/de\/wp-json\/wp\/v2\/types\/page"}],"author":[{"embeddable":true,"href":"https:\/\/www.quittenbaum.de\/de\/wp-json\/wp\/v2\/users\/2"}],"replies":[{"embeddable":true,"href":"https:\/\/www.quittenbaum.de\/de\/wp-json\/wp\/v2\/comments?post=5111"}],"version-history":[{"count":15,"href":"https:\/\/www.quittenbaum.de\/de\/wp-json\/wp\/v2\/pages\/5111\/revisions"}],"predecessor-version":[{"id":6552,"href":"https:\/\/www.quittenbaum.de\/de\/wp-json\/wp\/v2\/pages\/5111\/revisions\/6552"}],"up":[{"embeddable":true,"href":"https:\/\/www.quittenbaum.de\/de\/wp-json\/wp\/v2\/pages\/101"}],"wp:attachment":[{"href":"https:\/\/www.quittenbaum.de\/de\/wp-json\/wp\/v2\/media?parent=5111"}],"curies":[{"name":"wp","href":"https:\/\/api.w.org\/{rel}","templated":true}]}}