{"id":3616,"date":"2021-12-03T17:10:54","date_gmt":"2021-12-03T16:10:54","guid":{"rendered":"https:\/\/www.quittenbaum.de\/?page_id=3616"},"modified":"2026-02-04T10:49:43","modified_gmt":"2026-02-04T09:49:43","slug":"expertenreisen","status":"publish","type":"page","link":"https:\/\/www.quittenbaum.de\/de\/termine\/expertenreisen\/","title":{"rendered":"Expertenreisen"},"content":{"rendered":"<div class=\"wp-bootstrap-blocks-row row\">\n\t\n\n<div class=\"col-12 col-md-6\">\n\t\t\t\n<div class=\"wp-block-image\">\n<figure class=\"aligncenter size-full\"><img loading=\"lazy\" decoding=\"async\" width=\"1024\" height=\"683\" src=\"https:\/\/www.quittenbaum.de\/wp-content\/uploads\/2022\/02\/06_207-Expertenreisen-Kopie.jpg\" alt=\"\" class=\"wp-image-4604\" srcset=\"https:\/\/www.quittenbaum.de\/wp-content\/uploads\/2022\/02\/06_207-Expertenreisen-Kopie.jpg 1024w, https:\/\/www.quittenbaum.de\/wp-content\/uploads\/2022\/02\/06_207-Expertenreisen-Kopie-300x200.jpg 300w, https:\/\/www.quittenbaum.de\/wp-content\/uploads\/2022\/02\/06_207-Expertenreisen-Kopie-768x512.jpg 768w, https:\/\/www.quittenbaum.de\/wp-content\/uploads\/2022\/02\/06_207-Expertenreisen-Kopie-868x580.jpg 868w\" sizes=\"auto, (max-width: 1024px) 100vw, 1024px\" \/><\/figure>\n<\/div>\n\t<\/div>\n\n\n\n<div class=\"col-12 col-md-6\">\n\t\t\t\n\n<h4 class=\"wp-block-heading\" id=\"wir-kommen-zu-ihnen\">Treffen Sie unsere Experten<\/h4>\n\n\n\n<p>Mehrmals im Jahr sind unsere Experten unterwegs in Deutschland, \u00d6sterreich, Belgien, den Niederlanden und Italien. Treffen Sie uns im Rahmen unserer Experten-Sprechstunden in ausgew\u00e4hlten Hotels oder machen Sie einen Termin aus, damit wir Sie besuchen &#8211; zur Termin\u00fcbersicht scrollen Sie weiter.<\/p>\n\n\n\n<p>Ihre Kunstwerke begutachten wir kostenlos und unverbindlich. Falls gew\u00fcnscht, nehmen wir Objekte direkt entgegen oder veranlassen deren Abholung.<br><\/p>\n\n\n\n<p>Kontaktieren Sie uns bitte fr\u00fchzeitig unter + 49 (0)89 &#8211; 27 37 02 10 oder schreiben eine E-Mail an:&nbsp;<a href=\"mailto:info@quittenbaum.de\">info@quittenbaum.de<\/a><\/p>\n\n\n\n<div class=\"wp-block-buttons is-layout-flex wp-block-buttons-is-layout-flex\">\n<div class=\"wp-block-button\"><a class=\"wp-block-button__link wp-element-button\" href=\"mailto:info@quittenbaum.de\">Termin vereinbaren<svg xmlns=\"http:\/\/www.w3.org\/2000\/svg\" height=\"903.5155\" width=\"784.68573\" version=\"1.1\" viewBox=\"0 0 784.68573 903.5155\" id=\"svg2\"><g transform=\"rotate(-29.836465,228.90704,841.06274)\" id=\"g827\"><g id=\"g818\"><path class=\"triangle-svg\" d=\"M 2.4743595,780.10472 H 901.47436\" id=\"path2997\" \/><path class=\"triangle-svg\" d=\"m 452.46439,2.0247035 449.5,778.5609765\" id=\"path2997-4\" \/><path class=\"triangle-svg\" d=\"M 451.51435,2.0247035 2.0143504,780.58568\" id=\"path2997-4-5\" \/><\/g><path class=\"triangle-svg\" d=\"m 8.6677225,775.98837 c 0,-2.20985 442.0724275,-766.6153281 443.3504475,-766.6153281 1.26583,0 443.38324,764.4588581 443.38324,766.6475881 0,0.54998 -199.51508,0.99996 -443.36685,0.99996 -243.85176,0 -443.3668375,-0.46449 -443.3668375,-1.03222 z\" id=\"path820\" \/><\/g><\/svg><\/a> <\/div>\n<\/div>\n\n\n\n<div style=\"height:100px\" aria-hidden=\"true\" class=\"wp-block-spacer\"><\/div>\n\n\t<\/div>\n\n<\/div>\n\n\n\n<div style=\"height:30px\" aria-hidden=\"true\" class=\"wp-block-spacer\"><\/div>\n\n\n\n<h2 class=\"wp-block-heading\">2026<\/h2>\n\n\n\n<div style=\"height:30px\" aria-hidden=\"true\" class=\"wp-block-spacer\"><\/div>\n\n\n<div class=\"wp-bootstrap-blocks-row row\">\n\t\n\n<div class=\"col-12 col-md-6\">\n\t\t\t<div class=\"h-100 bg-quittenbaum-fifth p-3\">\n\t\t\t\n\n<h4 class=\"wp-block-heading\" id=\"verschoben-wiesbaden-frankfurt-a-m-colmar-freiburg\">D\u00fcsseldorf<\/h4>\n\n\n\n<p>05. Februar 2026<br><strong>Sch\u00e4tzungstag in der Repr\u00e4sentanz<\/strong><\/p>\n\n\n\n<p><a href=\"mailto:info@quittenbaum.de\">Jetzt Termin vereinbaren<\/a><\/p>\n\n\t\t<\/div>\n\t<\/div>\n\n\n\n<div class=\"col-12 col-md-6\">\n\t\t\t<div class=\"h-100 bg-quittenbaum-fifth p-3\">\n\t\t\t\n\n<h4 class=\"wp-block-heading\" id=\"verschoben-wiesbaden-frankfurt-a-m-colmar-freiburg\">Berlin<\/h4>\n\n\n\n<p>10.\/11. Februar 2026<\/p>\n\n\n\n<p><a href=\"mailto:info@quittenbaum.de\">Jetzt Termin vereinbaren<\/a><\/p>\n\n\t\t<\/div>\n\t<\/div>\n\n<\/div>\n\n\n\n<div style=\"height:30px\" aria-hidden=\"true\" class=\"wp-block-spacer\"><\/div>\n\n\n<div class=\"wp-bootstrap-blocks-row row\">\n\t\n\n<div class=\"col-12 col-md-6\">\n\t\t\t<div class=\"h-100 bg-quittenbaum-fifth p-3\">\n\t\t\t\n\n<h4 class=\"wp-block-heading\" id=\"verschoben-wiesbaden-frankfurt-a-m-colmar-freiburg\">Wiesbaden | Frankfurt<\/h4>\n\n\n\n<p>03.\/04. M\u00e4rz 2026<\/p>\n\n\n\n<p><a href=\"mailto:info@quittenbaum.de\">Jetzt Termin vereinbaren<\/a><\/p>\n\n\t\t<\/div>\n\t<\/div>\n\n\n\n<div class=\"col-12 col-md-6\">\n\t\t\t<div class=\"h-100 bg-quittenbaum-fifth p-3\">\n\t\t\t\n\n<h4 class=\"wp-block-heading\" id=\"verschoben-wiesbaden-frankfurt-a-m-colmar-freiburg\">Heidelberg | Stuttgart<\/h4>\n\n\n\n<p>04.\/05. M\u00e4rz 2026<\/p>\n\n\n\n<p><a href=\"mailto:info@quittenbaum.de\">Jetzt Termin vereinbaren<\/a><\/p>\n\n\t\t<\/div>\n\t<\/div>\n\n<\/div>\n\n\n\n<div style=\"height:30px\" aria-hidden=\"true\" class=\"wp-block-spacer\"><\/div>\n\n\n<div class=\"wp-bootstrap-blocks-row row\">\n\t\n\n<div class=\"col-12 col-md-6\">\n\t\t\t<div class=\"h-100 bg-quittenbaum-fifth p-3\">\n\t\t\t\n\n<h4 class=\"wp-block-heading\" id=\"verschoben-wiesbaden-frankfurt-a-m-colmar-freiburg\">Wien<\/h4>\n\n\n\n<p>16.\/17. M\u00e4rz 2026<\/p>\n\n\n\n<p><a href=\"mailto:info@quittenbaum.de\">Jetzt Termin vereinbaren<\/a><\/p>\n\n\t\t<\/div>\n\t<\/div>\n\n\n\n<div class=\"col-12 col-md-6\">\n\t\t\t<div class=\"h-100 bg-quittenbaum-fifth p-3\">\n\t\t\t\n\n<h4 class=\"wp-block-heading\" id=\"verschoben-wiesbaden-frankfurt-a-m-colmar-freiburg\">M\u00fcnchen<\/h4>\n\n\n\n<p>20. M\u00e4rz 2026<br><strong>Sch\u00e4tzungstag im Auktionshaus<\/strong><\/p>\n\n\n\n<p><a href=\"mailto:info@quittenbaum.de\">Jetzt Termin vereinbaren<\/a><\/p>\n\n\t\t<\/div>\n\t<\/div>\n\n<\/div>\n\n\n\n<div style=\"height:30px\" aria-hidden=\"true\" class=\"wp-block-spacer\"><\/div>\n\n\n<div class=\"wp-bootstrap-blocks-row row\">\n\t\n\n<div class=\"col-12 col-md-6\">\n\t\t\t<div class=\"h-100 bg-quittenbaum-fifth p-3\">\n\t\t\t\n\n<h4 class=\"wp-block-heading\" id=\"verschoben-wiesbaden-frankfurt-a-m-colmar-freiburg\">Amsterdam<\/h4>\n\n\n\n<p>12. April 2026<\/p>\n\n\n\n<p><a href=\"mailto:info@quittenbaum.de\">Jetzt Termin vereinbaren<\/a><\/p>\n\n\t\t<\/div>\n\t<\/div>\n\n\n\n<div class=\"col-12 col-md-6\">\n\t\t\t<div class=\"h-100 bg-quittenbaum-fifth p-3\">\n\t\t\t\n\n<h4 class=\"wp-block-heading\" id=\"verschoben-wiesbaden-frankfurt-a-m-colmar-freiburg\">Br\u00fcssel<\/h4>\n\n\n\n<p>13. April 2026<\/p>\n\n\n\n<p><a href=\"mailto:info@quittenbaum.de\">Jetzt Termin vereinbaren<\/a><\/p>\n\n\t\t<\/div>\n\t<\/div>\n\n<\/div>\n\n\n\n<div style=\"height:30px\" aria-hidden=\"true\" class=\"wp-block-spacer\"><\/div>\n\n\n<div class=\"wp-bootstrap-blocks-row row\">\n\t\n\n<div class=\"col-12 col-md-6\">\n\t\t\t<div class=\"h-100 bg-quittenbaum-fifth p-3\">\n\t\t\t\n\n<h4 class=\"wp-block-heading\" id=\"verschoben-wiesbaden-frankfurt-a-m-colmar-freiburg\">D\u00fcsseldorf<\/h4>\n\n\n\n<p>14. April 2026<br><strong>Sch\u00e4tzungstag in der Repr\u00e4sentanz<\/strong><\/p>\n\n\n\n<p><a href=\"mailto:info@quittenbaum.de\">Jetzt Termin vereinbaren<\/a><\/p>\n\n\t\t<\/div>\n\t<\/div>\n\n\n\n<div class=\"col-12 col-md-6\">\n\t\t\t<div class=\"h-100 bg-quittenbaum-fifth p-3\">\n\t\t\t\n\n<h4 class=\"wp-block-heading\" id=\"verschoben-wiesbaden-frankfurt-a-m-colmar-freiburg\">Rheinland<\/h4>\n\n\n\n<p>14.\/15. April 2026<\/p>\n\n\n\n<p><a href=\"mailto:info@quittenbaum.de\">Jetzt Termin vereinbaren<\/a><\/p>\n\n\t\t<\/div>\n\t<\/div>\n\n<\/div>\n\n\n\n<p><\/p>\n","protected":false},"excerpt":{"rendered":"<p>2026 [&#8230;]<\/p>\n<p><a class=\"btn btn-ppc understrap-read-more-link\" href=\"https:\/\/www.quittenbaum.de\/de\/termine\/expertenreisen\/\">Weiterlesen&#8230;<\/a><\/p>\n","protected":false},"author":2,"featured_media":0,"parent":101,"menu_order":0,"comment_status":"closed","ping_status":"closed","template":"page-templates\/fullwidthpage.php","meta":{"footnotes":""},"class_list":["post-3616","page","type-page","status-publish","hentry"],"_links":{"self":[{"href":"https:\/\/www.quittenbaum.de\/de\/wp-json\/wp\/v2\/pages\/3616","targetHints":{"allow":["GET"]}}],"collection":[{"href":"https:\/\/www.quittenbaum.de\/de\/wp-json\/wp\/v2\/pages"}],"about":[{"href":"https:\/\/www.quittenbaum.de\/de\/wp-json\/wp\/v2\/types\/page"}],"author":[{"embeddable":true,"href":"https:\/\/www.quittenbaum.de\/de\/wp-json\/wp\/v2\/users\/2"}],"replies":[{"embeddable":true,"href":"https:\/\/www.quittenbaum.de\/de\/wp-json\/wp\/v2\/comments?post=3616"}],"version-history":[{"count":91,"href":"https:\/\/www.quittenbaum.de\/de\/wp-json\/wp\/v2\/pages\/3616\/revisions"}],"predecessor-version":[{"id":9067,"href":"https:\/\/www.quittenbaum.de\/de\/wp-json\/wp\/v2\/pages\/3616\/revisions\/9067"}],"up":[{"embeddable":true,"href":"https:\/\/www.quittenbaum.de\/de\/wp-json\/wp\/v2\/pages\/101"}],"wp:attachment":[{"href":"https:\/\/www.quittenbaum.de\/de\/wp-json\/wp\/v2\/media?parent=3616"}],"curies":[{"name":"wp","href":"https:\/\/api.w.org\/{rel}","templated":true}]}}