{"id":3,"date":"2020-07-06T20:37:03","date_gmt":"2020-07-06T18:37:03","guid":{"rendered":"https:\/\/www.quittenbaum.de\/?page_id=3"},"modified":"2021-10-04T22:50:11","modified_gmt":"2021-10-04T20:50:11","slug":"datenschutzerklaerung","status":"publish","type":"page","link":"https:\/\/www.quittenbaum.de\/de\/datenschutzerklaerung\/","title":{"rendered":"Datenschutz"},"content":{"rendered":"\n<h4 class=\"wp-block-heading\">Quittenbaum Kunstauktionen GmbH<\/h4>\n\n\n\n<p>Theresienstr. 60<br>D-80333 M\u00fcnchen<br>Telefon: +49 89 273702125<br>Telefax: +49 89 273702122<br>E-Mail: info@quittenbaum.de<br>Internet: www.quittenbaum.de<\/p>\n\n\n\n<p>Pers\u00f6nlich haftender Gesellschafter:<br>Askan Quittenbaum<\/p>\n\n\n\n<p>Vertretungsberechtigter Gesch\u00e4ftsf\u00fchrer: Askan Quittenbaum<\/p>\n\n\n\n<p>Registergericht: Amtsgericht M\u00fcnchen<br>Registernummer: HRB 172005<\/p>\n\n\n\n<p>Donner &amp; Reuschel AG,&nbsp;Boschetsrieder Str. 1,&nbsp;81379 Muenchen, Germany<br>BLZ: 200 303 00, Kto: 0226880200<br>IBAN: DE 57 2003 0300 0226 8802 00, Swift Code: CHDBDEHHXXX<\/p>\n\n\n\n<p>Hypo Vereinsbank, Muenchen, BLZ: 700 202 70, Kto. 25 99 120 IBAN: DE 83 7002 0270 0002 5991 20, Swift Code: HYVEDEMMXXX<br>Umsatzsteuer-Identifikationsnummer gem\u00e4\u00df \u00a7 27 a Umsatzsteuergesetz: DE 221032093<\/p>\n\n\n\n<p>Inhaltlich Verantwortlicher gem\u00e4\u00df \u00a7 6 MDStV: Askan Quittenbaum<br>Webdesign:&nbsp;<a href=\"http:\/\/www.corporate-design-solutions.de\/\" target=\"_blank\" rel=\"noreferrer noopener\">corporate design solutions<\/a><\/p>\n\n\n\n<p>Mitarbeiterfotos: Daniel Kraus Photoworks,&nbsp;<a href=\"https:\/\/www.quittenbaum.de\/de\/datenschutzerklaerung\/danielkrausphotoworks.com\" target=\"_blank\" rel=\"noreferrer noopener\">danielkrausphotoworks.com<\/a><\/p>\n\n\n\n<p>Diese&nbsp;<strong>Datenschutzerkl\u00e4rung<\/strong>&nbsp;(nachstehend als &#8218;Erkl\u00e4rung&#8216; bezeichnet) gibt Aufschluss dar\u00fcber, welche personenbezogenen Daten wir entweder direkt oder indirekt von Ihnen erfassen und wie wir diese nutzen. Personenbezogene Daten sind Informationen, anhand derer Sie identifiziert werden k\u00f6nnen, oder die wir mit Ihnen verkn\u00fcpfen k\u00f6nnen. Diese Erkl\u00e4rung gibt auch an, welche Entscheidungen Sie \u00fcber die von uns erhobenen Daten treffen k\u00f6nnen und wie Sie diese Entscheidungen steuern k\u00f6nnen. Sie gilt f\u00fcr alle von Quittenbaum Kunstauktionen GmbH kontrollierten Webseiten und sonstige Interaktionen au\u00dferhalb des Internets, wie beispielsweise der Besuch unserer Gesch\u00e4ftsr\u00e4ume oder die Teilnahme an einer Veranstaltung von Quittenbaum (nachstehend gemeinsam als &#8218;Dienstleistungen&#8216; bezeichnet). Bitte lesen Sie diese Erkl\u00e4rung sorgf\u00e4ltig durch, um zu erfahren, wie Quittenbaum Ihre personenbezogenen Daten erfasst, verwendet oder teilt. Formulierungen wie &#8218;wir&#8216;, &#8218;uns&#8216; oder &#8218;Quittenbaum&#8216; verweisen allesamt auf Quittenbaum Kunstauktionen GmbH.<\/p>\n\n\n\n<p><strong>Erfassung allgemeiner Informationen<\/strong><\/p>\n\n\n\n<p>Wenn Sie auf unsere Webseite zugreifen, werden automatisch Informationen allgemeiner Natur erfasst. Diese Informationen (Server-Logfiles) beinhalten etwa die Art des Webbrowsers, das verwendete Betriebssystem, den Domainnamen Ihres Internet Service Providers und \u00c4hnliches. Hierbei handelt es sich ausschlie\u00dflich um Informationen, welche keine R\u00fcckschl\u00fcsse auf Ihre Person zulassen. Diese Informationen sind technisch notwendig, um von Ihnen angeforderte Inhalte von Webseiten korrekt auszuliefern und fallen bei Nutzung des Internets zwingend an. Anonyme Informationen dieser Art werden von uns statistisch ausgewertet, um unseren Internetauftritt und die dahinterstehende Technik zu optimieren.<\/p>\n\n\n\n<p><strong>Cookies<\/strong><\/p>\n\n\n\n<p>Wie viele andere Webseiten verwenden wir auch so genannte \u201eCookies\u201c. Cookies sind kleine Textdateien, die von einem Webseitenserver auf Ihre Festplatte \u00fcbertragen werden. Hierdurch erhalten wir automatisch bestimmte Daten wie z. B. IP-Adresse, verwendeter Browser, Betriebssystem \u00fcber Ihren Computer und Ihre Verbindung zum Internet. Cookies k\u00f6nnen nicht verwendet werden, um Programme zu starten oder Viren auf einen Computer zu \u00fcbertragen. Anhand der in Cookies enthaltenen Informationen k\u00f6nnen wir Ihnen die Navigation erleichtern und die korrekte Anzeige unserer Webseiten erm\u00f6glichen. In keinem Fall werden die von uns erfassten Daten an Dritte weitergegeben oder ohne Ihre Einwilligung eine Verkn\u00fcpfung mit personenbezogenen Daten hergestellt. Nat\u00fcrlich k\u00f6nnen Sie unsere Webseite grunds\u00e4tzlich auch ohne Cookies betrachten. Internet-Browser sind regelm\u00e4\u00dfig so eingestellt, dass sie Cookies akzeptieren. Sie k\u00f6nnen die Verwendung von Cookies jederzeit \u00fcber die Einstellungen Ihres Browsers deaktivieren. Bitte verwenden Sie die Hilfefunktionen Ihres Internetbrowsers, um zu erfahren, wie Sie diese Einstellungen \u00e4ndern k\u00f6nnen. Bitte beachten Sie, dass einzelne Funktionen unserer Webseite m\u00f6glicherweise nicht funktionieren, wenn Sie die Verwendung von Cookies deaktiviert haben.<\/p>\n\n\n\n<p><strong>Registrierung auf unserer Webseite<\/strong><\/p>\n\n\n\n<p>Bei der Registrierung f\u00fcr die Nutzung unserer personalisierten Leistungen werden einige personenbezogene Daten erhoben, wie Name, Anschrift, Kontakt- und Kommunikationsdaten wie Telefonnummer und E-Mail-Adresse. Sind Sie bei uns registriert, k\u00f6nnen Sie auf Inhalte und Leistungen zugreifen, die wir nur registrierten Nutzern anbieten. Angemeldete Nutzer haben zudem die M\u00f6glichkeit, bei Bedarf die bei Registrierung angegebenen Daten jederzeit zu \u00e4ndern oder zu l\u00f6schen. Selbstverst\u00e4ndlich erteilen wir Ihnen dar\u00fcber hinaus jederzeit Auskunft \u00fcber die von uns \u00fcber Sie gespeicherten personenbezogenen Daten. Gerne berichtigen bzw. l\u00f6schen wir diese auch auf Ihren Wunsch, soweit keine gesetzlichen Aufbewahrungspflichten entgegenstehen. Zur Kontaktaufnahme in diesem Zusammenhang nutzen Sie bitte die am Ende dieser Datenschutzerkl\u00e4rung angegebenen Kontaktdaten.<\/p>\n\n\n\n<p><strong>SSL-Verschl\u00fcsselung<\/strong><\/p>\n\n\n\n<p>Um die Sicherheit Ihrer Daten bei der \u00dcbertragung zu sch\u00fctzen, verwenden wir dem aktuellen Stand der Technik entsprechende Verschl\u00fcsselungsverfahren (z. B. SSL) \u00fcber HTTPS.<\/p>\n\n\n\n<p><strong>Newsletter<\/strong><\/p>\n\n\n\n<p>Bei der Anmeldung zum Bezug unseres Newsletters werden die von Ihnen angegebenen Daten ausschlie\u00dflich f\u00fcr diesen Zweck verwendet. Abonnenten k\u00f6nnen auch \u00fcber Umst\u00e4nde per E-Mail informiert werden, die f\u00fcr den Dienst oder die Registrierung relevant sind (Beispielsweise \u00c4nderungen des Newsletterangebots oder technische Gegebenheiten). F\u00fcr eine wirksame Registrierung ben\u00f6tigen wir eine g\u00fcltige E-Mail-Adresse. Um zu \u00fcberpr\u00fcfen, dass eine Anmeldung tats\u00e4chlich durch den Inhaber einer E-Mail-Adresse erfolgt, setzen wir das \u201eDouble-opt-in\u201c-Verfahren ein. Hierzu protokollieren wir die Bestellung des Newsletters, den Versand einer Best\u00e4tigungs-E-mail und den Eingang der hiermit angeforderten Antwort. Weitere Daten werden nicht erhoben. Die Daten werden ausschlie\u00dflich f\u00fcr den Newsletterversand verwendet und nicht an Dritte weitergegeben. Die Einwilligung zur Speicherung Ihrer pers\u00f6nlichen Daten und ihrer Nutzung f\u00fcr den Newsletterversand k\u00f6nnen Sie jederzeit widerrufen. In jedem Newsletter findet sich dazu ein entsprechender Link. Au\u00dferdem k\u00f6nnen Sie sich jederzeit auch direkt auf dieser Webseite abmelden oder uns Ihren entsprechenden Wunsch \u00fcber die am Ende dieser Datenschutzhinweise angegebene Kontaktm\u00f6glichkeit mitteilen.<\/p>\n\n\n\n<p>Die Speicherung der Newsletterdaten erfolgt bei CleverReach\u00ae.<\/p>\n\n\n\n<p><strong>Kontaktformular<\/strong><\/p>\n\n\n\n<p>Treten Sie per E-Mail oder Kontaktformular mit uns in Kontakt, werden die von Ihnen gemachten Angaben zum Zwecke der Bearbeitung der Anfrage sowie f\u00fcr m\u00f6gliche Anschlussfragen gespeichert.<\/p>\n\n\n\n<p><strong>L\u00f6schung bzw. Sperrung der Daten<\/strong><\/p>\n\n\n\n<p>Wir halten uns an die Grunds\u00e4tze der Datenvermeidung und Datensparsamkeit. Wir speichern Ihre personenbezogenen Daten daher nur so lange, wie dies zur Erreichung der hier genannten Zwecke erforderlich ist oder wie es die vom Gesetzgeber vorgesehenen vielf\u00e4ltigen Speicherfristen vorsehen. Nach Fortfall des jeweiligen Zweckes bzw. Ablauf dieser Fristen werden die entsprechenden Daten routinem\u00e4\u00dfig und entsprechend den gesetzlichen Vorschriften gesperrt oder gel\u00f6scht.<\/p>\n\n\n\n<p><strong>Verwendung von Matomo<\/strong><\/p>\n\n\n\n<p>Diese Webseite benutzt Matomo, eine Open-Source-Software zur statistischen Auswertung von Besucherzugriffen. Matomo verwendet sog. \u201eCookies\u201c, Textdateien, die auf Ihrem Computer gespeichert werden und die eine Analyse der Benutzung der Website durch Sie erm\u00f6glichen. Die durch den Cookie erzeugten Informationen \u00fcber Ihre Nutzung des Internetangebotes werden auf einem Server in Deutschland gespeichert. Die IP-Adresse wird unmittelbar nach der Verarbeitung und vor deren Speicherung anonymisiert. Sie haben die M\u00f6glichkeit, die Installation der Cookies durch \u00c4nderung der Einstellung Ihrer Browser-Software zu verhindern. Wir weisen Sie darauf hin, dass bei entsprechender Einstellung eventuell nicht mehr alle Funktionen dieser Webseite zur Verf\u00fcgung stehen. Sie k\u00f6nnen sich entscheiden, ob in Ihrem Browser ein eindeutiger Webanalyse-Cookie abgelegt werden darf, um dem Betreiber der Webseite die Erfassung und Analyse verschiedener statistischer Daten zu erm\u00f6glichen.<\/p>\n\n\n<p id=\"matomo_opted_out_intro\" style=\"display:none;\">Opt-out abgeschlossen; Ihre Besuche auf dieser Webseite werden nicht vom Webanalysetool erfasst. Bitte beachten Sie, dass auch der Matomo-Deaktivierungs-Cookie dieser Webseite gel\u00f6scht wird, wenn Sie die in Ihrem Browser abgelegten Cookies entfernen. Au\u00dferdem m\u00fcssen Sie, wenn Sie einen anderen Computer oder einen anderen Webbrowser verwenden, die Deaktivierungsprozedur nochmals absolvieren.<\/p><p id=\"matomo_opted_in_intro\" >Sie haben die M\u00f6glichkeit zu verhindern, dass von Ihnen hier get\u00e4tigte Aktionen analysiert und verkn\u00fcpft werden. Dies wird Ihre Privatsph\u00e4re sch\u00fctzen, aber wird auch den Besitzer daran hindern, aus Ihren Aktionen zu lernen und die Bedienbarkeit f\u00fcr Sie und andere Benutzer zu verbessern.<\/p><form>\n        <input type=\"checkbox\" id=\"matomo_optout_checkbox\" checked=\"checked\"\/>\n        <label for=\"matomo_optout_checkbox\"><strong>\n        <span id=\"matomo_opted_in_label\" >Ihr Besuch dieser Webseite wird aktuell von der Matomo Webanalyse erfasst. Diese Checkbox abw\u00e4hlen f\u00fcr Opt-Out.<\/span>\n\t\t<span id=\"matomo_opted_out_label\" style=\"display:none;\">Ihr Besuch dieser Webseite wird aktuell von der Matomo Webanalyse nicht erfasst. Diese Checkbox aktivieren f\u00fcr Opt-In.<\/span>\n        <\/strong><\/label><\/form><noscript><p><strong style=\"color: #ff0000;\">This opt out feature requires JavaScript.<\/strong><\/p><\/noscript><p id=\"matomo_outout_err_cookies\" style=\"display: none;\"><strong>Die Tracking opt-out Funktion ben\u00f6tigt aktivierte Cookies.<\/strong><\/p>\n\n\n\n<p><strong>Verwendung von Google Maps<\/strong><\/p>\n\n\n\n<p>Diese Webseite verwendet Google Maps API, um geographische Informationen visuell darzustellen. Bei der Nutzung von Google Maps werden von Google auch Daten \u00fcber die Nutzung der Kartenfunktionen durch Besucher erhoben, verarbeitet und genutzt. N\u00e4here Informationen \u00fcber die Datenverarbeitung durch Google k\u00f6nnen Sie den Google-Datenschutzhinweisen (<a href=\"http:\/\/www.google.com\/privacypolicy.html\" target=\"_blank\" rel=\"noreferrer noopener\">http:\/\/www.google.com\/privacypolicy.html<\/a>) entnehmen. Dort k\u00f6nnen Sie im Datenschutzcenter auch Ihre pers\u00f6nlichen Datenschutz-Einstellungen ver\u00e4ndern.<\/p>\n\n\n\n<p>Ausf\u00fchrliche Anleitungen zur Verwaltung der eigenen Daten im Zusammenhang mit Google-Produkten finden Sie&nbsp;<a href=\"http:\/\/www.dataliberation.org\/\" target=\"_blank\" rel=\"noreferrer noopener\">hier<\/a>.<\/p>\n\n\n\n<p><strong>Eingebettete YouTube-Videos<\/strong><\/p>\n\n\n\n<p>Auf einigen unserer Webseiten betten wir Youtube-Videos ein. Betreiber der entsprechenden Plugins ist die YouTube, LLC, 901 Cherry Ave., San Bruno, CA 94066, USA. Wenn Sie eine Seite mit dem YouTube-Plugin besuchen, wird eine Verbindung zu Servern von YouTube hergestellt. Dabei wird YouTube mitgeteilt, welche Seiten Sie besuchen. Wenn Sie in Ihrem YouTube-Account eingeloggt sind, kann Youtube Ihr Surfverhalten Ihnen pers\u00f6nlich zuzuordnen. Dies verhindern Sie, indem Sie sich vorher aus Ihrem YouTube-Account ausloggen. Wird ein YouTube-Video gestartet, setzt der Anbieter Cookies ein, die Hinweise \u00fcber das Nutzerverhalten sammeln. Wer das Speichern von Cookies f\u00fcr das Google-Ad-Programm deaktiviert hat, wird auch beim Anschauen von YouTube-Videos mit keinen solchen Cookies rechnen m\u00fcssen. YouTube legt aber auch in anderen Cookies nicht-personenbezogene Nutzungsinformationen ab. M\u00f6chten Sie dies verhindern, so m\u00fcssen Sie das Speichern von Cookies im Browser blockieren. Weitere Informationen zum Datenschutz bei \u201eYouTube\u201c finden Sie in der Datenschutzerkl\u00e4rung des Anbieters unter:&nbsp;<a href=\"https:\/\/www.google.de\/intl\/de\/policies\/privacy\/\" target=\"_blank\" rel=\"noreferrer noopener\">https:\/\/www.google.de\/intl\/de\/policies\/privacy\/<\/a><\/p>\n\n\n\n<p><strong>Social Plugins<\/strong><\/p>\n\n\n\n<p>Wir bieten Ihnen auf unserer Webseite die M\u00f6glichkeit der Nutzung von sog. \u201eSocial-Media-Buttons\u201c an. Zum Schutze Ihrer Daten setzen wir bei der Implementierung auf die L\u00f6sung \u201eShariff\u201c. Hierdurch werden diese Buttons auf der Webseite lediglich als Grafik eingebunden, die eine Verlinkung auf die entsprechende Webseite des Button-Anbieters enth\u00e4lt. Durch Anklicken der Grafik werden Sie somit zu den Diensten der jeweiligen Anbieter weitergeleitet. Erst dann werden Ihre Daten an die jeweiligen Anbieter gesendet. Sofern Sie die Grafik nicht anklicken, findet keinerlei Austausch zwischen Ihnen und den Anbietern der Social-Media-Buttons statt. Informationen \u00fcber die Erhebung und Verwendung Ihrer Daten in den sozialen Netzwerken finden Sie in den jeweiligen Nutzungsbedingungen der entsprechenden Anbieter. Mehr Informationen zur Shariff-L\u00f6sung finden Sie&nbsp;<a href=\"http:\/\/www.heise.de\/ct\/artikel\/Shariff-Social-Media-Buttons-mit-Datenschutz-2467514.html\" target=\"_blank\" rel=\"noreferrer noopener\">hier<\/a>.<\/p>\n\n\n\n<p>Wir haben auf unserer Website die Social-Media-Buttons folgender Unternehmen eingebunden: Facebook Inc. (1601 S. California Ave &#8211; Palo Alto &#8211; CA 94304 &#8211; USA) Twitter Inc. (795 Folsom St. &#8211; Suite 600 &#8211; San Francisco &#8211; CA 94107 &#8211; USA) Pinterest<\/p>\n\n\n\n<p><strong>Ihre Rechte auf Auskunft, Berichtigung, Sperre, L\u00f6schung und Widerspruch<\/strong><\/p>\n\n\n\n<p>Sie haben das Recht, jederzeit Auskunft \u00fcber Ihre bei uns gespeicherten personenbezogenen Daten zu erhalten. Ebenso haben Sie das Recht auf Berichtigung, Sperrung oder, abgesehen von der vorgeschriebenen Datenspeicherung zur Gesch\u00e4ftsabwicklung, L\u00f6schung Ihrer personenbezogenen Daten. Bitte wenden Sie sich dazu an unseren Datenschutzbeauftragten. Die Kontaktdaten finden Sie ganz unten. Damit eine Sperre von Daten jederzeit ber\u00fccksichtigt werden kann, m\u00fcssen diese Daten zu Kontrollzwecken in einer Sperrdatei vorgehalten werden. Sie k\u00f6nnen auch die L\u00f6schung der Daten verlangen, soweit keine gesetzliche Archivierungsverpflichtung besteht. Soweit eine solche Verpflichtung besteht, sperren wir Ihre Daten auf Wunsch. Sie k\u00f6nnen \u00c4nderungen oder den Widerruf einer Einwilligung durch entsprechende Mitteilung an uns mit Wirkung f\u00fcr die Zukunft vornehmen.<\/p>\n\n\n\n<p><strong>\u00c4nderung unserer Datenschutzbestimmungen<\/strong><\/p>\n\n\n\n<p>Wir behalten uns vor, diese Datenschutzerkl\u00e4rung gelegentlich anzupassen, damit sie stets den aktuellen rechtlichen Anforderungen entspricht oder um \u00c4nderungen unserer Leistungen in der Datenschutzerkl\u00e4rung umzusetzen, z. B. bei der Einf\u00fchrung neuer Services. F\u00fcr Ihren erneuten Besuch gilt dann die neue Datenschutzerkl\u00e4rung.<\/p>\n\n\n\n<p><strong>Fragen an den Datenschutzbeauftragten<\/strong><\/p>\n\n\n\n<p>Wenn Sie Fragen zum Datenschutz haben, schreiben Sie uns bitte eine E-Mail oder wenden Sie sich direkt an uns:<\/p>\n\n\n\n<p><strong>Quittenbaum Kunstauktionen GmbH<\/strong>&nbsp;Herr Askan Quittenbaum<\/p>\n\n\n\n<p>Theresienstr. 60 D-80333 M\u00fcnchen Telefon: +49 89 273702125 Telefax: +49 89 273702122 E-Mail: info@quittenbaum.de<\/p>\n\n\n\n<p><strong>Datenverarbeitung nach DS-GVO<\/strong><\/p>\n\n\n\n<p>Quittenbaum Kunstauktionen GmbH garantiert die Einhaltung der geltenden deutschen Bestimmungen zum Datenschutz nach BDSG und DS-GVO. Dazu sind die bei Quittenbaum t\u00e4tigen Mitarbeiter gem\u00e4\u00df \u00a7 5 Satz 2 BDSG (bzw. \u00a753 BDSG-neu) schriftlich auf das Datengeheimnis verpflichtet worden.<\/p>\n\n\n\n<p>Soweit Quittenbaum bei der Durchf\u00fchrung von Projekten personenbezogene Daten verarbeitet, wird Quittenbaum im Auftrag des Auftraggebers im Sinne des \u00a7 11 BDSG \/ Art. 28 DS-GVO t\u00e4tig. Quittenbaum wird die personenbezogenen Daten daher nur im Rahmen der getroffenen Vereinbarungen oder anderer schriftlicher Weisungen des Auftraggebers und gem\u00e4\u00df den datenschutzrechtlichen Bestimmungen nutzen.<\/p>\n\n\n\n<p>Zudem garantiert Quittenbaum, alle erhaltenen Informationen unbefristet geheim zu halten. Das gilt neben den betrieblichen Organisationsabl\u00e4ufen besonders f\u00fcr alle Informationen, die als vertraulich bezeichnet werden oder als Betriebs- und Gesch\u00e4ftsgeheimnisse erkennbar sind. Soweit es die Projekte nicht erfordern, werden keine Aufzeichnungen und Mitteilungen an Dritte \u00fcbermittelt. Wir geben personenbezogene Daten nur in Ausnahmef\u00e4llen an Dritte weiter. Dies geschieht nur, wenn: eine ausdr\u00fcckliche Einwilligung des Betroffenen dazu vorliegt,<\/p>\n\n\n\n<ul class=\"wp-block-list\"><li>die Verarbeitung zur Abwicklung eines Vertrags mit dem Betroffenen erforderlich ist,<\/li><li>die Verarbeitung zur Erf\u00fcllung einer rechtlichen Verpflichtung erforderlich ist,<\/li><li>die Verarbeitung zur Wahrung berechtigter Interessen erforderlich ist und kein Grund zur Annahme besteht, dass der Betroffene ein \u00fcberwiegendes schutzw\u00fcrdiges Interesse an der Nichtweitergabe seiner Daten hat. Wir ber\u00fccksichtigen die Grunds\u00e4tze der Datenminimierung und Datensparsamkeit nach Art. 5 DS-GVO, d.h. personenbezogene Daten werden nur so lange gespeichert, wie es gesetzliche Vorgaben vorsehen bzw. wie es f\u00fcr die genannten Zwecke erforderlich ist. Danach werden die personenbezogenen gesperrt bzw. gel\u00f6scht.<\/li><\/ul>\n\n\n\n<p>Quittenbaum unternimmt die nach Art. 32 DS-GVO und \u00a7 9 BDSG vorgeschriebenen Sicherheitsma\u00dfnahmen, um die auf ihren Systemen gespeicherten Daten vor unbefugtem Zugriff, Ver\u00e4nderung, Entwendung oder Zerst\u00f6rung zu sch\u00fctzen. Dies umfasst organisatorische und technische Ma\u00dfnahmen, um den Zugriff auf personenbezogene Daten auf Mitarbeiter von Quittenbaum zu beschr\u00e4nken (Zugangskontrolle). Ebenso wird der physische Zugang zu informationstechnischen Systeme kontrolliert und gesch\u00fctzt, auf denen personenbezogene Daten gespeichert sind (Zutrittskontrolle). Die Server von Quittenbaum befinden sich in Deutschland.<\/p>\n\n\n\n<p>Wir behalten uns das Recht vor, unsere Datenschutzerkl\u00e4rung anzupassen, z.B. um aktuelle rechtliche Anforderungen zu erf\u00fcllen.<\/p>\n\n\n\n<p>F\u00fcr Fragen bez\u00fcglich des Datenschutzes wenden Sie sich bitte an&nbsp;<a href=\"mailto:info@quittenbaum.de\" target=\"_blank\" rel=\"noreferrer noopener\">info@quittenbaum.de<\/a>.<\/p>\n","protected":false},"excerpt":{"rendered":"<p>Quittenbaum Kunstauktionen GmbH Theresienstr. 60D-80333 M\u00fcnchenTelefon: +49 89 273702125Telefax: +49 89 273702122E-Mail: info@quittenbaum.deInternet: www.quittenbaum.de Pers\u00f6nlich haftender Gesellschafter:Askan Quittenbaum Vertretungsberechtigter Gesch\u00e4ftsf\u00fchrer: Askan Quittenbaum Registergericht: Amtsgericht M\u00fcnchenRegisternummer: HRB 172005 Donner &amp; Reuschel AG,&nbsp;Boschetsrieder Str. 1,&nbsp;81379 Muenchen, GermanyBLZ: 200 303 00, Kto: 0226880200IBAN: DE 57 2003 0300 0226 8802 00, Swift Code: CHDBDEHHXXX Hypo Vereinsbank, Muenchen, BLZ: 700 [&#8230;]<\/p>\n<p><a class=\"btn btn-ppc understrap-read-more-link\" href=\"https:\/\/www.quittenbaum.de\/de\/datenschutzerklaerung\/\">Weiterlesen&#8230;<\/a><\/p>\n","protected":false},"author":1,"featured_media":0,"parent":0,"menu_order":0,"comment_status":"closed","ping_status":"open","template":"","meta":{"footnotes":""},"class_list":["post-3","page","type-page","status-publish","hentry"],"_links":{"self":[{"href":"https:\/\/www.quittenbaum.de\/de\/wp-json\/wp\/v2\/pages\/3","targetHints":{"allow":["GET"]}}],"collection":[{"href":"https:\/\/www.quittenbaum.de\/de\/wp-json\/wp\/v2\/pages"}],"about":[{"href":"https:\/\/www.quittenbaum.de\/de\/wp-json\/wp\/v2\/types\/page"}],"author":[{"embeddable":true,"href":"https:\/\/www.quittenbaum.de\/de\/wp-json\/wp\/v2\/users\/1"}],"replies":[{"embeddable":true,"href":"https:\/\/www.quittenbaum.de\/de\/wp-json\/wp\/v2\/comments?post=3"}],"version-history":[{"count":5,"href":"https:\/\/www.quittenbaum.de\/de\/wp-json\/wp\/v2\/pages\/3\/revisions"}],"predecessor-version":[{"id":3496,"href":"https:\/\/www.quittenbaum.de\/de\/wp-json\/wp\/v2\/pages\/3\/revisions\/3496"}],"wp:attachment":[{"href":"https:\/\/www.quittenbaum.de\/de\/wp-json\/wp\/v2\/media?parent=3"}],"curies":[{"name":"wp","href":"https:\/\/api.w.org\/{rel}","templated":true}]}}