{"id":2719,"date":"2021-05-21T12:46:15","date_gmt":"2021-05-21T10:46:15","guid":{"rendered":"https:\/\/www.quittenbaum.de\/?page_id=2719"},"modified":"2026-01-19T12:20:44","modified_gmt":"2026-01-19T11:20:44","slug":"quittenbaum-live","status":"publish","type":"page","link":"https:\/\/www.quittenbaum.de\/de\/kaufen\/quittenbaum-live\/","title":{"rendered":"Quittenbaum Live"},"content":{"rendered":"\n<h2 class=\"wp-block-heading\">Sicher und bequem mitbieten<\/h2>\n\n\n\n<p>\u00dcber unseren Service <strong>\u2018Quittenbaum Live Bieten\u2019 <\/strong>k\u00f6nnen Sie den Auktionsverlauf in Echtzeit am Computer, am Tablet oder Smartphone verfolgen. Wenn Sie \u00fcber unsere Website live mitbieten wollen, m\u00fcssen Sie ein verifiziertes Kundenkonto haben und Sie m\u00fcssen sich vorab f\u00fcr die jeweilige Auktion registrieren. F\u00fcr <a href=\"mailto:n.becker@quittenbaum.de\">R\u00fcckfragen<\/a> stehen wir Ihnen jederzeit zur Verf\u00fcgung. <\/p>\n\n\n\n<h2 class=\"wp-block-heading\">Livestream<\/h2>\n\n\n\n<p>Per Video\u00fcbertragung k\u00f6nnen Sie alle Geschehnisse im Auktionssaal mitverfolgen. Treten Sie einfach, wie oben beschrieben in den digitalen Auktionssaal ein. Wenn Sie nur zuschauen m\u00f6chten, gen\u00fcgt eine Anmeldung mit E-Mail-Adresse und Passwort. <\/p>\n\n\n\n<div style=\"height:50px\" aria-hidden=\"true\" class=\"wp-block-spacer\"><\/div>\n\n\n<div class=\"wp-bootstrap-blocks-row row\">\n\t\n\n<div class=\"col-12 col-md-6\">\n\t\t\t\n\n<h3 class=\"wp-block-heading\">Die Registierung &#8211; Schritt f\u00fcr Schritt<\/h3>\n\n\n\n<h4 class=\"wp-block-heading\">Im folgenden Video zeigen wir Ihnen Schritt f\u00fcr Schritt den Registrierungsprozess.<\/h4>\n\n\n\n<figure class=\"wp-block-video\"><video height=\"1080\" style=\"aspect-ratio: 1920 \/ 1080;\" width=\"1920\" controls poster=\"https:\/\/www.quittenbaum.de\/wp-content\/uploads\/2021\/06\/Bildschirmfoto-2021-06-23-um-11.22.34.png\" src=\"https:\/\/www.quittenbaum.de\/wp-content\/uploads\/2021\/06\/Quittenbaum-Registrierung-Untertitel.mp4\"><\/video><\/figure>\n\n\t<\/div>\n\n\n\n<div class=\"col-12 col-md-6\">\n\t\t\t\n\n<h3 class=\"wp-block-heading\">Am Auktionstag &#8211; live mitbieten<\/h3>\n\n\n\n<h4 class=\"wp-block-heading\">Im folgenden Video zeigen wir Ihnen den detaillierten Ablauf des Live-Bietens.<\/h4>\n\n\n\n<figure class=\"wp-block-video\"><video height=\"1080\" style=\"aspect-ratio: 1920 \/ 1080;\" width=\"1920\" controls poster=\"https:\/\/www.quittenbaum.de\/wp-content\/uploads\/2021\/06\/Bildschirmfoto-2021-06-23-um-11.21.54.png\" src=\"https:\/\/www.quittenbaum.de\/wp-content\/uploads\/2021\/06\/Quittenbaum-live-Untertitel.mp4\"><\/video><\/figure>\n\n\n\n<p><\/p>\n\n\t<\/div>\n\n<\/div>\n\n\n\n<div style=\"height:50px\" aria-hidden=\"true\" class=\"wp-block-spacer\"><\/div>\n\n\n\n<h3 class=\"wp-block-heading\">Am Auktionstag k\u00f6nnen Sie \u00fcber die jeweilige Auktionsseite an der Online-Auktion teilnehmen.<\/h3>\n\n\n\n<div style=\"height:50px\" aria-hidden=\"true\" class=\"wp-block-spacer\"><\/div>\n\n\n<div class=\"wp-bootstrap-blocks-row row\">\n\t\n\n<div class=\"col-12 col-md-8\">\n\t\t\t\n\n<figure class=\"wp-block-image size-large is-style-default\"><img loading=\"lazy\" decoding=\"async\" width=\"1024\" height=\"610\" src=\"https:\/\/www.quittenbaum.de\/wp-content\/uploads\/2021\/07\/Bieten-DE-Kopie-1024x610.jpg\" alt=\"\" class=\"wp-image-3236\" srcset=\"https:\/\/www.quittenbaum.de\/wp-content\/uploads\/2021\/07\/Bieten-DE-Kopie-1024x610.jpg 1024w, https:\/\/www.quittenbaum.de\/wp-content\/uploads\/2021\/07\/Bieten-DE-Kopie-300x179.jpg 300w, https:\/\/www.quittenbaum.de\/wp-content\/uploads\/2021\/07\/Bieten-DE-Kopie-768x458.jpg 768w, https:\/\/www.quittenbaum.de\/wp-content\/uploads\/2021\/07\/Bieten-DE-Kopie-1536x915.jpg 1536w, https:\/\/www.quittenbaum.de\/wp-content\/uploads\/2021\/07\/Bieten-DE-Kopie-2048x1220.jpg 2048w, https:\/\/www.quittenbaum.de\/wp-content\/uploads\/2021\/07\/Bieten-DE-Kopie-1920x1144.jpg 1920w\" sizes=\"auto, (max-width: 1024px) 100vw, 1024px\" \/><\/figure>\n\n\t<\/div>\n\n\n\n<div class=\"col-12 col-md-4\">\n\t\t\t<div class=\"h-100 d-flex flex-column justify-content-start bg-quittenbaum-third p-3\">\n\t\t\t\n\n<p><strong>Bieten<\/strong><\/p>\n\n\n\n<p>In der linken Spalte sehen Sie ein Live-Video der Auktion, sowie eine Liste aller Lose.<\/p>\n\n\n\n<p>In der mittleren Spalte wird das aktuelle Los gezeigt.<\/p>\n\n\n\n<p>In der rechten Spalte sehen Sie den Aufrufpreis, sowie das aktuelle Gebot. Wenn Sie auf das Objekt den aufgerufenen Preis bieten m\u00f6chten, klicken Sie auf \u2018Jetzt bieten\u2019.<\/p>\n\n\t\t<\/div>\n\t<\/div>\n\n<\/div>\n\n\n\n<div style=\"height:30px\" aria-hidden=\"true\" class=\"wp-block-spacer\"><\/div>\n\n\n<div class=\"wp-bootstrap-blocks-row row\">\n\t\n\n<div class=\"col-12 col-md-8\">\n\t\t\t\n\n<figure class=\"wp-block-image size-large\"><img loading=\"lazy\" decoding=\"async\" width=\"1024\" height=\"610\" src=\"https:\/\/www.quittenbaum.de\/wp-content\/uploads\/2021\/07\/Fair-Warning-DE-Kopie-1024x610.jpg\" alt=\"\" class=\"wp-image-3238\" srcset=\"https:\/\/www.quittenbaum.de\/wp-content\/uploads\/2021\/07\/Fair-Warning-DE-Kopie-1024x610.jpg 1024w, https:\/\/www.quittenbaum.de\/wp-content\/uploads\/2021\/07\/Fair-Warning-DE-Kopie-300x179.jpg 300w, https:\/\/www.quittenbaum.de\/wp-content\/uploads\/2021\/07\/Fair-Warning-DE-Kopie-768x458.jpg 768w, https:\/\/www.quittenbaum.de\/wp-content\/uploads\/2021\/07\/Fair-Warning-DE-Kopie-1536x915.jpg 1536w, https:\/\/www.quittenbaum.de\/wp-content\/uploads\/2021\/07\/Fair-Warning-DE-Kopie-2048x1220.jpg 2048w, https:\/\/www.quittenbaum.de\/wp-content\/uploads\/2021\/07\/Fair-Warning-DE-Kopie-1920x1144.jpg 1920w\" sizes=\"auto, (max-width: 1024px) 100vw, 1024px\" \/><\/figure>\n\n\t<\/div>\n\n\n\n<div class=\"col-12 col-md-4\">\n\t\t\t<div class=\"h-100 d-flex flex-column justify-content-start bg-quittenbaum-third p-3\">\n\t\t\t\n\n<p><strong>Last Chance<\/strong><\/p>\n\n\n\n<p>In der Liste der rechten Spalte sehen Sie die Gebotshistorie des Loses. Wenn das Los kurz vor dem Zuschlag steht, erscheinen die Warnungen \u2018Fair Warning\u2019 und \u2018Last Chance\u2019.<\/p>\n\n\t\t<\/div>\n\t<\/div>\n\n<\/div>\n\n\n\n<div style=\"height:30px\" aria-hidden=\"true\" class=\"wp-block-spacer\"><\/div>\n\n\n<div class=\"wp-bootstrap-blocks-row row\">\n\t\n\n<div class=\"col-12 col-md-8\">\n\t\t\t\n\n<figure class=\"wp-block-image size-large\"><img loading=\"lazy\" decoding=\"async\" width=\"1024\" height=\"610\" src=\"https:\/\/www.quittenbaum.de\/wp-content\/uploads\/2021\/07\/Zuschlag-DE-Kopie-1024x610.jpg\" alt=\"\" class=\"wp-image-3246\" srcset=\"https:\/\/www.quittenbaum.de\/wp-content\/uploads\/2021\/07\/Zuschlag-DE-Kopie-1024x610.jpg 1024w, https:\/\/www.quittenbaum.de\/wp-content\/uploads\/2021\/07\/Zuschlag-DE-Kopie-300x179.jpg 300w, https:\/\/www.quittenbaum.de\/wp-content\/uploads\/2021\/07\/Zuschlag-DE-Kopie-768x458.jpg 768w, https:\/\/www.quittenbaum.de\/wp-content\/uploads\/2021\/07\/Zuschlag-DE-Kopie-1536x915.jpg 1536w, https:\/\/www.quittenbaum.de\/wp-content\/uploads\/2021\/07\/Zuschlag-DE-Kopie-2048x1220.jpg 2048w, https:\/\/www.quittenbaum.de\/wp-content\/uploads\/2021\/07\/Zuschlag-DE-Kopie-1920x1144.jpg 1920w\" sizes=\"auto, (max-width: 1024px) 100vw, 1024px\" \/><\/figure>\n\n\t<\/div>\n\n\n\n<div class=\"col-12 col-md-4\">\n\t\t\t<div class=\"h-100 d-flex flex-column justify-content-start bg-quittenbaum-third p-3\">\n\t\t\t\n\n<p class=\"has-text-align-left\"><strong>Zuschlag<\/strong><\/p>\n\n\n\n<p class=\"has-text-align-left\">Sollten Sie mit Ihrem Gebot der H\u00f6chstbietende sein, dann werden Sie bei Zuschlag umgehend informiert.<\/p>\n\n\t\t<\/div>\n\t<\/div>\n\n<\/div>\n","protected":false},"excerpt":{"rendered":"<p>Sicher und bequem mitbieten \u00dcber unseren Service \u2018Quittenbaum Live Bieten\u2019 k\u00f6nnen Sie den Auktionsverlauf in Echtzeit am Computer, am Tablet oder Smartphone verfolgen. Wenn Sie \u00fcber unsere Website live mitbieten wollen, m\u00fcssen Sie ein verifiziertes Kundenkonto haben und Sie m\u00fcssen sich vorab f\u00fcr die jeweilige Auktion registrieren. F\u00fcr R\u00fcckfragen stehen wir Ihnen jederzeit zur Verf\u00fcgung. [&#8230;]<\/p>\n<p><a class=\"btn btn-ppc understrap-read-more-link\" href=\"https:\/\/www.quittenbaum.de\/de\/kaufen\/quittenbaum-live\/\">Weiterlesen&#8230;<\/a><\/p>\n","protected":false},"author":1,"featured_media":2065,"parent":99,"menu_order":2,"comment_status":"closed","ping_status":"closed","template":"page-templates\/fullwidthpage.php","meta":{"footnotes":""},"class_list":["post-2719","page","type-page","status-publish","has-post-thumbnail","hentry"],"_links":{"self":[{"href":"https:\/\/www.quittenbaum.de\/de\/wp-json\/wp\/v2\/pages\/2719","targetHints":{"allow":["GET"]}}],"collection":[{"href":"https:\/\/www.quittenbaum.de\/de\/wp-json\/wp\/v2\/pages"}],"about":[{"href":"https:\/\/www.quittenbaum.de\/de\/wp-json\/wp\/v2\/types\/page"}],"author":[{"embeddable":true,"href":"https:\/\/www.quittenbaum.de\/de\/wp-json\/wp\/v2\/users\/1"}],"replies":[{"embeddable":true,"href":"https:\/\/www.quittenbaum.de\/de\/wp-json\/wp\/v2\/comments?post=2719"}],"version-history":[{"count":34,"href":"https:\/\/www.quittenbaum.de\/de\/wp-json\/wp\/v2\/pages\/2719\/revisions"}],"predecessor-version":[{"id":9004,"href":"https:\/\/www.quittenbaum.de\/de\/wp-json\/wp\/v2\/pages\/2719\/revisions\/9004"}],"up":[{"embeddable":true,"href":"https:\/\/www.quittenbaum.de\/de\/wp-json\/wp\/v2\/pages\/99"}],"wp:featuredmedia":[{"embeddable":true,"href":"https:\/\/www.quittenbaum.de\/de\/wp-json\/wp\/v2\/media\/2065"}],"wp:attachment":[{"href":"https:\/\/www.quittenbaum.de\/de\/wp-json\/wp\/v2\/media?parent=2719"}],"curies":[{"name":"wp","href":"https:\/\/api.w.org\/{rel}","templated":true}]}}