{"id":24,"date":"2020-07-06T23:46:42","date_gmt":"2020-07-06T21:46:42","guid":{"rendered":"https:\/\/www.quittenbaum.de\/?page_id=24"},"modified":"2025-12-18T13:12:11","modified_gmt":"2025-12-18T12:12:11","slug":"kontakt","status":"publish","type":"page","link":"https:\/\/www.quittenbaum.de\/de\/kontakt\/","title":{"rendered":"Kontakt"},"content":{"rendered":"<div class=\"wp-bootstrap-blocks-container container mb-2\">\n\t\n<div class=\"wp-bootstrap-blocks-row row\">\n\t\n\n<div class=\"col-12 col-md-6\">\n\t\t\t\n\n<h3 class=\"wp-block-heading\">Quittenbaum Kunstauktionen GmbH<\/h3>\n\n\n\n<p>Theresienstr. 60<br>80333 M\u00fcnchen<br>Deutschland<\/p>\n\n\n\n<p><span class=\"address-prefix\">Phone: <\/span><a class=\"customer-phone\" href=\"tel:+4989273702125\">+49 (0)89 273702125<\/a><br><span class=\"address-prefix\">Fax: <\/span>+49 (0)89 273702122<br><span class=\"address-prefix\">E-Mail: <\/span><a href=\"#\" class=\"cryptedmail\" data-name=\"info\" data-domain=\"quittenbaum\" data-tld=\"de\" onclick=\"window.location.href = 'mailto:' + this.dataset.name + '@' + this.dataset.domain + '.' + this.dataset.tld; return false;\"><\/a><\/p>\n\n\n\n<hr class=\"wp-block-separator has-css-opacity\"\/>\n\n\n\n<h4 class=\"wp-block-heading\">\u00d6ffnungszeiten<\/h4>\n\n\n\n<p>Dienstag &#8211; Freitag: 10 &#8211; 13 Uhr und 15 &#8211; 18 Uhr<br><strong>Abholungen und Einlieferungen nach Terminvereinbarung<\/strong><\/p>\n\n\n\n<p><\/p>\n\n\n\n<p><strong>Repr\u00e4sentanz D\u00fcsseldorf<\/strong><br>Donnerstag und Freitag 11 &#8211; 18 Uhr<\/p>\n\n\n\n<p><strong>Weihnachtspause<br>Montag, 22. Dezember bis Dienstag, 06. Januar 2026<\/strong><\/p>\n\n\n\n<p>Damit Ihre K\u00e4ufe der kommenden Dezember-Auktionen rechtzeitig zu Ihrem gew\u00fcnschten Termin bei Ihnen ankommen, bitten wir Sie Folgendes zu beachten, damit wir Abholungen und Versandanweisungen in Zusammenarbeit mit unseren Partnerunternehmen zu Ihrer Zufriedenheit planen und umsetzen k\u00f6nnen.<\/p>\n\n\n\n<p><strong>Wir ben\u00f6tigen den Zahlungseingang bis sp\u00e4testens Donnerstag, 18. Dezember 2025, um 11 Uhr.<\/strong><br><strong>Am Freitag, den 19. Dezember sind wir von 10 bis 18 Uhr f\u00fcr Sie da, um Sie pers\u00f6nlich oder ein Transportunternehmen ihrer Wahl zu empfangen.<\/strong><\/p>\n\n\n\n<p>Wir bedanken uns herzlich f\u00fcr Ihr Verst\u00e4ndnis und w\u00fcnschen Ihnen eine fr\u00f6hliche und entspannte Adventszeit.<br>Ihr Quittenbaum Team<strong><br><\/strong><\/p>\n\n\t<\/div>\n\n\n\n<div class=\"col-12 col-md-6\">\n\t\t\t\n\n<h3 class=\"wp-block-heading\">Anfahrt mit Routenplaner<\/h3>\n\n\n\n<p><\/p>\n\n\n<a class=\"btn btn-ppc\" role=\"button\" href=\"http:\/\/maps.google.com\/maps?daddr=Theresienstr. 60,80333 M\u00fcnchen&amp;ll=\" target=\"_blank\">Routenplaner<\/a>\n\n\t<\/div>\n\n<\/div>\n\n<\/div>\n\n\n\n<div style=\"height:50px\" aria-hidden=\"true\" class=\"wp-block-spacer\"><\/div>\n\n\n<div id=\"contact_map\" class=\"contact-osm-maps\"><!-- JS filled --><\/div><script>jQuery(function ($) {moduleUtils.contactusOSMMap(48.14867545,11.5734369,\"Quittenbaum GmbH\", \"https:\/\/d.basemaps.cartocdn.com\/light_all\/{z}\/{x}\/{y}{r}.png\", \"\u00a9 OpenStreetMap contributors \u00a9 CARTO\", \"https:\/\/www.quittenbaum.de\/wp-content\/uploads\/2022\/11\/map-pin.png\");})<\/script>\n\n\n\n<div style=\"height:50px\" aria-hidden=\"true\" class=\"wp-block-spacer\"><\/div>\n\n\n<div class=\"wp-bootstrap-blocks-container container mb-2\">\n\t\n\n<h3 class=\"wp-block-heading has-text-align-center mb-5\">Schreiben Sie uns eine Nachricht<\/h3>\n\n\n\n<div class=\"wp-block-contact-form-7-contact-form-selector\">\n<div class=\"wpcf7 no-js\" id=\"wpcf7-f26-o1\" lang=\"de-DE\" dir=\"ltr\" data-wpcf7-id=\"26\">\n<div class=\"screen-reader-response\"><p role=\"status\" aria-live=\"polite\" aria-atomic=\"true\"><\/p> <ul><\/ul><\/div>\n<form action=\"\/de\/wp-json\/wp\/v2\/pages\/24#wpcf7-f26-o1\" method=\"post\" class=\"wpcf7-form init\" aria-label=\"Kontaktformular\" novalidate=\"novalidate\" data-status=\"init\">\n<fieldset class=\"hidden-fields-container\"><input type=\"hidden\" name=\"_wpcf7\" value=\"26\" \/><input type=\"hidden\" name=\"_wpcf7_version\" value=\"6.1.5\" \/><input type=\"hidden\" name=\"_wpcf7_locale\" value=\"de_DE\" \/><input type=\"hidden\" name=\"_wpcf7_unit_tag\" value=\"wpcf7-f26-o1\" \/><input type=\"hidden\" name=\"_wpcf7_container_post\" value=\"0\" \/><input type=\"hidden\" name=\"_wpcf7_posted_data_hash\" value=\"\" \/><input type=\"hidden\" name=\"_wpcf7cf_hidden_group_fields\" value=\"[]\" \/><input type=\"hidden\" name=\"_wpcf7cf_hidden_groups\" value=\"[]\" \/><input type=\"hidden\" name=\"_wpcf7cf_visible_groups\" value=\"[]\" \/><input type=\"hidden\" name=\"_wpcf7cf_repeaters\" value=\"[]\" \/><input type=\"hidden\" name=\"_wpcf7cf_steps\" value=\"{}\" \/><input type=\"hidden\" name=\"_wpcf7cf_options\" value=\"{&quot;form_id&quot;:26,&quot;conditions&quot;:[],&quot;settings&quot;:{&quot;animation&quot;:&quot;yes&quot;,&quot;animation_intime&quot;:200,&quot;animation_outtime&quot;:200,&quot;conditions_ui&quot;:&quot;normal&quot;,&quot;notice_dismissed&quot;:false,&quot;repeater_remove_button&quot;:&quot;bottom&quot;,&quot;notice_dismissed_rollback-cf7-5.8.4&quot;:true}}\" \/>\n<\/fieldset>\n<div class=\"form-group\">\n\t<p><label>Ihr Name*<\/label><br \/>\n<span class=\"wpcf7-form-control-wrap\" data-name=\"name\"><input size=\"40\" maxlength=\"400\" class=\"wpcf7-form-control wpcf7-text wpcf7-validates-as-required\" aria-required=\"true\" aria-invalid=\"false\" value=\"\" type=\"text\" name=\"name\" \/><\/span>\n\t<\/p>\n<\/div>\n<div class=\"form-group\">\n\t<p><label>Ihre E-Mail-Adresse*<\/label><br \/>\n<span class=\"wpcf7-form-control-wrap\" data-name=\"email\"><input size=\"40\" maxlength=\"400\" class=\"wpcf7-form-control wpcf7-email wpcf7-validates-as-required wpcf7-text wpcf7-validates-as-email\" aria-required=\"true\" aria-invalid=\"false\" value=\"\" type=\"email\" name=\"email\" \/><\/span>\n\t<\/p>\n<\/div>\n<div class=\"form-group\">\n\t<p><label>Betreff<\/label><br \/>\n<span class=\"wpcf7-form-control-wrap\" data-name=\"your-subject\"><input size=\"40\" maxlength=\"400\" class=\"wpcf7-form-control wpcf7-text wpcf7-validates-as-required\" aria-required=\"true\" aria-invalid=\"false\" value=\"\" type=\"text\" name=\"your-subject\" \/><\/span>\n\t<\/p>\n<\/div>\n<div class=\"form-group\">\n\t<p><label>Ihr Nachricht<\/label><br \/>\n<span class=\"wpcf7-form-control-wrap\" data-name=\"your-message\"><textarea cols=\"40\" rows=\"10\" maxlength=\"2000\" class=\"wpcf7-form-control wpcf7-textarea\" aria-invalid=\"false\" name=\"your-message\"><\/textarea><\/span>\n\t<\/p>\n<\/div>\n<p><span class=\"wpcf7-form-control-wrap\" data-name=\"random-math-quiz\"><label><span class=\"wpcf7-quiz-label\">Spamschutz: Wieviel ist zw\u00f6lf minus zwei? (Bitte Zahl eingeben)<\/span> <input size=\"40\" class=\"wpcf7-form-control wpcf7-quiz\" autocomplete=\"off\" aria-required=\"true\" aria-invalid=\"false\" type=\"text\" name=\"random-math-quiz\" \/><\/label><input type=\"hidden\" name=\"_wpcf7_quiz_answer_random-math-quiz\" value=\"e3f2a0f3b9fe1a262a5f357348d9d7a6\" \/><\/span>\n<\/p>\n<p><span class=\"wpcf7-form-control-wrap\" data-name=\"your-consent\"><span class=\"wpcf7-form-control wpcf7-acceptance\"><span class=\"wpcf7-list-item\"><label><input type=\"checkbox\" name=\"your-consent\" value=\"1\" aria-invalid=\"false\" \/><span class=\"wpcf7-list-item-label\">Mit der Verwendung dieses Formulars stimme ich der Speicherung und Verarbeitung meiner Daten durch diese Website zu. Sehe dir unsere <a target=\"_blank\" href=\"\/de\/datenschutzerklaerung\/\">DSGVO-Richtlinien<\/a> an. *<\/span><\/label><\/span><\/span><\/span>\n<\/p>\n<p><input class=\"wpcf7-form-control wpcf7-submit has-spinner btn-ppc btn\" type=\"submit\" value=\"Abschicken\" \/>\n<\/p><div class=\"wpcf7-response-output\" aria-hidden=\"true\"><\/div>\n<\/form>\n<\/div>\n<\/div>\n\n<\/div>\n","protected":false},"excerpt":{"rendered":"<p> [&#8230;]<\/p>\n<p><a class=\"btn btn-ppc understrap-read-more-link\" href=\"https:\/\/www.quittenbaum.de\/de\/kontakt\/\">Weiterlesen&#8230;<\/a><\/p>\n","protected":false},"author":1,"featured_media":0,"parent":0,"menu_order":0,"comment_status":"closed","ping_status":"closed","template":"page-templates\/fullwidthpage.php","meta":{"footnotes":""},"class_list":["post-24","page","type-page","status-publish","hentry"],"_links":{"self":[{"href":"https:\/\/www.quittenbaum.de\/de\/wp-json\/wp\/v2\/pages\/24","targetHints":{"allow":["GET"]}}],"collection":[{"href":"https:\/\/www.quittenbaum.de\/de\/wp-json\/wp\/v2\/pages"}],"about":[{"href":"https:\/\/www.quittenbaum.de\/de\/wp-json\/wp\/v2\/types\/page"}],"author":[{"embeddable":true,"href":"https:\/\/www.quittenbaum.de\/de\/wp-json\/wp\/v2\/users\/1"}],"replies":[{"embeddable":true,"href":"https:\/\/www.quittenbaum.de\/de\/wp-json\/wp\/v2\/comments?post=24"}],"version-history":[{"count":33,"href":"https:\/\/www.quittenbaum.de\/de\/wp-json\/wp\/v2\/pages\/24\/revisions"}],"predecessor-version":[{"id":8936,"href":"https:\/\/www.quittenbaum.de\/de\/wp-json\/wp\/v2\/pages\/24\/revisions\/8936"}],"wp:attachment":[{"href":"https:\/\/www.quittenbaum.de\/de\/wp-json\/wp\/v2\/media?parent=24"}],"curies":[{"name":"wp","href":"https:\/\/api.w.org\/{rel}","templated":true}]}}