{"id":187,"date":"2020-08-26T09:08:44","date_gmt":"2020-08-26T07:08:44","guid":{"rendered":"https:\/\/www.quittenbaum.de\/?page_id=187"},"modified":"2022-02-06T16:13:23","modified_gmt":"2022-02-06T15:13:23","slug":"das-auktionshaus","status":"publish","type":"page","link":"https:\/\/www.quittenbaum.de\/de\/ueber-uns\/das-auktionshaus\/","title":{"rendered":"Das Auktionshaus"},"content":{"rendered":"\n<h2 class=\"wp-block-heading\" id=\"unser-spezialgebiet-ist-kunst-und-design-des-20-jahrhunderts\">Unser Spezialgebiet ist Kunst und Design des 20. Jahrhunderts<\/h2>\n\n\n\n<p>Wir versteigern Objekte aus den Bereichen Jugendstil, Art D\u00e9co, Design vom Bauhaus bis in die Gegenwart, Murano Glas, Kunsthandwerk, Schmuck, Autorenschmuck, Fotografie, moderne und zeitgen\u00f6ssische Kunst sowie Vintage Accessoires. Die besondere Expertise in diesen Bereichen hat Quittenbaum seit seiner Gr\u00fcndung im Jahr 1998 zu einem lebendigen Forum f\u00fcr Sammler und Spezialisten auf der ganzen Welt gemacht. Wir haben einen K\u00e4uferstamm aufgebaut, der neben Privatpersonen auch bedeutende Museen auf der ganzen Welt umfasst.<\/p>\n\n\n\n<div style=\"height:50px\" aria-hidden=\"true\" class=\"wp-block-spacer\"><\/div>\n\n\n\n<div class=\"wp-block-media-text alignwide is-stacked-on-mobile is-vertically-aligned-center\" style=\"grid-template-columns:38% auto\"><figure class=\"wp-block-media-text__media\"><img loading=\"lazy\" decoding=\"async\" width=\"768\" height=\"551\" src=\"https:\/\/www.quittenbaum.de\/wp-content\/uploads\/2021\/01\/AN_1703_A-Kopie-768x551.jpg\" alt=\"\" class=\"wp-image-423 size-portfolio-image\"\/><\/figure><div class=\"wp-block-media-text__content\">\n<p>An sechs Terminen im Jahr finden unsere Auktionen in M\u00fcnchen in unserem Hauptsitz in der Theresienstra\u00dfe 60 statt. Um unser Angebot und ihre Einlieferungen einem internationalen Publikum zug\u00e4nglich zu machen, ver\u00f6ffentlichen wir alle Objekte mit ausf\u00fchrlichen Beschreibungen und Detailfotos auf unserer Homepage. Weltweit versenden wir hochwertige Kataloge und ver\u00f6ffentlichen die Highlights der Auktionen auf diversen Social Media. Wir nutzen selbstverst\u00e4ndlich die neueste Technik, um erfolgreich zu sein. Bieter k\u00f6nnen sowohl \u00fcber unsere Homepage Gebote abgeben als auch \u00fcber internationale Online-Auktionsplattformen wie Liveauctioneers oder \u00fcber unsere eigene Bieterplattform \u2018Quittenbaum Live\u2019 an den Auktionen teilnehmen.<\/p>\n\n\n\n<div class=\"wp-block-buttons is-layout-flex wp-block-buttons-is-layout-flex\">\n<div class=\"wp-block-button\"><a class=\"wp-block-button__link has-black-color has-text-color\" href=\"https:\/\/www.quittenbaum.de\/de\/kaufen\/quittenbaum-live\/\">Informationen zum Online Live Bieten bei Quittenbaum<svg xmlns=\"http:\/\/www.w3.org\/2000\/svg\" height=\"903.5155\" width=\"784.68573\" version=\"1.1\" viewBox=\"0 0 784.68573 903.5155\" id=\"svg2\"><g transform=\"rotate(-29.836465,228.90704,841.06274)\" id=\"g827\"><g id=\"g818\"><path class=\"triangle-svg\" d=\"M 2.4743595,780.10472 H 901.47436\" id=\"path2997\" \/><path class=\"triangle-svg\" d=\"m 452.46439,2.0247035 449.5,778.5609765\" id=\"path2997-4\" \/><path class=\"triangle-svg\" d=\"M 451.51435,2.0247035 2.0143504,780.58568\" id=\"path2997-4-5\" \/><\/g><path class=\"triangle-svg\" d=\"m 8.6677225,775.98837 c 0,-2.20985 442.0724275,-766.6153281 443.3504475,-766.6153281 1.26583,0 443.38324,764.4588581 443.38324,766.6475881 0,0.54998 -199.51508,0.99996 -443.36685,0.99996 -243.85176,0 -443.3668375,-0.46449 -443.3668375,-1.03222 z\" id=\"path820\" \/><\/g><\/svg><\/a> <\/div>\n<\/div>\n<\/div><\/div>\n\n\n\n<div style=\"height:100px\" aria-hidden=\"true\" class=\"wp-block-spacer\"><\/div>\n\n\n\n<ul class=\"wp-block-list\"><li><strong>Jugendstil und Art Deco<\/strong> versteigern wir im Mai und November. Besonders erfolgreich bieten wir franz\u00f6sische Glaskunst an wie zahlreiche Preisrekorde f\u00fcr Vasen von Emil Gall\u00e9, Daum Fr\u00e8res und L\u00f6tz zeigen. Spezialauktionen mit Lalique runden das Glasangebot ab. Ein weiteres Schwerpunktthema sind Art-Deco-Skulpturen. Au\u00dfer Konkurrenz sind die Ergebnisse, die unser Haus bisher f\u00fcr Entw\u00fcrfe von Henry van de Velde erzielen konnte.<\/li><\/ul>\n\n\n\n<ul class=\"wp-block-list\"><li><strong>Design und Murano Glas<\/strong>&nbsp;Regelm\u00e4\u00dfig veranstalten wir Spezialauktionen zu Designthemen des 20. Jahrhunderts, in denen ein Land oder eine Designschule im Zentrum steht. &nbsp;Besonders bedeutende M\u00f6bel und Leuchten pr\u00e4sentieren wir am Jahresende in unserer \u201aHighlight-Auktion\u2019. Passend zu unserem Schwerpunktthema Murano-Glas legte Askan Quittenbaum einen umfassenden Katalog vor, der 2012 im DuMont-Verlag erschienen ist.<\/li><\/ul>\n\n\n\n<ul class=\"wp-block-list\"><li><strong>Moderne Kunst<\/strong>&nbsp;Besonders erfolgreich verkaufen wir Pop Art. F\u00fcr Keramiken von Picasso sind wir der passende Ansprechpartner. Au\u00dferdem geh\u00f6rten in der Vergangenheit die K\u00fcnstlerpostkarten von Karl Schmidt-Rottluff und Ernst Ludwig Kirchner zu den Highlights unserer Kunstofferte.<\/li><\/ul>\n\n\n\n<ul class=\"wp-block-list\"><li><strong>Autorenschmuck<\/strong>&nbsp;Mit einer Sammlung von kinetischen Schmuckst\u00fccken des D\u00fcsseldorfer Goldschmieds Friedrich Becker begann unsere Leidenschaft f\u00fcr Autorenschmuck und K\u00fcnstlerschmuck. Einmal im Jahr widmen wir diesem spannenden Thema eine Auktion.<\/li><\/ul>\n\n\n\n<ul class=\"wp-block-list\"><li><strong>Sammlungen<\/strong>&nbsp;Eine besondere Expertise haben wir, wenn es darum geht, eine ganze Sammlung zu versteigern. Wir garantieren eine optimale inhaltliche und fotografische Darstellung ihrer Sammlungsobjekte in einem eigenst\u00e4ndigen Katalog.<\/li><\/ul>\n\n\n\n<div style=\"height:75px\" aria-hidden=\"true\" class=\"wp-block-spacer\"><\/div>\n\n\n\n<h2 class=\"wp-block-heading\" id=\"wie-alles-begann-die-grundung-von-quittenbaum-kunstauktionen\">Wie alles begann &#8211; Die Gr\u00fcndung von Quittenbaum Kunstauktionen<\/h2>\n\n\n\n<p>Die Geschichte der Kunsthandlung reicht zur\u00fcck in das Jahr 1956, in dem Ellen Piper Quittenbaum, die Mutter des heutigen Gesch\u00e4ftsf\u00fchrers Askan Quittenbaum, in D\u00fcsseldorf eine Galerie f\u00fcr Afrikanische Kunst er\u00f6ffnete. 1968 gr\u00fcndete sie in Hamburg eine Galerie f\u00fcr Schmuck, Jugendstil-Glas und Antiquit\u00e4ten. 1992 stieg Askan Quittenbaum in das Gesch\u00e4ft ein, und gemeinsam f\u00fchrten sie in Hamburg-Blankenese die Galerie Quittenbaum mit den Schwerpunkten Art D\u00e9co, Design und Murano-Glas. 1998 wurde schlie\u00dflich der Firmensitz nach M\u00fcnchen verlegt, und am 11. Mai jenes Jahres wurde die erste Jugendstil-Auktion abgehalten. Im Jahr darauf folgte eine rund 400 Objekte umfassende Bauhaus-Auktion, die den Grundstein zur Spezialisierung des Hauses auf Modernes Design legte.<\/p>\n\n\n\n<figure class=\"wp-block-gallery aligncenter has-nested-images columns-default is-cropped wp-block-gallery-1 is-layout-flex wp-block-gallery-is-layout-flex\"><\/figure>\n","protected":false},"excerpt":{"rendered":"<p>Unser Spezialgebiet ist Kunst und Design des 20. Jahrhunderts Wir versteigern Objekte aus den Bereichen Jugendstil, Art D\u00e9co, Design vom Bauhaus bis in die Gegenwart, Murano Glas, Kunsthandwerk, Schmuck, Autorenschmuck, Fotografie, moderne und zeitgen\u00f6ssische Kunst sowie Vintage Accessoires. Die besondere Expertise in diesen Bereichen hat Quittenbaum seit seiner Gr\u00fcndung im Jahr 1998 zu einem lebendigen [&#8230;]<\/p>\n<p><a class=\"btn btn-ppc understrap-read-more-link\" href=\"https:\/\/www.quittenbaum.de\/de\/ueber-uns\/das-auktionshaus\/\">Weiterlesen&#8230;<\/a><\/p>\n","protected":false},"author":1,"featured_media":981,"parent":103,"menu_order":0,"comment_status":"closed","ping_status":"closed","template":"page-templates\/fullwidthpage.php","meta":{"footnotes":""},"class_list":["post-187","page","type-page","status-publish","has-post-thumbnail","hentry"],"_links":{"self":[{"href":"https:\/\/www.quittenbaum.de\/de\/wp-json\/wp\/v2\/pages\/187","targetHints":{"allow":["GET"]}}],"collection":[{"href":"https:\/\/www.quittenbaum.de\/de\/wp-json\/wp\/v2\/pages"}],"about":[{"href":"https:\/\/www.quittenbaum.de\/de\/wp-json\/wp\/v2\/types\/page"}],"author":[{"embeddable":true,"href":"https:\/\/www.quittenbaum.de\/de\/wp-json\/wp\/v2\/users\/1"}],"replies":[{"embeddable":true,"href":"https:\/\/www.quittenbaum.de\/de\/wp-json\/wp\/v2\/comments?post=187"}],"version-history":[{"count":55,"href":"https:\/\/www.quittenbaum.de\/de\/wp-json\/wp\/v2\/pages\/187\/revisions"}],"predecessor-version":[{"id":4512,"href":"https:\/\/www.quittenbaum.de\/de\/wp-json\/wp\/v2\/pages\/187\/revisions\/4512"}],"up":[{"embeddable":true,"href":"https:\/\/www.quittenbaum.de\/de\/wp-json\/wp\/v2\/pages\/103"}],"wp:featuredmedia":[{"embeddable":true,"href":"https:\/\/www.quittenbaum.de\/de\/wp-json\/wp\/v2\/media\/981"}],"wp:attachment":[{"href":"https:\/\/www.quittenbaum.de\/de\/wp-json\/wp\/v2\/media?parent=187"}],"curies":[{"name":"wp","href":"https:\/\/api.w.org\/{rel}","templated":true}]}}