{"id":180,"date":"2020-08-26T00:07:36","date_gmt":"2020-08-25T22:07:36","guid":{"rendered":"https:\/\/www.quittenbaum.de\/?page_id=180"},"modified":"2026-02-25T14:25:30","modified_gmt":"2026-02-25T13:25:30","slug":"versandinformation","status":"publish","type":"page","link":"https:\/\/www.quittenbaum.de\/de\/kaufen\/versandinformation\/","title":{"rendered":"Versandinformation"},"content":{"rendered":"\n<p><\/p>\n\n\n\n<h2 class=\"wp-block-heading\" id=\"so-kommt-ihre-ware-sicher-an\">So kommt Ihre Ware sicher an<\/h2>\n\n\n\n<p>Gerne k\u00f6nnen Sie bereits vor der Auktion unter Angabe der Auktions- und Losnummer eine Auskunft \u00fcber die m\u00f6glicherweise anfallenden Versandkosten einholen. Bitte setzen Sie sich hierf\u00fcr mit unseren Partnern&nbsp;<strong><a rel=\"noreferrer noopener\" href=\"mailto:service@m2logistik.de\" target=\"_blank\">M2 Logistik<\/a><\/strong>&nbsp;oder&nbsp;<strong><a rel=\"noreferrer noopener\" href=\"mailto:info@mbe-dachau.de\" target=\"_blank\">Mail Boxes Etc.<\/a><\/strong>&nbsp;in Verbindung.<\/p>\n\n\n\n<p>Mit Ihrer Rechnung erhalten Sie einen Link zur Versandanweisung. Bitte w\u00e4hlen Sie&nbsp;innerhalb von 5 Werktagen&nbsp;nach Rechnungserhalt eine der angegebenen Optionen aus, um den Transport&nbsp;Ihrer Ware (Kunst-oder Designobjekte) in die Wege zu leiten.&nbsp;<strong>Sollten wir bis Werktag 5, 17:00 h nicht von Ihnen h\u00f6ren,&nbsp;<\/strong>werden wir nach Ablauf <strong>von 10 Werktagen<\/strong> <strong>nach Kauf (M\u00f6bel) <\/strong>oder <strong>20 Werktagen nach Kauf&nbsp;(kleine Objekte)<\/strong>, die Ware bei einer Spedition kostenpflichtig einlagern. &nbsp;<\/p>\n\n\n\n<div class=\"wp-block-columns is-layout-flex wp-container-core-columns-is-layout-9d6595d7 wp-block-columns-is-layout-flex\">\n<div class=\"wp-block-column is-layout-flow wp-block-column-is-layout-flow\" style=\"flex-basis:100%\">\n<div style=\"height:30px\" aria-hidden=\"true\" class=\"wp-block-spacer\"><\/div>\n\n\n\n<h3 class=\"wp-block-heading\" id=\"versand-uber-einen-unserer-speditionspartner\">Versand \u00fcber einen unserer Speditionspartner<\/h3>\n\n\n\n<p>Mit den nachfolgenden Speditionspartnern arbeiten wir regelm\u00e4\u00dfig zusammen.<\/p>\n\n\n<div class=\"wp-bootstrap-blocks-row row portfolio justify-content-start\">\n\t\n\n<div class=\"col-12 col-md-4\">\n\t\t\t\n\n<h4 class=\"wp-block-heading\" id=\"m2-logistik\">M2 Logistik<\/h4>\n\n\n\n<p>Heinleinstr.1<br>85570 Markt Schwaben<br>Tel. +49 (0) 8121 22 300<br>Fax: +49 (0) 8121 22 39 50<br><\/p>\n\n\n\n<div class=\"wp-block-buttons is-layout-flex wp-block-buttons-is-layout-flex\">\n<div class=\"wp-block-button\"><a class=\"wp-block-button__link wp-element-button\" href=\"https:\/\/www.m2logistik.de\/formular-quittenbaum\" target=\"_blank\" rel=\"noreferrer noopener\">Transportangebot anfragen<svg xmlns=\"http:\/\/www.w3.org\/2000\/svg\" height=\"903.5155\" width=\"784.68573\" version=\"1.1\" viewBox=\"0 0 784.68573 903.5155\" id=\"svg2\"><g transform=\"rotate(-29.836465,228.90704,841.06274)\" id=\"g827\"><g id=\"g818\"><path class=\"triangle-svg\" d=\"M 2.4743595,780.10472 H 901.47436\" id=\"path2997\" \/><path class=\"triangle-svg\" d=\"m 452.46439,2.0247035 449.5,778.5609765\" id=\"path2997-4\" \/><path class=\"triangle-svg\" d=\"M 451.51435,2.0247035 2.0143504,780.58568\" id=\"path2997-4-5\" \/><\/g><path class=\"triangle-svg\" d=\"m 8.6677225,775.98837 c 0,-2.20985 442.0724275,-766.6153281 443.3504475,-766.6153281 1.26583,0 443.38324,764.4588581 443.38324,766.6475881 0,0.54998 -199.51508,0.99996 -443.36685,0.99996 -243.85176,0 -443.3668375,-0.46449 -443.3668375,-1.03222 z\" id=\"path820\" \/><\/g><\/svg><\/a> <\/div>\n<\/div>\n\n\t<\/div>\n\n\n\n<div class=\"col-12 col-md-4\">\n\t\t\t\n\n<h4 class=\"wp-block-heading\" id=\"mail-boxes-etc\">Mail Boxes Etc.<\/h4>\n\n\n\n<p>V\u00f6lkl Services GmbH<br>Schlei\u00dfheimer Str. 15<br>85748 Garching bei M\u00fcnchen<br>Tel. +49 (0) 89 30 666 006<br>Email: <a href=\"mailto:antiques-muc@center.mbe.de\">antiques-muc@center.mbe.de<\/a><br><\/p>\n\n\n\n<div class=\"wp-block-buttons is-layout-flex wp-block-buttons-is-layout-flex\">\n<div class=\"wp-block-button\"><a class=\"wp-block-button__link wp-element-button\" href=\"https:\/\/www.mbe.de\/antiques-muc\/quittenbaum\">Transportangebot anfragen<svg xmlns=\"http:\/\/www.w3.org\/2000\/svg\" height=\"903.5155\" width=\"784.68573\" version=\"1.1\" viewBox=\"0 0 784.68573 903.5155\" id=\"svg2\"><g transform=\"rotate(-29.836465,228.90704,841.06274)\" id=\"g827\"><g id=\"g818\"><path class=\"triangle-svg\" d=\"M 2.4743595,780.10472 H 901.47436\" id=\"path2997\" \/><path class=\"triangle-svg\" d=\"m 452.46439,2.0247035 449.5,778.5609765\" id=\"path2997-4\" \/><path class=\"triangle-svg\" d=\"M 451.51435,2.0247035 2.0143504,780.58568\" id=\"path2997-4-5\" \/><\/g><path class=\"triangle-svg\" d=\"m 8.6677225,775.98837 c 0,-2.20985 442.0724275,-766.6153281 443.3504475,-766.6153281 1.26583,0 443.38324,764.4588581 443.38324,766.6475881 0,0.54998 -199.51508,0.99996 -443.36685,0.99996 -243.85176,0 -443.3668375,-0.46449 -443.3668375,-1.03222 z\" id=\"path820\" \/><\/g><\/svg><\/a> <\/div>\n<\/div>\n\n\t<\/div>\n\n\n\n<div class=\"col-12 col-md-4\">\n\t\t\t\n\n<h4 class=\"wp-block-heading\">Magic Movers Sp. z.o.o<\/h4>\n\n\n\n<p>Szczeci\u0144ska 17 Street<br>54-517 Wroc\u0142aw<br>POLEN<br>Tel. +48 795 690 010<br>Email: <a href=\"mailto:info@magic-movers.com\">info@magic-movers.com<\/a><\/p>\n\n\n\n<div class=\"wp-block-buttons is-layout-flex wp-block-buttons-is-layout-flex\">\n<div class=\"wp-block-button\"><a class=\"wp-block-button__link has-black-color has-text-color wp-element-button\" href=\"https:\/\/magic-movers.com\/\">Transportangebot anfragen<svg xmlns=\"http:\/\/www.w3.org\/2000\/svg\" height=\"903.5155\" width=\"784.68573\" version=\"1.1\" viewBox=\"0 0 784.68573 903.5155\" id=\"svg2\"><g transform=\"rotate(-29.836465,228.90704,841.06274)\" id=\"g827\"><g id=\"g818\"><path class=\"triangle-svg\" d=\"M 2.4743595,780.10472 H 901.47436\" id=\"path2997\" \/><path class=\"triangle-svg\" d=\"m 452.46439,2.0247035 449.5,778.5609765\" id=\"path2997-4\" \/><path class=\"triangle-svg\" d=\"M 451.51435,2.0247035 2.0143504,780.58568\" id=\"path2997-4-5\" \/><\/g><path class=\"triangle-svg\" d=\"m 8.6677225,775.98837 c 0,-2.20985 442.0724275,-766.6153281 443.3504475,-766.6153281 1.26583,0 443.38324,764.4588581 443.38324,766.6475881 0,0.54998 -199.51508,0.99996 -443.36685,0.99996 -243.85176,0 -443.3668375,-0.46449 -443.3668375,-1.03222 z\" id=\"path820\" \/><\/g><\/svg><\/a> <\/div>\n<\/div>\n\n\t<\/div>\n\n<\/div>\n\n\n<div class=\"wp-bootstrap-blocks-row row portfolio justify-content-start\">\n\t\n\n<div class=\"col-12 col-md-4\">\n\t\t\t\n\n<h4 class=\"wp-block-heading\" id=\"m2-logistik\">HWC Transporte Kremer<\/h4>\n\n\n\n<p>Gatherhofstr. 141<br>47804 Krefeld<br>Tel. +49 (0) 177 80 256 82<br>Email: <a href=\"mailto:info@hwc-transport-kremer.de\">info@hwc-transport-kremer.de<\/a><\/p>\n\n\n\n<div class=\"wp-block-buttons is-layout-flex wp-block-buttons-is-layout-flex\">\n<div class=\"wp-block-button\"><a class=\"wp-block-button__link wp-element-button\" href=\"https:\/\/kremer-transport.de\/\" target=\"_blank\" rel=\"noreferrer noopener\">Transportangebot anfragen<svg xmlns=\"http:\/\/www.w3.org\/2000\/svg\" height=\"903.5155\" width=\"784.68573\" version=\"1.1\" viewBox=\"0 0 784.68573 903.5155\" id=\"svg2\"><g transform=\"rotate(-29.836465,228.90704,841.06274)\" id=\"g827\"><g id=\"g818\"><path class=\"triangle-svg\" d=\"M 2.4743595,780.10472 H 901.47436\" id=\"path2997\" \/><path class=\"triangle-svg\" d=\"m 452.46439,2.0247035 449.5,778.5609765\" id=\"path2997-4\" \/><path class=\"triangle-svg\" d=\"M 451.51435,2.0247035 2.0143504,780.58568\" id=\"path2997-4-5\" \/><\/g><path class=\"triangle-svg\" d=\"m 8.6677225,775.98837 c 0,-2.20985 442.0724275,-766.6153281 443.3504475,-766.6153281 1.26583,0 443.38324,764.4588581 443.38324,766.6475881 0,0.54998 -199.51508,0.99996 -443.36685,0.99996 -243.85176,0 -443.3668375,-0.46449 -443.3668375,-1.03222 z\" id=\"path820\" \/><\/g><\/svg><\/a> <\/div>\n<\/div>\n\n\t<\/div>\n\n\n\n<div class=\"col-12 col-md-4\">\n\t\t\t\n\n<h4 class=\"wp-block-heading\" id=\"mail-boxes-etc\"><\/h4>\n\n\t<\/div>\n\n\n\n<div class=\"col-12 col-md-4\">\n\t\t\t\n\n<h4 class=\"wp-block-heading\"><\/h4>\n\n\n\n<p><\/p>\n\n\t<\/div>\n\n<\/div>\n\n\n\n<div style=\"height:30px\" aria-hidden=\"true\" class=\"wp-block-spacer\"><\/div>\n\n\n<div class=\"wp-bootstrap-blocks-row row justify-content-start\">\n\t\n\n<div class=\"col-12 col-md-6\">\n\t\t\t\n\n<h3 class=\"wp-block-heading\" id=\"selbstabholer-eigene-spedition\">Selbstabholer\/Eigene Spedition<\/h3>\n\n\n\n<p>Die Ware kann nach einer Terminvereinbarung per Telefon oder E-Mail von Ihnen pers\u00f6nlich, von einem berechtigten Dritten oder einer von Ihnen beauftragten Spedition abgeholt werden. Bitte benachrichtigen Sie uns rechtzeitig (5 Werktage im Voraus), damit wir die Ware ggf. aus unserem Au\u00dfenlager holen und zur Abholung vorbereiten k\u00f6nnen. <br>Ihr Ansprechpartner ist Dirk Driemeyer.<\/p>\n\n\n\n<p>Tel: 089 27 37 02 112<\/p>\n\n\n\n<div class=\"wp-block-buttons is-layout-flex wp-block-buttons-is-layout-flex\">\n<div class=\"wp-block-button\"><a class=\"wp-block-button__link wp-element-button\" href=\"mailto:dirk.driemeyer@quittenbaum.de\">Kontaktieren<svg xmlns=\"http:\/\/www.w3.org\/2000\/svg\" height=\"903.5155\" width=\"784.68573\" version=\"1.1\" viewBox=\"0 0 784.68573 903.5155\" id=\"svg2\"><g transform=\"rotate(-29.836465,228.90704,841.06274)\" id=\"g827\"><g id=\"g818\"><path class=\"triangle-svg\" d=\"M 2.4743595,780.10472 H 901.47436\" id=\"path2997\" \/><path class=\"triangle-svg\" d=\"m 452.46439,2.0247035 449.5,778.5609765\" id=\"path2997-4\" \/><path class=\"triangle-svg\" d=\"M 451.51435,2.0247035 2.0143504,780.58568\" id=\"path2997-4-5\" \/><\/g><path class=\"triangle-svg\" d=\"m 8.6677225,775.98837 c 0,-2.20985 442.0724275,-766.6153281 443.3504475,-766.6153281 1.26583,0 443.38324,764.4588581 443.38324,766.6475881 0,0.54998 -199.51508,0.99996 -443.36685,0.99996 -243.85176,0 -443.3668375,-0.46449 -443.3668375,-1.03222 z\" id=\"path820\" \/><\/g><\/svg><\/a> <\/div>\n<\/div>\n\n\t<\/div>\n\n\n\n<div class=\"col-12 col-md-6\">\n\t\t\t\n<div class=\"wp-block-image\">\n<figure class=\"alignleft size-medium\"><img loading=\"lazy\" decoding=\"async\" width=\"200\" height=\"300\" src=\"https:\/\/www.quittenbaum.de\/wp-content\/uploads\/2021\/01\/Dirk_Driemeyer_500-200x300.jpg\" alt=\"\" class=\"wp-image-731\" srcset=\"https:\/\/www.quittenbaum.de\/wp-content\/uploads\/2021\/01\/Dirk_Driemeyer_500-200x300.jpg 200w, https:\/\/www.quittenbaum.de\/wp-content\/uploads\/2021\/01\/Dirk_Driemeyer_500.jpg 333w\" sizes=\"auto, (max-width: 200px) 100vw, 200px\" \/><figcaption class=\"wp-element-caption\">Dirk Driemeyer<br>Logistik<\/figcaption><\/figure>\n<\/div>\n\t<\/div>\n\n<\/div>\n<\/div>\n<\/div>\n","protected":false},"excerpt":{"rendered":"<p>So kommt Ihre Ware sicher an Gerne k\u00f6nnen Sie bereits vor der Auktion unter Angabe der Auktions- und Losnummer eine Auskunft \u00fcber die m\u00f6glicherweise anfallenden Versandkosten einholen. Bitte setzen Sie sich hierf\u00fcr mit unseren Partnern&nbsp;M2 Logistik&nbsp;oder&nbsp;Mail Boxes Etc.&nbsp;in Verbindung. Mit Ihrer Rechnung erhalten Sie einen Link zur Versandanweisung. Bitte w\u00e4hlen Sie&nbsp;innerhalb von 5 Werktagen&nbsp;nach Rechnungserhalt [&#8230;]<\/p>\n<p><a class=\"btn btn-ppc understrap-read-more-link\" href=\"https:\/\/www.quittenbaum.de\/de\/kaufen\/versandinformation\/\">Weiterlesen&#8230;<\/a><\/p>\n","protected":false},"author":1,"featured_media":1118,"parent":99,"menu_order":0,"comment_status":"closed","ping_status":"closed","template":"page-templates\/fullwidthpage.php","meta":{"footnotes":""},"class_list":["post-180","page","type-page","status-publish","has-post-thumbnail","hentry"],"_links":{"self":[{"href":"https:\/\/www.quittenbaum.de\/de\/wp-json\/wp\/v2\/pages\/180","targetHints":{"allow":["GET"]}}],"collection":[{"href":"https:\/\/www.quittenbaum.de\/de\/wp-json\/wp\/v2\/pages"}],"about":[{"href":"https:\/\/www.quittenbaum.de\/de\/wp-json\/wp\/v2\/types\/page"}],"author":[{"embeddable":true,"href":"https:\/\/www.quittenbaum.de\/de\/wp-json\/wp\/v2\/users\/1"}],"replies":[{"embeddable":true,"href":"https:\/\/www.quittenbaum.de\/de\/wp-json\/wp\/v2\/comments?post=180"}],"version-history":[{"count":104,"href":"https:\/\/www.quittenbaum.de\/de\/wp-json\/wp\/v2\/pages\/180\/revisions"}],"predecessor-version":[{"id":9126,"href":"https:\/\/www.quittenbaum.de\/de\/wp-json\/wp\/v2\/pages\/180\/revisions\/9126"}],"up":[{"embeddable":true,"href":"https:\/\/www.quittenbaum.de\/de\/wp-json\/wp\/v2\/pages\/99"}],"wp:featuredmedia":[{"embeddable":true,"href":"https:\/\/www.quittenbaum.de\/de\/wp-json\/wp\/v2\/media\/1118"}],"wp:attachment":[{"href":"https:\/\/www.quittenbaum.de\/de\/wp-json\/wp\/v2\/media?parent=180"}],"curies":[{"name":"wp","href":"https:\/\/api.w.org\/{rel}","templated":true}]}}