{"id":176,"date":"2020-08-26T00:01:25","date_gmt":"2020-08-25T22:01:25","guid":{"rendered":"https:\/\/www.quittenbaum.de\/?page_id=176"},"modified":"2024-04-23T13:55:31","modified_gmt":"2024-04-23T11:55:31","slug":"agb-nachverkauf","status":"publish","type":"page","link":"https:\/\/www.quittenbaum.de\/de\/kaufen\/agb-nachverkauf\/","title":{"rendered":"Allgemeine Gesch\u00e4ftsbedingungen f\u00fcr den Nachverkauf"},"content":{"rendered":"\n<div class=\"wp-block-group\"><div class=\"wp-block-group__inner-container is-layout-flow wp-block-group-is-layout-flow\">\n<p><strong>Der Kauf setzt die bedingungslose Annahme der folgenden Verkaufsbedingungen voraus:<\/strong><\/p>\n\n\n\n<h4 class=\"wp-block-heading\">Allgemeines<\/h4>\n\n\n\n<ol class=\"wp-block-list\">\n<li>Der Verkauf erfolgt freiwillig. Sie wird von uns, der Quittenbaum Kunstauktionen GmbH (im weiteren Verlauf Verk\u00e4ufer genannt) im eigenen Namen und f\u00fcr Rechnung der Auftraggeber durchgef\u00fchrt.<\/li>\n\n\n\n<li>K\u00e4ufer haben keinen Anspruch auf Bekanntgabe der Auftraggeber.<\/li>\n\n\n\n<li>Der Nachverkauf erfolgt in Euro.<\/li>\n<\/ol>\n\n\n\n<h4 class=\"wp-block-heading\">Besichtigung, Katalogangaben und Haftung des Auktionators<\/h4>\n\n\n\n<ol class=\"wp-block-list\" start=\"4\">\n<li>Die Objekte im Nachverkauf k\u00f6nnen vor dem Kauf besichtigt und gepr\u00fcft werden; sie sind ausnahmslos gebraucht und von einem gewissen Alter; manche entsprechen daher eventuell nicht mehr den heute geltenden gesetzlichen Sicherheitsstandards. Ihr dadurch bedingter tats\u00e4chlicher Erhaltungszustand, der im Katalog und im Internet durchgehend nicht ausdr\u00fccklich beschrieben wird, ist vereinbarte Beschaffenheit (\u00a7 434 Abs. 1 Satz 1 BGB). Farbige Reproduktionen im Katalog m\u00fcssen die Gegenst\u00e4nde nicht farbgetreu wiedergeben. Alle Katalogangaben, die nach bestem Wissen und Gewissen gemacht werden, dienen nur der Information. Sie sind nicht vertraglich vereinbarte Beschaffenheit und enthalten keine Garantien im Rechtssinne. Vereinbarte Beschaffenheit sind nur die Katalogangaben \u00fcber die Urheberschaft, Signatur, Material und Provenienz, eine besondere Garantie, aus der sich weitergehende Rechte des K\u00e4ufers ergeben, wird vom Verk\u00e4ufer hinsichtlich der entsprechenden Beschaffenheit ausdr\u00fccklich nicht \u00fcbernommen. Die Vereinbarung \u00fcber die Urheberschaft, Signatur, Material und Provenienz begr\u00fcndet auch keine strengere als die im Gesetz vorgesehene Haftung, vgl. \u00a7\u00a7 276 Abs. 1, 443, 477 BGB. F\u00fcr Funktionsf\u00e4higkeit und Sicherheit von elektrischen Ger\u00e4ten wird keine Haftung \u00fcbernommen. Auf Wunsch des Interessenten abgegebene Zustandsberichte (Condition Reports) dienen nur der n\u00e4heren Orientierung \u00fcber den \u00e4u\u00dferen Zustand des Objekts nach Einsch\u00e4tzung des Verk\u00e4ufers. Wird dem Verk\u00e4ufer vom K\u00e4ufer vor Ablauf der einj\u00e4hrigen Verj\u00e4hrung nachgewiesen, dass Katalogangaben \u00fcber die Urheberschaft, Signatur, Material und Provenienz unrichtig sind, wird dem K\u00e4ufer auf Verlangen der gesamte Kaufpreis Zug um Zug gegen R\u00fcckgabe des Kaufobjektes zur\u00fcckerstattet; alternativ ist nach Wahl des K\u00e4ufers der Kaufpreis zu mindern. Der Verk\u00e4ufer haftet unbeschr\u00e4nkt, soweit die Schadensursache auf einer vors\u00e4tzlichen oder grob fahrl\u00e4ssigen Pflichtverletzung des Verk\u00e4ufers oder eines gesetzlichen Vertreters oder Erf\u00fcllungsgehilfen des Verk\u00e4ufers beruht. Ferner haftet der Verk\u00e4ufer f\u00fcr die leicht fahrl\u00e4ssige Verletzung von wesentlichen Pflichten. Wesentlich sind Pflichten, deren Verletzung die Erreichung des Vertragszweckes gef\u00e4hrdet oder deren Erf\u00fcllung die ordnungsgem\u00e4\u00dfe Durchf\u00fchrung des Vertrages \u00fcberhaupt erst erm\u00f6glicht und auf deren Einhaltung die Kunden regelm\u00e4\u00dfig vertrauen. In diesem Fall haftet der Verk\u00e4ufer jedoch nur f\u00fcr den vorhersehbaren, vertragstypischen Schaden. Der Verk\u00e4ufer haftet nicht f\u00fcr die leicht fahrl\u00e4ssige Verletzung anderer als der in den vorstehenden S\u00e4tzen genannten Pflichten. Die vorstehenden Haftungsbeschr\u00e4nkungen gelten nicht bei Verletzung von Leben, K\u00f6rper und Gesundheit f\u00fcr ein Mangel nach \u00dcbernahme einer Garantie, f\u00fcr die Beschaffenheit des Produktes und bei arglistig verschwiegenen M\u00e4ngeln. Die Haftung nach dem Produkthaftungsgesetz bleibt unber\u00fchrt. Soweit die Haftung des Verk\u00e4ufers ausgeschlossen oder beschr\u00e4nkt ist, gilt dies auch f\u00fcr die pers\u00f6nliche Haftung von Arbeitnehmern, Vertretern und Erf\u00fcllungsgehilfen.<\/li>\n<\/ol>\n\n\n\n<h4 class=\"wp-block-heading\">Bezahlung<\/h4>\n\n\n\n<ol class=\"wp-block-list\" start=\"5\">\n<li>Der Kauf verpflichtet zur Abnahme und Bezahlung. Mit dem Kauf geht die Gefahr f\u00fcr etwaige Verluste, Besch\u00e4digungen, Verwechslungen etc. auf den K\u00e4ufer \u00fcber. Der K\u00e4ufer wird verpflichtet, die Kaufsache innerhalb von zehn Werktagen in den Gesch\u00e4ftsr\u00e4umen des Verk\u00e4ufers abzuholen, ansonsten ger\u00e4t der K\u00e4ufer in Annahmeverzug. Der Verk\u00e4ufer lagert die Kaufsache in diesem Fall auf Kosten des K\u00e4ufers bei einer Spedition ein. Im \u00fcbrigen ist der Verk\u00e4ufer nicht verpflichtet, die Kaufsache vor vollst\u00e4ndiger Bezahlung aller vom K\u00e4ufer geschuldeten Betr\u00e4ge an den K\u00e4ufer bzw. den von ihm beauftragten Spediteur herauszugeben.<\/li>\n\n\n\n<li>Der Kaufpreis setzt sich zusammen aus dem Limitpreis, dem Aufgeld von 26% und der auf den Limitpreis und das Aufgeld erhobenen Mehrwertsteuer in der jeweils gesetzlichen H\u00f6he (Regelbesteuerung) oder aus der Limitpreis und dem Aufgeld von 33% inklusive MwSt., die nicht ausweisbar ist (Differenzbesteuerung). Nicht besonders gekennzeichnete Kaufsachen werden grunds\u00e4tzlich differenzbesteuert, besonders gekennzeichnete Kaufsachen werden regelbesteuert. Au\u00dferdem ist vom K\u00e4ufer ein Anteil an der vom Verk\u00e4ufer zur Abgeltung des gesetzlichen Folgerechts (\u00a7 26 UrhG) zu entrichtenden Abgabe an die Verwertungsgesellschaft Bild-Kunst in H\u00f6he von 1,5% des Limitpreises zu bezahlen, wenn es sich um ein Originalwerk der Bildenden Kunst handelt, dessen Urheber Mitglied der VG Bild-Kunst ist.<\/li>\n\n\n\n<li>Ausfuhrlieferungen sind von der Mehrwertsteuer befreit, innerhalb des EU-Auslands jedoch nur bei Unternehmen mit Umsatzsteueridentifikationsnummer. Sobald der Ausfuhrnachweis erbracht ist, wird dem ausl\u00e4ndischen Kunden die Mehrwertsteuer verg\u00fctet. Um etwaige beh\u00f6rdliche Genehmigung, die die Ausfuhr betreffen, muss sich der K\u00e4ufer bem\u00fchen.<\/li>\n\n\n\n<li>Der Kaufpreis, d.h. der Endpreis (Limitpreis + Aufgeld+ bzw. inkl. MwSt. + anteiliges Folgerecht) ist f\u00e4llig mit dem Kauf. Pers\u00f6nlich anwesende K\u00e4ufer haben den Endpreis sofort in Euro an den Verk\u00e4ufer zu entrichten. Wahlweise wird Bargeld, EC-Karte oder Kreditkarte (Amex, Diners, MasterCard oder VISA bis zu einem Endpreis von EURO 5.000 zuz\u00fcglich einer Geb\u00fchr von 3,0%) akzeptiert. Bei sp\u00e4terer Abholung kann der Betrag auch per Bank\u00fcberweisung bezahlt werden. Zahlungen ausw\u00e4rtiger K\u00e4ufer, die schriftlich, per Email oder telefonisch gekauft haben, sind binnen 10 Tagen nach Rechnungsstellung f\u00e4llig.<\/li>\n\n\n\n<li>Ger\u00e4t der K\u00e4ufer mit der Abnahme der Erwerbung oder Zahlung des Kaufpreises in Verzug, kann der Verk\u00e4ufer wahlweise entweder Erf\u00fcllung des Kaufvertrages oder Schadenersatz wegen Nichterf\u00fcllung verlangen. Der K\u00e4ufer ger\u00e4t zehn Tage nach Rechnungstellung in Verzug. Verlangt der Verk\u00e4ufer Erf\u00fcllung, steht ihm neben dem Kaufpreis der Verzugsschaden zu. Dazu geh\u00f6ren auch ein etwaiger W\u00e4hrungsverlust, der Zinsverlust sowie der Kostenaufwand f\u00fcr die Rechtsverfolgung. Verlangt der Verk\u00e4ufer Schadenersatz wegen Nichterf\u00fcllung, so ist er berechtigt, die Kaufsache bei Gelegenheit noch einmal zu versteigern oder zu verkaufen. Mit dem Zuschlag oder zweiten Kauf erl\u00f6schen die Rechte des K\u00e4ufers aus dem fr\u00fcheren Kauf. Der K\u00e4ufer haftet f\u00fcr jeden Ausfall, hat keinen Anspruch auf einen Mehrerl\u00f6s und wird zu einer Wiederversteigerung nicht zugelassen.<\/li>\n<\/ol>\n\n\n\n<h4 class=\"wp-block-heading\">Abholung<\/h4>\n\n\n\n<ol class=\"wp-block-list\" start=\"10\">\n<li>Die Objekte im Nachverkauf werden erst nach geleisteter Bezahlung herausgegeben. Geht eine Zahlung nicht rechtzeitig ein, so haftet der K\u00e4ufer f\u00fcr alle hieraus entstehenden Sch\u00e4den. Eine Stundung wird nicht gew\u00e4hrt. Bei Zahlungsverzug werden die bei der Hausbank des Verk\u00e4ufers \u00fcblichen Bankzinsen f\u00fcr einen \u00dcberziehungskredit berechnet. Der Nachweis eines geringeren Schadens bleibt dem K\u00e4ufer vorbehalten.<\/li>\n\n\n\n<li>Der Verk\u00e4ufer lagert alle Objekte nach Ablauf von zehn Werktagen ab Abschluss des Kaufvertrags ein. Danach ist er berechtigt, verkaufte, nicht abgeholte Objekte im Namen und auf Rechnung des K\u00e4ufers und auf dessen Gefahr bei einer Spedition einlagern zu lassen. F\u00fcr Gegenst\u00e4nde, die im Lager des Auktionshauses untergebracht werden, erhebt der Versteigerer nach der genannten Frist eine Geb\u00fchr von 10 Euro pro Woche pro Objekt.<\/li>\n\n\n\n<li>Der K\u00e4ufer kann wahlweise die ersteigerten Objekte pers\u00f6nlich abholen oder durch eine schriftlich bevollm\u00e4chtigte Person abholen lassen, der K\u00e4ufer kann eine Spedition beauftragen oder den Verk\u00e4ufer schriftlich bevollm\u00e4chtigen, den Transport des Gegenstandes im Namen, auf Kosten und Gefahr des K\u00e4ufers durch eine\u00a0Spedition sachgerecht durchf\u00fchren zu lassen. Bei Letzterem erm\u00e4chtigt der K\u00e4ufer den Verk\u00e4ufer, dem Spediteur &#8211; allein zur Durchf\u00fchrung des Transportes und der Abwicklung des Kaufes &#8211; die hierf\u00fcr erforderlichen Daten mitzuteilen.<\/li>\n<\/ol>\n\n\n\n<h4 class=\"wp-block-heading\">Geldw\u00e4schegesetz (GwG) und Schlussbestimmungen<\/h4>\n\n\n\n<ol class=\"wp-block-list\" start=\"13\">\n<li>Nach dem Geldw\u00e4schegesetz (GwG) ist der Verk\u00e4ufer dazu verpflichtet, den Bieter\/K\u00e4ufer bzw. den an einem Erwerb Interessierten sowie ggf. einen f\u00fcr diesen auftretenden Vertreter und den \u201cwirtschaftlich Berechtigten\u201d i.S.v. \u00a7 3 GwG zur Auftragsdurchf\u00fchrung zu identifizieren und die erhobenen Angaben und eingeholten Informationen aufzuzeichnen und aufzubewahren. Der Bieter\/K\u00e4ufer ist hierbei zur Mitwirkung verpflichtet, insbesondere zur Vorlage der erforderlichen Legitimationspapiere (Personalausweis). Der Verk\u00e4ufer ist berechtigt, unter Beachtung der datenschutzrechtlichen Bestimmungen, eine Kopie\/einen Scan\/eine Bilddatei der genannten Dokumente anzufertigen. Bei juristischen Personen oder Personengesellschaften ist der Auszug aus dem Handels- oder Genossenschaftsregister, einem vergleichbaren amtlichen Register oder Verzeichnis anzufordern. Der Bieter\/Erwerber bzw. an dem Erwerb Interessierte versichert, dass die von ihm zu diesem Zweck vorgelegten Legitimationspapiere und erteilten Ausk\u00fcnfte zutreffend sind und er, bzw. der von ihm Vertretene \u201cwirtschaftlich Berechtigter\u201d nach \u00a7 3 GwG ist.  <\/li>\n\n\n\n<li>Die vom K\u00e4ufer angegebenen Daten werden in der Kundendatei der Firma Quittenbaum Kunstauktionen GmbH zur Durchf\u00fchrung \/ Abwicklung der erteilten Auftr\u00e4ge, f\u00fcr etwaige R\u00fcckfragen und zur Kundenpflege gespeichert und im Rahmen der gesetzlichen Vorschriften (insbesondere Bundesdatenschutzgesetz) behandelt. Der K\u00e4ufer kann der Nutzung seiner personenbezogenen Daten zu Marketingzwecken jederzeit sowie der Datenverarbeitung seiner Daten nach Abwicklung des Kaufes f\u00fcr die Zukunft durch eine formlose Mitteilung auf dem Postweg an Firma Quittenbaum Kunstauktionen GmbH, Theresienstra\u00dfe 60, 80333 M\u00fcnchen oder durch eine E-Mail an info@quittenbaum.de widersprechen.<\/li>\n\n\n\n<li>In den Gesch\u00e4ftsr\u00e4umen haftet jeder Besucher \u2013 insbesondere bei Besichtigungen \u2013 f\u00fcr jeden von ihm verschuldeten Schaden.<\/li>\n\n\n\n<li>Es gilt ausschlie\u00dflich deutsches Recht.<\/li>\n\n\n\n<li>Erf\u00fcllungsort und Gerichtsstand sind, soweit sie vereinbart werden k\u00f6nnen, M\u00fcnchen.<\/li>\n\n\n\n<li>Sollte eine oder mehrere Bestimmungen dieser Bedingungen f\u00fcr den Nachverkauf unwirksam sein oder werden, bleibt die G\u00fcltigkeit der \u00fcbrigen Bestimmungen davon unber\u00fchrt.<\/li>\n\n\n\n<li>Soweit die Bedingungen f\u00fcr den Nachverkauf in mehreren Sprachen vorliegen, ist stets die deutsche Fassung ma\u00dfgebend.<\/li>\n<\/ol>\n\n\n\n<p><strong><a href=\"\/media\/pdf\/Formulare\/Widerrufsbelehrung%202022%20DE.pdf\">Widerrufsbelehrung<\/a><\/strong><\/p>\n\n\n\n<p><strong><a href=\"\/media\/pdf\/Formulare\/Widerrufformular%202020.pdf\">Widerrufsformular<\/a><\/strong><\/p>\n<\/div><\/div>\n\n\n\n<p><\/p>\n","protected":false},"excerpt":{"rendered":"<p>Der Kauf setzt die bedingungslose Annahme der folgenden Verkaufsbedingungen voraus: Allgemeines Besichtigung, Katalogangaben und Haftung des Auktionators Bezahlung Abholung Geldw\u00e4schegesetz (GwG) und Schlussbestimmungen Widerrufsbelehrung Widerrufsformular [&#8230;]<\/p>\n<p><a class=\"btn btn-ppc understrap-read-more-link\" href=\"https:\/\/www.quittenbaum.de\/de\/kaufen\/agb-nachverkauf\/\">Weiterlesen&#8230;<\/a><\/p>\n","protected":false},"author":1,"featured_media":0,"parent":99,"menu_order":0,"comment_status":"closed","ping_status":"closed","template":"page-templates\/fullwidthpage.php","meta":{"footnotes":""},"class_list":["post-176","page","type-page","status-publish","hentry"],"_links":{"self":[{"href":"https:\/\/www.quittenbaum.de\/de\/wp-json\/wp\/v2\/pages\/176","targetHints":{"allow":["GET"]}}],"collection":[{"href":"https:\/\/www.quittenbaum.de\/de\/wp-json\/wp\/v2\/pages"}],"about":[{"href":"https:\/\/www.quittenbaum.de\/de\/wp-json\/wp\/v2\/types\/page"}],"author":[{"embeddable":true,"href":"https:\/\/www.quittenbaum.de\/de\/wp-json\/wp\/v2\/users\/1"}],"replies":[{"embeddable":true,"href":"https:\/\/www.quittenbaum.de\/de\/wp-json\/wp\/v2\/comments?post=176"}],"version-history":[{"count":20,"href":"https:\/\/www.quittenbaum.de\/de\/wp-json\/wp\/v2\/pages\/176\/revisions"}],"predecessor-version":[{"id":7375,"href":"https:\/\/www.quittenbaum.de\/de\/wp-json\/wp\/v2\/pages\/176\/revisions\/7375"}],"up":[{"embeddable":true,"href":"https:\/\/www.quittenbaum.de\/de\/wp-json\/wp\/v2\/pages\/99"}],"wp:attachment":[{"href":"https:\/\/www.quittenbaum.de\/de\/wp-json\/wp\/v2\/media?parent=176"}],"curies":[{"name":"wp","href":"https:\/\/api.w.org\/{rel}","templated":true}]}}