{"id":168,"date":"2020-08-25T23:55:38","date_gmt":"2020-08-25T21:55:38","guid":{"rendered":"https:\/\/www.quittenbaum.de\/?page_id=168"},"modified":"2022-02-05T10:22:41","modified_gmt":"2022-02-05T09:22:41","slug":"kuenstler","status":"publish","type":"page","link":"https:\/\/www.quittenbaum.de\/de\/kuenstler\/","title":{"rendered":"Index K\u00fcnstler | Designer"},"content":{"rendered":"\n<h2 class=\"wp-block-heading\" id=\"uberblick-uber-designer-und-kunstler-in-unseren-auktionen\">\u00dcberblick \u00fcber Designer und K\u00fcnstler in unseren Auktionen<\/h2>\n","protected":false},"excerpt":{"rendered":"<p>\u00dcberblick \u00fcber Designer und K\u00fcnstler in unseren Auktionen [&#8230;]<\/p>\n<p><a class=\"btn btn-ppc understrap-read-more-link\" href=\"https:\/\/www.quittenbaum.de\/de\/kuenstler\/\">Weiterlesen&#8230;<\/a><\/p>\n","protected":false},"author":1,"featured_media":0,"parent":0,"menu_order":0,"comment_status":"closed","ping_status":"closed","template":"page-templates\/artists.php","meta":{"footnotes":""},"class_list":["post-168","page","type-page","status-publish","hentry"],"_links":{"self":[{"href":"https:\/\/www.quittenbaum.de\/de\/wp-json\/wp\/v2\/pages\/168","targetHints":{"allow":["GET"]}}],"collection":[{"href":"https:\/\/www.quittenbaum.de\/de\/wp-json\/wp\/v2\/pages"}],"about":[{"href":"https:\/\/www.quittenbaum.de\/de\/wp-json\/wp\/v2\/types\/page"}],"author":[{"embeddable":true,"href":"https:\/\/www.quittenbaum.de\/de\/wp-json\/wp\/v2\/users\/1"}],"replies":[{"embeddable":true,"href":"https:\/\/www.quittenbaum.de\/de\/wp-json\/wp\/v2\/comments?post=168"}],"version-history":[{"count":5,"href":"https:\/\/www.quittenbaum.de\/de\/wp-json\/wp\/v2\/pages\/168\/revisions"}],"predecessor-version":[{"id":4481,"href":"https:\/\/www.quittenbaum.de\/de\/wp-json\/wp\/v2\/pages\/168\/revisions\/4481"}],"wp:attachment":[{"href":"https:\/\/www.quittenbaum.de\/de\/wp-json\/wp\/v2\/media?parent=168"}],"curies":[{"name":"wp","href":"https:\/\/api.w.org\/{rel}","templated":true}]}}