{"id":164,"date":"2020-08-25T23:49:01","date_gmt":"2020-08-25T21:49:01","guid":{"rendered":"https:\/\/www.quittenbaum.de\/?page_id=164"},"modified":"2025-03-03T10:58:52","modified_gmt":"2025-03-03T09:58:52","slug":"infos-fuer-kaeufer","status":"publish","type":"page","link":"https:\/\/www.quittenbaum.de\/de\/kaufen\/infos-fuer-kaeufer\/","title":{"rendered":"Infos f\u00fcr K\u00e4ufer"},"content":{"rendered":"\n<h4 class=\"wp-block-heading\">Kaufen bei Quittenbaum<\/h4>\n\n\n\n<p><strong>Noch nie war es so leicht, an einer Auktion teilzunehmen und auf ein Kunstwerk zu bieten<\/strong>! In den folgenden Punkten erkl\u00e4ren wir Ihnen die M\u00f6glichkeiten, die Ihnen zur Verf\u00fcgung stehen, wenn Sie einer Auktion teilnehmen m\u00f6chten: das Saalbieten, Bieten am Telefon, die Abgabe eines schriftlichen Gebotes und das Online-Bieten \u00fcber unsere eigene Online-Live-Bieten-Plattform auf unserer Website.  <\/p>\n\n\n\n<p>Doch bevor es losgeht, k\u00f6nnen Sie sich ausf\u00fchrlich \u00fcber die Kunstwerke und Objekte informieren, die wir in unseren Auktionen anbieten. <strong>Alle Lose einer Auktion finden Sie auf unserer Website<\/strong>. Zu den Informationen, die wir Ihnen an die Hand geben, geh\u00f6ren eine Beschreibung mit Ma\u00dfangaben, Material  und Datierung sowie die Angabe eines unteren und oberen Sch\u00e4tzpreises. Jedes Kunstwerk und jedes Objekt stellen wir in einer Hauptansicht und mehreren Detailfotos vor.<\/p>\n\n\n\n<p>Wenn Sie ein Kundenkonto bei Quittenbaum anlegen, dann k\u00f6nnen Sie \u00fcber unsere Website eine Merkliste von Objekten anlegen oder unsere Experten kontaktieren, die Ihnen auf Wunsch einen genauen Zustandsbericht geben und Detailfotos zuschicken. <\/p>\n\n\n\n<p>Wenn Sie ein ernsthaftes Kaufinteresse haben und Gebote \u00fcber unsere Website abgeben m\u00f6chten, m\u00fcssen Sie Ihr Kundenkonto verifizieren. Wir fragen dazu Ihre Adresse ab und bitten Sie, eine Kreditkartennummer zu hinterlegen. <\/p>\n\n\n\n<div style=\"height:50px\" aria-hidden=\"true\" class=\"wp-block-spacer\"><\/div>\n\n\n\n<div class=\"wp-block-pb-accordion-item c-accordion__item js-accordion-item no-js\" data-initially-open=\"false\" data-click-to-close=\"true\" data-auto-close=\"true\" data-scroll=\"true\" data-scroll-offset=\"80\"><h4 id=\"at-1640\" class=\"c-accordion__title js-accordion-controller\" role=\"button\">Bieten<\/h4><div id=\"ac-1640\" class=\"c-accordion__content\">\n<h4 class=\"wp-block-heading\">Saalbieten<\/h4>\n\n\n\n<p>Unsere Auktionen finden in unserem Showroom in der Theresienstra\u00dfe 60 statt. Wenn Sie vor Ort mitsteigern m\u00f6chten, ben\u00f6tigen Sie eine <strong>Bieternummer<\/strong>. Diese wird vor der Auktion von unserer Buchhaltung ausgegeben. Neukunden m\u00fcssen bitte Ihren <strong>Personalausweis<\/strong> mitbringen. <\/p>\n\n\n\n<h4 class=\"wp-block-heading\">Live Bieten \u00fcber die Quittenbaum Website<\/h4>\n\n\n\n<p>\u00dcber unseren Service <strong>&#8218;Quittenbaum Live Bieten&#8216; <\/strong>k\u00f6nnen Sie den Auktionsverlauf in Echtzeit am Computer, am Tablet oder Smartphone verfolgen. Wenn Sie \u00fcber unsere Website live mitbieten wollen, m\u00fcssen Sie ein verifiziertes Kundenkonto haben und Sie  m\u00fcssen sich vorab f\u00fcr die jeweilige Auktion registrieren. Weitere Informationen finden Sie <a href=\"https:\/\/www.quittenbaum.de\/de\/kaufen\/quittenbaum-live\/\">hier<\/a>. <\/p>\n\n\n\n<h4 class=\"wp-block-heading\">Online Live Bieten \u00fcber andere Plattformen<\/h4>\n\n\n\n<p>Quittenbaum kooperiert mit diversen internationalen Online-Plattformen, die unsere Auktionen live \u00fcbertragen. Die Links zu den Auktionsplattformen finden Sie auf unserer Homepage. Klicken Sie entweder auf den Button&nbsp;<strong>\u201aMitbieten bei liveauctioneers.com\u2019<\/strong>&nbsp;oder&nbsp;<strong>\u201aMitbieten bei invaluable.com\u2019<\/strong>&nbsp;oder&nbsp;<strong>&#8218;Mitbieten bei drouot.com&#8216;<\/strong>. Registrieren Sie sich bitte rechtzeitig, mindestens 24 Stunden vor Auktionsbeginn. Merken Sie sich Ihre Passw\u00f6rter, da diese f\u00fcr kommende Auktionen ihre G\u00fcltigkeit behalten. Ihre Gebote werden im Saal durch einen Mitarbeiter am Computer angenommen und an den Auktionator weitergegeben. Beachten Sie, dass das Aufgeld bei externe Plattformen h\u00f6her ausf\u00e4llt als beim Live-bieten \u00fcber unsere Website.<\/p>\n\n\n\n<h4 class=\"wp-block-heading\">Gebot abgeben <\/h4>\n\n\n\n<p><strong>Online<\/strong>: Sobald die Lose einer Auktion auf unserer Homepage online zu sehen sind, haben Sie die M\u00f6glichkeit, Gebote auf Kunstwerke und Objekte abzugeben oder sich als Telefonbieter anzumelden. Auch f\u00fcr diese Art des Bietens ist Voraussetzung, dass Sie ein verifiziertes Kundenkonto haben. Klicken Sie auf &#8218;Gebot abgeben&#8216;, tragen Sie Ihr Gebot ein, akzeptieren Sie die AGBs. Sie erhalten umgehend eine E-mail mit einer Best\u00e4tigung. Sie k\u00f6nnen sich auch f\u00fcr das Telefonbieten entscheiden. Dazu tragen Sie bitte Ihre Telefonummer in das daf\u00fcr vorgesehene Feld ein.<br>Achtung: Die Abgabe und \u00c4nderung von Geboten \u00fcber den Online-Zugang ist nur bis sechs Stunden vor Auktionsbeginn m\u00f6glich.<\/p>\n\n\n\n<p><strong>Mit Gebotsformular<\/strong>: Die Abgabe von schriftlichen Geboten kann auch \u00fcber das&nbsp;Gebotsformular&nbsp;erfolgen. Dieses l\u00e4sst sich von der Homepage herunterladen und ausdrucken. Gebotsformulare sind au\u00dferdem im Auktionshaus erh\u00e4ltlich und liegen den gedruckten Katalogen bei. Tragen Sie die Auktionsnummer, die Katalognummer, den Titel des Objektes, Ihr H\u00f6chstgebot und nat\u00fcrlich Ihre pers\u00f6nlichen Daten ein. Senden Sie uns das Formular per Post oder E-Mail zu oder auch als Fax. Ein Zuschlag kann unter dem von Ihnen vermerkten Betrag erfolgen, da dieser nur soweit genutzt wird, als es konkurrierende Gebote erforderlich machen.<\/p>\n\n\n\n<div class=\"wp-block-buttons is-layout-flex wp-block-buttons-is-layout-flex\">\n<div class=\"wp-block-button\"><a class=\"wp-block-button__link wp-element-button\" href=\"https:\/\/www.quittenbaum.de\/media\/pdf\/Formulare\/Gebotsformular_bidform_blanko_2023.pdf\">Gebotsformular<svg xmlns=\"http:\/\/www.w3.org\/2000\/svg\" height=\"903.5155\" width=\"784.68573\" version=\"1.1\" viewBox=\"0 0 784.68573 903.5155\" id=\"svg2\"><g transform=\"rotate(-29.836465,228.90704,841.06274)\" id=\"g827\"><g id=\"g818\"><path class=\"triangle-svg\" d=\"M 2.4743595,780.10472 H 901.47436\" id=\"path2997\" \/><path class=\"triangle-svg\" d=\"m 452.46439,2.0247035 449.5,778.5609765\" id=\"path2997-4\" \/><path class=\"triangle-svg\" d=\"M 451.51435,2.0247035 2.0143504,780.58568\" id=\"path2997-4-5\" \/><\/g><path class=\"triangle-svg\" d=\"m 8.6677225,775.98837 c 0,-2.20985 442.0724275,-766.6153281 443.3504475,-766.6153281 1.26583,0 443.38324,764.4588581 443.38324,766.6475881 0,0.54998 -199.51508,0.99996 -443.36685,0.99996 -243.85176,0 -443.3668375,-0.46449 -443.3668375,-1.03222 z\" id=\"path820\" \/><\/g><\/svg><\/a> <\/div>\n<\/div>\n\n\n\n<div style=\"height:15px\" aria-hidden=\"true\" class=\"wp-block-spacer\"><\/div>\n\n\n\n<h4 class=\"wp-block-heading\">Telefonbieten<\/h4>\n\n\n\n<p>Wenn Sie auf dem ausgef\u00fcllten Gebotsformular \u201eBieten per Telefon\u201c vermerken und Ihre Telefonnummer (am besten auch eine alternative Telefonnummer) hinterlassen, unter der Sie w\u00e4hrend der Auktion erreichbar sind, rufen wir Sie gerne einige Minuten, bevor das von Ihnen gew\u00fcnschte Kunstwerk aufgerufen wird, an. Sie k\u00f6nnen sich als Telefobieter auch \u00fcber unsere Website anmelden, in dem Sie bei dem gew\u00fcnschten Objekt auf &#8218;Gebot abgeben&#8216; klicken und sich dann f\u00fcr &#8218;Telefonbieten&#8216; entscheiden und Ihre Nummer hinterlassen.<\/p>\n<\/div><\/div>\n\n\n\n<div class=\"wp-block-pb-accordion-item c-accordion__item js-accordion-item no-js\" data-initially-open=\"false\" data-click-to-close=\"true\" data-auto-close=\"true\" data-scroll=\"true\" data-scroll-offset=\"80\"><h4 id=\"at-1641\" class=\"c-accordion__title js-accordion-controller\" role=\"button\">Am Auktionstag<\/h4><div id=\"ac-1641\" class=\"c-accordion__content\">\n<p>Der Auktionator ruft ein Objekt meist bis zu 20% unterhalb des Sch\u00e4tzpreises auf, es sei denn, dass ihm bereits h\u00f6here schriftliche Gebote vorliegen. Gesteigert wird in der Regel in 10 %-Schritten. Bei Quittenbaum Kunstauktionen f\u00e4llt im klassischen Sinne der Hammer. Der Zuschlag erfolgt, wenn nach dreimaligem Aufruf eines Gebotes kein h\u00f6heres abgegeben wird.<\/p>\n\n\n\n<p>Gebote unterhalb des vom Einlieferer gew\u00fcnschten Mindestpreises kann der Versteigerer&nbsp;<strong>unter Vorbehalt<\/strong>&nbsp;annehmen. Der Bieter ist in diesem Falle vier Wochen an sein Gebot gebunden. Ist der Einlieferer einverstanden, kommt der Kauf zustande.<\/p>\n<\/div><\/div>\n\n\n\n<div class=\"wp-block-pb-accordion-item c-accordion__item js-accordion-item no-js\" data-initially-open=\"false\" data-click-to-close=\"true\" data-auto-close=\"true\" data-scroll=\"true\" data-scroll-offset=\"80\"><h4 id=\"at-1642\" class=\"c-accordion__title js-accordion-controller\" role=\"button\">Zahlung<\/h4><div id=\"ac-1642\" class=\"c-accordion__content\">\n<p>Ersteigerte Objekte k\u00f6nnen bereits w\u00e4hrend der Auktion bezahlt und mitgenommen werden. Sie k\u00f6nnen die Rechnung&nbsp;<strong>bar, per EC-Karte<\/strong>&nbsp;oder&nbsp;<strong>bis 5.000\u20ac per Kreditkarte (American Express, Diners Club, MasterCard oder VISA)<\/strong>&nbsp;begleichen. Bitte beachten Sie, dass f\u00fcr die Kreditkartenzahlung eine&nbsp;<strong>Geb\u00fchr in H\u00f6he von 3,0%<\/strong>&nbsp;anf\u00e4llt. Bei sp\u00e4terer Abholung der Ware ist auch eine \u00dcberweisung m\u00f6glich. Bitte denken Sie daran, dass wir ein&nbsp;<strong>Aufgeld<\/strong>&nbsp;erheben. Der ausgewiesene Kaufpreis setzt sich zusammen aus der Zuschlagsumme und dem&nbsp;<strong>Aufgeld von 33%. inkl. MwSt.<\/strong>&nbsp;Bitte beachten Sie, dass das Aufgeld bei externen Auktions-Plattformen h\u00f6her ausfallen kann.<\/p>\n\n\n\n<p><strong>Ausgewiesene Mehrwertsteuer<\/strong>. Auf Wunsch weisen wir die MwSt. extra aus. Dann bel\u00e4uft sich das Aufgeld auf 26% und die MwSt. wird auf die Summe von Zuschlag und Aufgeld erhoben. Wenn die Ausfuhr in ein Nicht-EU-Land nachgewiesen wird, bzw. der K\u00e4ufer Kunsth\u00e4ndler aus einem EU-Nachbarland mit einer g\u00fcltigen USt.-ID-Nr. ist, so ist der Verkauf von der MwSt. befreit. <\/p>\n\n\n\n<p>Arbeiten der Bildenden Kunst des 20. Jahrhunderts k\u00f6nnen mit einem Beitrag zum Folgerecht in H\u00f6he von 1,5% (zuz\u00fcglich MwSt.) belegt sein.<\/p>\n<\/div><\/div>\n\n\n\n<div class=\"wp-block-pb-accordion-item c-accordion__item js-accordion-item no-js\" data-initially-open=\"false\" data-click-to-close=\"true\" data-auto-close=\"true\" data-scroll=\"true\" data-scroll-offset=\"80\"><h4 id=\"at-1643\" class=\"c-accordion__title js-accordion-controller\" role=\"button\">Abholung oder Versand<\/h4><div id=\"ac-1643\" class=\"c-accordion__content\">\n<p>Nach der Auktion teilen Sie uns bitte mit, ob Sie Selbstabholer sind, Ihre eigene Spedition beauftragen m\u00f6chten oder den Versand durch eine unserer Partnerspeditionen w\u00fcnschen. Hier geht es zu den <a href=\"https:\/\/www.quittenbaum.de\/de\/kaufen\/versandinformation\/\">Versandinformationen<\/a>. <br>Der Versteigerer ist berechtigt, nach Ablauf von zehn Werktagen nach der Auktion verkaufte, nicht abgeholte Gegenst\u00e4nde im Namen und auf Rechnung des K\u00e4ufers und auf dessen Gefahr bei einer Spedition einlagern zu lassen. F\u00fcr Gegenst\u00e4nde, die im Lager des Auktionshauses untergebracht werden, erhebt der Versteigerer nach der genannten Frist eine Geb\u00fchr von 10 Euro pro Woche pro Gegenstand.<\/p>\n<\/div><\/div>\n\n\n\n<div class=\"wp-block-pb-accordion-item c-accordion__item js-accordion-item no-js\" data-initially-open=\"false\" data-click-to-close=\"true\" data-auto-close=\"true\" data-scroll=\"true\" data-scroll-offset=\"80\"><h4 id=\"at-1644\" class=\"c-accordion__title js-accordion-controller\" role=\"button\">Nachverkauf<\/h4><div id=\"ac-1644\" class=\"c-accordion__content\">\n<p>Nach der Auktion haben Sie&nbsp;<strong>vier Wochen<\/strong>&nbsp;lang die M\u00f6glichkeit, die Lose, die am Auktionstag nicht verkauft wurden, im so genannten&nbsp;<strong>Nachverkauf zum unteren Sch\u00e4tzpreis<\/strong>&nbsp;und dem Aufgeld von 33% inkl. MwSt. zu erwerben. Die Objekte sind ausgestellt und k\u00f6nnen zu den regul\u00e4ren \u00d6ffnungszeiten des Hauses begutachtet werden.<\/p>\n<\/div><\/div>\n\n\n\n<div class=\"wp-block-pb-accordion-item c-accordion__item js-accordion-item no-js\" data-initially-open=\"false\" data-click-to-close=\"true\" data-auto-close=\"true\" data-scroll=\"true\" data-scroll-offset=\"80\"><h4 id=\"at-1645\" class=\"c-accordion__title js-accordion-controller\" role=\"button\">Kontakt<\/h4><div id=\"ac-1645\" class=\"c-accordion__content\">\n<p>Bei Fragen rund um das Thema Bieten, Kaufen und Versand sind wir gerne behilflich unter <a href=\"tel:+498927370210\">+49 (0) 89-27 37 02 10<\/a> oder schreiben Sie uns eine E-Mail an: <a href=\"#\" class=\"cryptedmail\" data-name=\"info\" data-domain=\"quittenbaum\" data-tld=\"de\" onclick=\"window.location.href = 'mailto:' + this.dataset.name + '@' + this.dataset.domain + '.' + this.dataset.tld; return false;\"><\/a><\/p>\n<\/div><\/div>\n\n\n\n<div style=\"height:50px\" aria-hidden=\"true\" class=\"wp-block-spacer\"><\/div>\n\n\n<div class=\"wp-bootstrap-blocks-row row portfolio\">\n\t\n\n<div class=\"col-12 col-md-4\">\n\t\t\t<div class=\"h-100 bg-quittenbaum-fourth p-3\">\n\t\t\t\n<div class=\"wp-block-image\">\n<figure class=\"aligncenter size-medium\"><img loading=\"lazy\" decoding=\"async\" width=\"225\" height=\"300\" src=\"https:\/\/www.quittenbaum.de\/wp-content\/uploads\/2021\/01\/IMG_1141-1-225x300.jpg\" alt=\"\" class=\"wp-image-1229\" srcset=\"https:\/\/www.quittenbaum.de\/wp-content\/uploads\/2021\/01\/IMG_1141-1-225x300.jpg 225w, https:\/\/www.quittenbaum.de\/wp-content\/uploads\/2021\/01\/IMG_1141-1-768x1024.jpg 768w, https:\/\/www.quittenbaum.de\/wp-content\/uploads\/2021\/01\/IMG_1141-1-1152x1536.jpg 1152w, https:\/\/www.quittenbaum.de\/wp-content\/uploads\/2021\/01\/IMG_1141-1-1536x2048.jpg 1536w, https:\/\/www.quittenbaum.de\/wp-content\/uploads\/2021\/01\/IMG_1141-1-1440x1920.jpg 1440w, https:\/\/www.quittenbaum.de\/wp-content\/uploads\/2021\/01\/IMG_1141-1-576x768.jpg 576w, https:\/\/www.quittenbaum.de\/wp-content\/uploads\/2021\/01\/IMG_1141-1-scaled.jpg 1920w\" sizes=\"auto, (max-width: 225px) 100vw, 225px\" \/><\/figure>\n<\/div>\n\n\n<p class=\"has-text-align-center\">Zu den Auktionen ver\u00f6ffentlichen wir hochwertig gedruckte <strong>Kataloge<\/strong> mit erstklassigen Farbabbildungen. Die Kataloge k\u00f6nnen Sie einzeln oder als Abonnement schriftlich (online, per Fax oder Brief) bei uns bestellen.<\/p>\n\n\t\t<\/div>\n\t<\/div>\n\n\n\n<div class=\"col-12 col-md-4\">\n\t\t\t<div class=\"h-100 bg-quittenbaum-fourth p-3\">\n\t\t\t\n<div class=\"wp-block-image\">\n<figure class=\"aligncenter size-medium\"><img loading=\"lazy\" decoding=\"async\" width=\"225\" height=\"300\" src=\"https:\/\/www.quittenbaum.de\/wp-content\/uploads\/2021\/02\/Infos-fu\u0308r-Ka\u0308ufer-Vorbesichtigung-225x300.jpg\" alt=\"\" class=\"wp-image-1437\" srcset=\"https:\/\/www.quittenbaum.de\/wp-content\/uploads\/2021\/02\/Infos-fu\u0308r-Ka\u0308ufer-Vorbesichtigung-225x300.jpg 225w, https:\/\/www.quittenbaum.de\/wp-content\/uploads\/2021\/02\/Infos-fu\u0308r-Ka\u0308ufer-Vorbesichtigung-768x1024.jpg 768w, https:\/\/www.quittenbaum.de\/wp-content\/uploads\/2021\/02\/Infos-fu\u0308r-Ka\u0308ufer-Vorbesichtigung-1152x1536.jpg 1152w, https:\/\/www.quittenbaum.de\/wp-content\/uploads\/2021\/02\/Infos-fu\u0308r-Ka\u0308ufer-Vorbesichtigung-1536x2048.jpg 1536w, https:\/\/www.quittenbaum.de\/wp-content\/uploads\/2021\/02\/Infos-fu\u0308r-Ka\u0308ufer-Vorbesichtigung-1440x1920.jpg 1440w, https:\/\/www.quittenbaum.de\/wp-content\/uploads\/2021\/02\/Infos-fu\u0308r-Ka\u0308ufer-Vorbesichtigung-576x768.jpg 576w, https:\/\/www.quittenbaum.de\/wp-content\/uploads\/2021\/02\/Infos-fu\u0308r-Ka\u0308ufer-Vorbesichtigung.jpg 1920w\" sizes=\"auto, (max-width: 225px) 100vw, 225px\" \/><\/figure>\n<\/div>\n\n\n<p class=\"has-text-align-center\">Zu einer <strong>Vorbesichtigung<\/strong> der Kunstwerke und Objekte in unserem Showroom in der Theresienstra\u00dfe 60 in M\u00fcnchen laden wir ab donnerstags vor den jeweiligen Auktionen ein. Die Objekte werden dann zur pers\u00f6nlichen Begutachtung in unseren R\u00e4umen ausgestellt.<\/p>\n\n\t\t<\/div>\n\t<\/div>\n\n\n\n<div class=\"col-12 col-md-4\">\n\t\t\t<div class=\"h-100 bg-quittenbaum-fourth p-3\">\n\t\t\t\n<div class=\"wp-block-image\">\n<figure class=\"aligncenter size-medium\"><img loading=\"lazy\" decoding=\"async\" width=\"225\" height=\"300\" src=\"https:\/\/www.quittenbaum.de\/wp-content\/uploads\/2021\/01\/IMG_1146_Gebotsformular-225x300.jpg\" alt=\"\" class=\"wp-image-1233\" srcset=\"https:\/\/www.quittenbaum.de\/wp-content\/uploads\/2021\/01\/IMG_1146_Gebotsformular-225x300.jpg 225w, https:\/\/www.quittenbaum.de\/wp-content\/uploads\/2021\/01\/IMG_1146_Gebotsformular-768x1024.jpg 768w, https:\/\/www.quittenbaum.de\/wp-content\/uploads\/2021\/01\/IMG_1146_Gebotsformular-1152x1536.jpg 1152w, https:\/\/www.quittenbaum.de\/wp-content\/uploads\/2021\/01\/IMG_1146_Gebotsformular-1536x2048.jpg 1536w, https:\/\/www.quittenbaum.de\/wp-content\/uploads\/2021\/01\/IMG_1146_Gebotsformular-1440x1920.jpg 1440w, https:\/\/www.quittenbaum.de\/wp-content\/uploads\/2021\/01\/IMG_1146_Gebotsformular-576x768.jpg 576w, https:\/\/www.quittenbaum.de\/wp-content\/uploads\/2021\/01\/IMG_1146_Gebotsformular-scaled.jpg 1920w\" sizes=\"auto, (max-width: 225px) 100vw, 225px\" \/><\/figure>\n<\/div>\n\n\n<p class=\"has-text-align-center\">Sie k\u00f6nnen am <strong>Auktionstag<\/strong> nicht im Saal sein? Mit Quittenbaum live k\u00f6nnen Sie bequem von \u00fcberall auf der Welt online mitbieten. Oder Sie platzieren vor der Auktion ein schriftliches Gebot oder unsere Mitarbeiter rufen Sie zu Ihrem Wunsch-Los an.<\/p>\n\n\t\t<\/div>\n\t<\/div>\n\n<\/div>\n","protected":false},"excerpt":{"rendered":"<p>Kaufen bei Quittenbaum Noch nie war es so leicht, an einer Auktion teilzunehmen und auf ein Kunstwerk zu bieten! In den folgenden Punkten erkl\u00e4ren wir Ihnen die M\u00f6glichkeiten, die Ihnen zur Verf\u00fcgung stehen, wenn Sie einer Auktion teilnehmen m\u00f6chten: das Saalbieten, Bieten am Telefon, die Abgabe eines schriftlichen Gebotes und das Online-Bieten \u00fcber unsere eigene [&#8230;]<\/p>\n<p><a class=\"btn btn-ppc understrap-read-more-link\" href=\"https:\/\/www.quittenbaum.de\/de\/kaufen\/infos-fuer-kaeufer\/\">Weiterlesen&#8230;<\/a><\/p>\n","protected":false},"author":1,"featured_media":3709,"parent":99,"menu_order":0,"comment_status":"closed","ping_status":"closed","template":"page-templates\/fullwidthpage.php","meta":{"footnotes":""},"class_list":["post-164","page","type-page","status-publish","has-post-thumbnail","hentry"],"_links":{"self":[{"href":"https:\/\/www.quittenbaum.de\/de\/wp-json\/wp\/v2\/pages\/164","targetHints":{"allow":["GET"]}}],"collection":[{"href":"https:\/\/www.quittenbaum.de\/de\/wp-json\/wp\/v2\/pages"}],"about":[{"href":"https:\/\/www.quittenbaum.de\/de\/wp-json\/wp\/v2\/types\/page"}],"author":[{"embeddable":true,"href":"https:\/\/www.quittenbaum.de\/de\/wp-json\/wp\/v2\/users\/1"}],"replies":[{"embeddable":true,"href":"https:\/\/www.quittenbaum.de\/de\/wp-json\/wp\/v2\/comments?post=164"}],"version-history":[{"count":86,"href":"https:\/\/www.quittenbaum.de\/de\/wp-json\/wp\/v2\/pages\/164\/revisions"}],"predecessor-version":[{"id":8288,"href":"https:\/\/www.quittenbaum.de\/de\/wp-json\/wp\/v2\/pages\/164\/revisions\/8288"}],"up":[{"embeddable":true,"href":"https:\/\/www.quittenbaum.de\/de\/wp-json\/wp\/v2\/pages\/99"}],"wp:featuredmedia":[{"embeddable":true,"href":"https:\/\/www.quittenbaum.de\/de\/wp-json\/wp\/v2\/media\/3709"}],"wp:attachment":[{"href":"https:\/\/www.quittenbaum.de\/de\/wp-json\/wp\/v2\/media?parent=164"}],"curies":[{"name":"wp","href":"https:\/\/api.w.org\/{rel}","templated":true}]}}